    {"id":6815,"date":"2022-07-04T11:27:56","date_gmt":"2022-07-04T14:27:56","guid":{"rendered":"https:\/\/techten.com.br\/?page_id=6815"},"modified":"2022-07-04T11:27:56","modified_gmt":"2022-07-04T14:27:56","slug":"quem-somos","status":"publish","type":"page","link":"https:\/\/techten.com.br\/bg\/quem-somos\/","title":{"rendered":"\u041a\u043e\u0438 \u0441\u043c\u0435 \u043d\u0438\u0435"},"content":{"rendered":"<p>\u0414\u043e\u0431\u0440\u0435 \u0434\u043e\u0448\u043b\u0438 \u0432 <strong>\u0422\u0435\u0445\u0422\u0435\u043d<\/strong>!<\/p>\n<p>\u041d\u0430\u0448\u0438\u044f\u0442 \u0431\u043b\u043e\u0433 \u0435 \u0441\u044a\u0437\u0434\u0430\u0434\u0435\u043d, \u0437\u0430 \u0434\u0430 \u0432\u0438 \u043f\u0440\u0435\u0434\u043e\u0441\u0442\u0430\u0432\u0438, \u0447\u0438\u0442\u0430\u0442\u0435\u043b\u0438\u0442\u0435, \u0438\u043d\u0444\u043e\u0440\u043c\u0430\u0446\u0438\u044f \u0438 \u0441\u044a\u0432\u0435\u0442\u0438 \u043f\u043e \u0442\u0435\u043c\u0438, \u0441\u0432\u044a\u0440\u0437\u0430\u043d\u0438 \u0441 \u0442\u0435\u0445\u043d\u043e\u043b\u043e\u0433\u0438\u0438, \u043a\u0440\u0435\u0434\u0438\u0442\u043d\u0438 \u043a\u0430\u0440\u0442\u0438, \u0437\u0430\u0435\u043c\u0438 \u0438 \u043c\u043d\u043e\u0433\u043e \u0434\u0440\u0443\u0433\u0438.<\/p>\n<p>\u041f\u043e\u0434\u0447\u0435\u0440\u0442\u0430\u0432\u0430\u043c\u0435, \u0447\u0435 <strong>\u041d\u0418\u0415 \u041d\u0415 \u041f\u0420\u0415\u0414\u041b\u0410\u0413\u0410\u041c\u0415<\/strong> \u0422\u0435\u0437\u0438 \u043f\u0440\u043e\u0434\u0443\u043a\u0442\u0438\/\u0443\u0441\u043b\u0443\u0433\u0438. \u041f\u0443\u0431\u043b\u0438\u043a\u0443\u0432\u0430\u043c\u0435 \u0441\u0430\u043c\u043e \u0435\u0436\u0435\u0434\u043d\u0435\u0432\u043d\u0438 \u0441\u0442\u0430\u0442\u0438\u0438 \u0441 \u0440\u0435\u0432\u044e\u0442\u0430, \u043d\u043e\u0432\u0438\u043d\u0438 \u0438 \u0438\u043d\u0442\u0435\u0440\u0435\u0441\u043d\u0438 \u0444\u0430\u043a\u0442\u0438 \u0437\u0430 \u0442\u044f\u0445.<\/p>\n<p>\u041e\u0441\u0432\u0435\u043d \u0442\u043e\u0432\u0430, <strong>\u0415\u043a\u0438\u043f\u044a\u0442 \u043d\u0430 TechTen \u041d\u0415 \u0438\u0437\u0438\u0441\u043a\u0432\u0430<\/strong> \u0414\u0435\u043f\u043e\u0437\u0438\u0442\u0438, \u043f\u0440\u0435\u0432\u043e\u0434\u0438 \u0438\u043b\u0438 \u043f\u043b\u0430\u0449\u0430\u043d\u0438\u044f \u043d\u0435 \u0441\u0435 \u0438\u0437\u0438\u0441\u043a\u0432\u0430\u0442 \u043a\u0430\u0442\u043e \u0443\u0441\u043b\u043e\u0432\u0438\u0435 \u0437\u0430 \u0441\u0438\u043c\u0443\u043b\u0430\u0446\u0438\u044f\u0442\u0430, \u043e\u0434\u043e\u0431\u0440\u0435\u043d\u0438\u0435\u0442\u043e \u0438\u043b\u0438 \u043f\u0443\u0441\u043a\u0430\u043d\u0435\u0442\u043e \u043d\u0430 \u043f\u0440\u043e\u0434\u0443\u043a\u0442\u0438 \u0438\u043b\u0438 \u0443\u0441\u043b\u0443\u0433\u0438, \u0441\u043f\u043e\u043c\u0435\u043d\u0430\u0442\u0438 \u0432 \u043d\u0430\u0448\u0438\u0442\u0435 \u043f\u0443\u0431\u043b\u0438\u043a\u0430\u0446\u0438\u0438.<\/p>\n<p>\u0421\u0447\u0438\u0442\u0430\u043c\u0435 \u0432\u0430\u0448\u0435\u0442\u043e \u043c\u043d\u0435\u043d\u0438\u0435 \u0437\u0430 \u043c\u043d\u043e\u0433\u043e \u0432\u0430\u0436\u043d\u043e \u0437\u0430 \u043f\u043e\u0434\u043e\u0431\u0440\u044f\u0432\u0430\u043d\u0435\u0442\u043e \u043d\u0430 \u043d\u0430\u0448\u0438\u044f \u0443\u0435\u0431\u0441\u0430\u0439\u0442, \u0442\u0430\u043a\u0430 \u0447\u0435 \u0430\u043a\u043e \u0438\u043c\u0430\u0442\u0435 \u0432\u044a\u043f\u0440\u043e\u0441\u0438, \u043f\u0440\u0435\u0434\u043b\u043e\u0436\u0435\u043d\u0438\u044f \u0438\u043b\u0438 \u0434\u043e\u0440\u0438 \u043e\u043f\u043b\u0430\u043a\u0432\u0430\u043d\u0438\u044f, \u043c\u043e\u043b\u044f, \u0441\u0432\u044a\u0440\u0436\u0435\u0442\u0435 \u0441\u0435 \u0441 \u043d\u0430\u0441 \u043f\u043e \u0438\u043c\u0435\u0439\u043b: <strong><a href=\"mailto:contato@vmvnews.com.br\">contact@vmvnews.com.br<\/a><\/strong> \u0438\u043b\u0438 \u0444\u043e\u0440\u043c\u0443\u043b\u044f\u0440\u0430, \u043f\u0440\u0435\u0434\u043e\u0441\u0442\u0430\u0432\u0435\u043d \u043f\u043e-\u0434\u043e\u043b\u0443.<\/p>\n<p><a href=\"https:\/\/techten.com.br\/bg\/contato\/\">\u0418\u0437\u043f\u0440\u0430\u0442\u0435\u0442\u0435 \u043d\u0438 \u0441\u044a\u043e\u0431\u0449\u0435\u043d\u0438\u0435<\/a>.<\/p>\n<p>&nbsp;\u0415\u043a\u0438\u043f\u044a\u0442&nbsp;<strong style=\"font-size: 14pt; color: var( --e-global-color-text );\">\u0422\u0435\u0445\u0422\u0435\u043d<\/strong>&nbsp;\u0411\u043b\u0430\u0433\u043e\u0434\u0430\u0440\u044f \u0432\u0438 \u0437\u0430 \u043f\u043e\u0441\u0435\u0449\u0435\u043d\u0438\u0435\u0442\u043e!<\/p>\n<p>\u0413\u043e\u043b\u044f\u043c\u0430 \u043f\u0440\u0435\u0433\u0440\u044a\u0434\u043a\u0430.<\/p>","protected":false},"excerpt":{"rendered":"<p>Bem-Vindo(a) ao TechTen! Nosso blog foi criado para trazer a voc\u00ea, leitor(a), informa\u00e7\u00f5es e dicas sobre conte\u00fados relacionados a tecnologia, cart\u00f5es de cr\u00e9dito, empr\u00e9stimos e muito mais. Ressaltamos que N\u00c3O OFERECEMOS esses produtos\/servi\u00e7os. Apenas publicamos diariamente artigos com an\u00e1lises, not\u00edcias e curiosidades sobre eles. Al\u00e9m disso, a Equipe TechTen N\u00c3O SOLICITA dep\u00f3sitos, transfer\u00eancias ou pagamentos, [&hellip;]<\/p>","protected":false},"author":0,"featured_media":0,"parent":0,"menu_order":0,"comment_status":"closed","ping_status":"closed","template":"","meta":{"footnotes":""},"_links":{"self":[{"href":"https:\/\/techten.com.br\/bg\/wp-json\/wp\/v2\/pages\/6815"}],"collection":[{"href":"https:\/\/techten.com.br\/bg\/wp-json\/wp\/v2\/pages"}],"about":[{"href":"https:\/\/techten.com.br\/bg\/wp-json\/wp\/v2\/types\/page"}],"replies":[{"embeddable":true,"href":"https:\/\/techten.com.br\/bg\/wp-json\/wp\/v2\/comments?post=6815"}],"version-history":[{"count":0,"href":"https:\/\/techten.com.br\/bg\/wp-json\/wp\/v2\/pages\/6815\/revisions"}],"wp:attachment":[{"href":"https:\/\/techten.com.br\/bg\/wp-json\/wp\/v2\/media?parent=6815"}],"curies":[{"name":"wp","href":"https:\/\/api.w.org\/{rel}","templated":true}]}}