    {"id":16537,"date":"2021-11-19T10:45:11","date_gmt":"2021-11-19T13:45:11","guid":{"rendered":"http:\/\/techten.com.br\/?page_id=3"},"modified":"2021-11-19T10:45:11","modified_gmt":"2021-11-19T13:45:11","slug":"politica-de-privacidade","status":"publish","type":"page","link":"https:\/\/techten.com.br\/de\/politica-de-privacidade\/","title":{"rendered":"Datenschutzrichtlinie"},"content":{"rendered":"<p>Es ist die Unternehmenspolitik von TechTen, Ihre Privatsph\u00e4re hinsichtlich aller Informationen zu respektieren, die wir von Ihnen auf der TechTen-Website und anderen Websites, die uns geh\u00f6ren und von uns betrieben werden, erfassen.<\/p>\n<p>Wir erfragen personenbezogene Daten nur dann, wenn dies unbedingt erforderlich ist, um Ihnen eine Dienstleistung anbieten zu k\u00f6nnen. Dabei handeln wir stets auf angemessene und rechtm\u00e4\u00dfige Weise, mit Ihrem Wissen und Ihrer Einwilligung. Wir informieren Sie au\u00dferdem dar\u00fcber, warum wir die Daten erheben und wie sie verwendet werden.<\/p>\n<p>Wir speichern die erhobenen Daten nur so lange, wie es zur Erbringung der angeforderten Dienstleistung erforderlich ist. Im Falle der Datenspeicherung sch\u00fctzen wir die Daten mit wirtschaftlich angemessenen Mitteln vor Verlust, Diebstahl sowie unbefugtem Zugriff, Offenlegung, Kopieren, Verwendung oder Ver\u00e4nderung.<\/p>\n<p>Wir geben personenbezogene Daten weder \u00f6ffentlich noch an Dritte weiter, au\u00dfer in gesetzlich vorgeschriebenen F\u00e4llen.<\/p>\n<p>Unsere Website kann Links zu externen Websites enthalten, die nicht von uns verwaltet werden. Daher weisen wir ausdr\u00fccklich darauf hin, dass wir die Inhalte und Praktiken dieser Websites nicht \u00fcberwachen und somit auch nicht f\u00fcr deren jeweilige Datenschutzrichtlinien verantwortlich sind.<\/p>\n<p>Sie haben das Recht, unsere Anfrage nach pers\u00f6nlichen Informationen abzulehnen, wohl wissend, dass wir Ihnen dann m\u00f6glicherweise einige der gew\u00fcnschten Dienstleistungen nicht anbieten k\u00f6nnen.<\/p>\n<p>Durch die regelm\u00e4\u00dfige Nutzung unserer Website erkl\u00e4ren Sie sich mit unseren Datenschutzbestimmungen und dem Umgang mit personenbezogenen Daten einverstanden. Bei Fragen zum Umgang mit personenbezogenen Daten und Nutzerdaten kontaktieren Sie uns bitte.<\/p>\n<p><strong>TechTen Cookie-Richtlinie<\/strong><\/p>\n<p><strong>Was sind Cookies?<\/strong><\/p>\n<p>Wie bei den meisten professionellen Websites \u00fcblich, verwendet auch diese Website Cookies, kleine Dateien, die auf Ihren Computer heruntergeladen werden, um Ihre Benutzererfahrung zu verbessern.<\/p>\n<p>Auf dieser Seite wird genau beschrieben, welche Informationen gesammelt werden, wie diese verwendet werden und warum es in manchen F\u00e4llen notwendig ist, diese Cookies zu speichern.<\/p>\n<p>Wir erkl\u00e4ren Ihnen auch, wie Sie die Speicherung dieser Cookies verhindern k\u00f6nnen. Dies kann jedoch die Funktionalit\u00e4t bestimmter Funktionen der Website beeintr\u00e4chtigen oder diese sogar au\u00dfer Kraft setzen.<\/p>\n<p><strong>Wie werden Cookies verwendet?<\/strong><\/p>\n<p>Cookies werden aus verschiedenen Gr\u00fcnden verwendet, die im Folgenden beschrieben werden.<\/p>\n<p>Leider gibt es in vielen F\u00e4llen keine branchen\u00fcbliche Alternative zum Deaktivieren von Cookies, ohne die Funktionalit\u00e4t und die Funktionen, die sie dieser Website hinzuf\u00fcgen, vollst\u00e4ndig zu deaktivieren.<\/p>\n<p>Daher empfehlen wir Ihnen, Cookies nicht zu deaktivieren, wenn Sie sich nicht sicher sind, ob Sie diese ben\u00f6tigen, wenn sie zur Bereitstellung eines von Ihnen genutzten Dienstes verwendet werden.<\/p>\n<p><strong>Cookies deaktivieren<\/strong><\/p>\n<p>Sie k\u00f6nnen das Setzen von Cookies verhindern, indem Sie die Einstellungen Ihres Browsers anpassen (siehe die Hilfe Ihres Browsers f\u00fcr weitere Informationen). Beachten Sie jedoch, dass die Deaktivierung von Cookies die Funktionalit\u00e4t dieser und vieler anderer von Ihnen besuchter Websites beeintr\u00e4chtigen kann.<\/p>\n<p>Das Deaktivieren von Cookies f\u00fchrt in der Regel zur Einschr\u00e4nkung bestimmter Funktionen dieser Website. Daher empfehlen wir Ihnen, Cookies nicht zu deaktivieren.<\/p>\n<p><strong>Cookies, die wir setzen<\/strong><\/p>\n<ul>\n<li><strong>Kontobezogene Cookies<\/strong><\/li>\n<\/ul>\n<p>Wenn Sie ein Konto auf unserer Website erstellen, werden Cookies verwendet, um den Registrierungsprozess und die allgemeine Administration zu verwalten.<\/p>\n<p>Diese Cookies werden normalerweise gel\u00f6scht, wenn Sie sich vom System abmelden; in einigen F\u00e4llen bleiben sie jedoch m\u00f6glicherweise erhalten, um Ihre Website-Einstellungen auch nach Ihrem Ausscheiden zu speichern.<\/p>\n<ul>\n<li><strong>Login-bezogene Cookies<\/strong><\/li>\n<\/ul>\n<p>Wenn Sie sich auf unserer Website anmelden, verwenden wir Cookies, um diese Aktion zu speichern. Dadurch m\u00fcssen Sie sich nicht bei jedem Seitenaufruf erneut anmelden.<\/p>\n<p>Diese Cookies werden normalerweise beim Abmelden gel\u00f6scht, um sicherzustellen, dass Sie nur im angemeldeten Zustand auf gesch\u00fctzte Ressourcen und Bereiche zugreifen k\u00f6nnen.<\/p>\n<ul>\n<li><strong>Cookies im Zusammenhang mit E-Mail-Newslettern<\/strong><\/li>\n<\/ul>\n<p>Diese Website bietet Newsletter- oder E-Mail-Abonnementdienste an. In diesen F\u00e4llen k\u00f6nnen Cookies verwendet werden, um sich zu merken, ob Sie bereits registriert sind und ob bestimmte Benachrichtigungen angezeigt werden sollen, die ausschlie\u00dflich f\u00fcr registrierte\/nicht registrierte Benutzer gelten.<\/p>\n<ul>\n<li><strong>Cookies zur Bearbeitung von Anfragen<\/strong><\/li>\n<\/ul>\n<p>Diese Website bietet E-Commerce- bzw. Zahlungsfunktionen, und einige Cookies sind unerl\u00e4sslich, um sicherzustellen, dass Ihre Bestellung seiten\u00fcbergreifend gespeichert wird, damit wir sie korrekt bearbeiten k\u00f6nnen.<\/p>\n<ul>\n<li><strong>Cookies im Zusammenhang mit Forschung<\/strong><\/li>\n<\/ul>\n<p>Wir f\u00fchren regelm\u00e4\u00dfig Umfragen und Frageb\u00f6gen durch, um interessante Informationen und n\u00fctzliche Tools anzubieten oder unsere Nutzerbasis besser zu verstehen. Diese Umfragen verwenden m\u00f6glicherweise Cookies, um sich zu merken, welche Nutzer bereits teilgenommen haben, oder um nach Seiten\u00e4nderungen korrekte Ergebnisse anzuzeigen.<\/p>\n<ul>\n<li><strong>Formularbezogene Cookies<\/strong><\/li>\n<\/ul>\n<p>Wenn Sie Ihre Daten \u00fcber ein Formular \u00fcbermitteln, wie beispielsweise auf Kontaktseiten oder in Kommentarformularen, k\u00f6nnen Cookies gesetzt werden, um bestimmte Benutzerdetails f\u00fcr eine sp\u00e4tere Zuordnung zu speichern.<\/p>\n<ul>\n<li><strong>Cookies f\u00fcr Website-Einstellungen<\/strong><\/li>\n<\/ul>\n<p>Um Ihnen ein optimales Nutzungserlebnis auf dieser Website zu bieten, k\u00f6nnen Sie Ihre Pr\u00e4ferenzen f\u00fcr die Darstellung der Website festlegen. Damit Ihre Pr\u00e4ferenzen gespeichert werden, werden Cookies gesetzt, sodass diese Informationen bei jeder Interaktion mit einer Seite, die Ihren Pr\u00e4ferenzen entspricht, angezeigt werden k\u00f6nnen.<\/p>\n<ul>\n<li><strong>Cookies von Drittanbietern<\/strong><\/li>\n<\/ul>\n<p>In Ausnahmef\u00e4llen verwenden wir auch Cookies von vertrauensw\u00fcrdigen Drittanbietern. Im Folgenden wird beschrieben, welche Drittanbieter-Cookies auf dieser Website zum Einsatz kommen k\u00f6nnen.<\/p>\n<ul>\n<li>Wir nutzen Google Analytics, eines der vertrauensw\u00fcrdigsten und am weitesten verbreiteten Analysetools im Web, um zu verstehen, wie Nutzer die Website verwenden und so deren Nutzererfahrung zu verbessern. Diese Cookies erfassen m\u00f6glicherweise Daten dar\u00fcber, wie lange Sie auf der Website verweilen und welche Seiten Sie aufrufen, damit wir weiterhin interessante Inhalte erstellen k\u00f6nnen.<\/li>\n<\/ul>\n<p>Weitere Informationen zu Google Analytics-Cookies finden Sie auf der offiziellen Google Analytics-Website.<\/p>\n<ul>\n<li>Wir verwenden Diagnosetools von Drittanbietern, um die Nutzung dieser Website zu analysieren und auszuwerten. So k\u00f6nnen wir weiterhin interessante Inhalte erstellen. Diese Cookies erfassen m\u00f6glicherweise Daten \u00fcber Ihre Verweildauer auf der Website oder die von Ihnen aufgerufenen Seiten. Dies hilft uns zu verstehen, wie wir die Website f\u00fcr Sie optimieren k\u00f6nnen.<\/li>\n<\/ul>\n<p>Wir experimentieren regelm\u00e4\u00dfig mit neuen Funktionen und nehmen \u00c4nderungen an der Darstellung der Website vor. W\u00e4hrend der Testphase verwenden wir m\u00f6glicherweise Cookies, um Ihnen ein optimales Surferlebnis zu gew\u00e4hrleisten, bis wir wissen, welche Verbesserungen unsere Nutzer am meisten sch\u00e4tzen.<\/p>\n<p>Da wir Produkte vermarkten, m\u00fcssen wir Statistiken \u00fcber die Anzahl der Website-Besucher erfassen, die tats\u00e4chlich einen Kauf t\u00e4tigen. Genau diese Informationen werden von diesen Cookies gespeichert. Dies ist wichtig f\u00fcr Sie, da wir so unsere Werbe- und Produktkosten besser planen und Ihnen den bestm\u00f6glichen Preis anbieten k\u00f6nnen.<\/p>\n<p>Der von uns verwendete Google AdSense-Dienst nutzt einen DoubleClick-Cookie, um Ihnen relevantere Anzeigen im Web anzuzeigen und die H\u00e4ufigkeit der Anzeigenschaltung zu steuern. Weitere Informationen zu Google AdSense finden Sie in den offiziellen Datenschutz-FAQs von Google AdSense.<\/p>\n<p>Unsere Website finanziert sich durch Werbung und die Finanzierung zuk\u00fcnftiger Verbesserungen. Die von dieser Website verwendeten Tracking-Cookies dienen dazu, Ihnen m\u00f6glichst relevante Werbung anzuzeigen, indem sie Ihre Pr\u00e4ferenzen anonym erfassen und Ihnen \u00e4hnliche, f\u00fcr Sie interessante Inhalte pr\u00e4sentieren.<\/p>\n<p>Verschiedene Partner werben in unserem Auftrag, und Affiliate-Tracking-Cookies erm\u00f6glichen es uns festzustellen, ob unsere Nutzer \u00fcber eine unserer Partnerseiten auf die Website gelangt sind, damit wir diese entsprechend belohnen und gegebenenfalls unseren Affiliate-Partnern erm\u00f6glichen k\u00f6nnen, Ihnen Werbeaktionen anzubieten, um Sie zum Kauf zu animieren.<\/p>\n<p><strong>Nutzerverpflichtung<\/strong><\/p>\n<p>Der Nutzer verpflichtet sich, die von TechTen auf der Website bereitgestellten Inhalte und Informationen angemessen und sachgem\u00e4\u00df zu nutzen, einschlie\u00dflich, aber nicht beschr\u00e4nkt auf:<\/p>\n<p>A) Nicht in Aktivit\u00e4ten einzugreifen, die als rechtswidrig, gegen Treu und Glauben versto\u00dfend oder mit der \u00f6ffentlichen Ordnung unvereinbar angesehen werden;<\/p>\n<p>B) Es ist untersagt, Kampagnen oder Inhalte rassistischer oder fremdenfeindlicher Natur, jegliche Art illegaler Pornografie oder Inhalte, die Terrorismus f\u00f6rdern oder Menschenrechte verletzen, zu verbreiten;<\/p>\n<p>C) Es ist untersagt, die physischen (Hardware-) und logischen (Software-) Systeme von TechTen, seinen Lieferanten oder Dritten durch das Einf\u00fchren oder Verbreiten von Computerviren oder anderen Hardware- oder Softwaresystemen, die in der Lage sind, die vorgenannten Sch\u00e4den zu verursachen, zu besch\u00e4digen.<\/p>\n<p><strong>Weitere Informationen<\/strong><\/p>\n<p>Wir hoffen, dass dies verst\u00e4ndlich ist, und wie bereits erw\u00e4hnt, empfehlen wir Ihnen im Falle von Fragen zu Ihrer eigenen Sicherheit, Cookies aktiviert zu lassen, falls diese eine der Funktionen, die Sie auf unserer Website nutzen, beeinflussen k\u00f6nnten.<\/p>","protected":false},"excerpt":{"rendered":"<p>\u00c9 pol\u00edtica do TechTen honrar a sua privacidade referente a qualquer informa\u00e7\u00e3o sua que possamos colher no site TechTen, e outros sites que possu\u00edmos e operamos. Solicitamos informa\u00e7\u00f5es pessoais apenas quando realmente necess\u00e1rio para lhe oferecer algum servi\u00e7o. No entanto, fazemo-lo por meios adequados e l\u00edcitos, com o seu conhecimento e concord\u00e2ncia. Tamb\u00e9m informamos o [&hellip;]<\/p>","protected":false},"author":0,"featured_media":0,"parent":0,"menu_order":0,"comment_status":"closed","ping_status":"closed","template":"","meta":{"footnotes":""},"_links":{"self":[{"href":"https:\/\/techten.com.br\/de\/wp-json\/wp\/v2\/pages\/16537"}],"collection":[{"href":"https:\/\/techten.com.br\/de\/wp-json\/wp\/v2\/pages"}],"about":[{"href":"https:\/\/techten.com.br\/de\/wp-json\/wp\/v2\/types\/page"}],"replies":[{"embeddable":true,"href":"https:\/\/techten.com.br\/de\/wp-json\/wp\/v2\/comments?post=16537"}],"version-history":[{"count":0,"href":"https:\/\/techten.com.br\/de\/wp-json\/wp\/v2\/pages\/16537\/revisions"}],"wp:attachment":[{"href":"https:\/\/techten.com.br\/de\/wp-json\/wp\/v2\/media?parent=16537"}],"curies":[{"name":"wp","href":"https:\/\/api.w.org\/{rel}","templated":true}]}}