    {"id":6815,"date":"2022-07-04T11:27:56","date_gmt":"2022-07-04T14:27:56","guid":{"rendered":"https:\/\/techten.com.br\/?page_id=6815"},"modified":"2022-07-04T11:27:56","modified_gmt":"2022-07-04T14:27:56","slug":"quem-somos","status":"publish","type":"page","link":"https:\/\/techten.com.br\/de\/quem-somos\/","title":{"rendered":"Wer wir sind"},"content":{"rendered":"<p>Willkommen bei <strong>TechTen<\/strong>!<\/p>\n<p>Unser Blog wurde ins Leben gerufen, um Ihnen, den Lesern, Informationen und Tipps zu Themen rund um Technologie, Kreditkarten, Kredite und vieles mehr zu bieten.<\/p>\n<p>Wir betonen, dass <strong>Wir bieten keine<\/strong> Diese Produkte\/Dienstleistungen. Wir ver\u00f6ffentlichen t\u00e4glich Artikel mit Rezensionen, Neuigkeiten und interessanten Fakten dar\u00fcber.<\/p>\n<p>Dar\u00fcber hinaus <strong>Das TechTen-Team bittet NICHT darum<\/strong> Einzahlungen, \u00dcberweisungen oder Zahlungen sind keine Voraussetzung f\u00fcr die Simulation, Genehmigung oder Freigabe von Produkten oder Dienstleistungen, die in unseren Ver\u00f6ffentlichungen erw\u00e4hnt werden.<\/p>\n<p>Ihre Meinung ist uns f\u00fcr die Verbesserung unserer Website sehr wichtig. Sollten Sie Fragen, Anregungen oder auch Beschwerden haben, kontaktieren Sie uns bitte per E-Mail: <strong><a href=\"mailto:contato@vmvnews.com.br\">contact@vmvnews.com.br<\/a><\/strong> oder das untenstehende Formular.<\/p>\n<p><a href=\"https:\/\/techten.com.br\/de\/contato\/\">Senden Sie uns eine Nachricht<\/a>.<\/p>\n<p>&nbsp;Das Team&nbsp;<strong style=\"font-size: 14pt; color: var( --e-global-color-text );\">TechTen<\/strong>&nbsp;Vielen Dank f\u00fcr Ihren Besuch!<\/p>\n<p>Eine dicke Umarmung.<\/p>","protected":false},"excerpt":{"rendered":"<p>Bem-Vindo(a) ao TechTen! Nosso blog foi criado para trazer a voc\u00ea, leitor(a), informa\u00e7\u00f5es e dicas sobre conte\u00fados relacionados a tecnologia, cart\u00f5es de cr\u00e9dito, empr\u00e9stimos e muito mais. Ressaltamos que N\u00c3O OFERECEMOS esses produtos\/servi\u00e7os. Apenas publicamos diariamente artigos com an\u00e1lises, not\u00edcias e curiosidades sobre eles. Al\u00e9m disso, a Equipe TechTen N\u00c3O SOLICITA dep\u00f3sitos, transfer\u00eancias ou pagamentos, [&hellip;]<\/p>","protected":false},"author":0,"featured_media":0,"parent":0,"menu_order":0,"comment_status":"closed","ping_status":"closed","template":"","meta":{"footnotes":""},"_links":{"self":[{"href":"https:\/\/techten.com.br\/de\/wp-json\/wp\/v2\/pages\/6815"}],"collection":[{"href":"https:\/\/techten.com.br\/de\/wp-json\/wp\/v2\/pages"}],"about":[{"href":"https:\/\/techten.com.br\/de\/wp-json\/wp\/v2\/types\/page"}],"replies":[{"embeddable":true,"href":"https:\/\/techten.com.br\/de\/wp-json\/wp\/v2\/comments?post=6815"}],"version-history":[{"count":0,"href":"https:\/\/techten.com.br\/de\/wp-json\/wp\/v2\/pages\/6815\/revisions"}],"wp:attachment":[{"href":"https:\/\/techten.com.br\/de\/wp-json\/wp\/v2\/media?parent=6815"}],"curies":[{"name":"wp","href":"https:\/\/api.w.org\/{rel}","templated":true}]}}