    {"id":6829,"date":"2022-07-12T10:38:37","date_gmt":"2022-07-12T13:38:37","guid":{"rendered":"https:\/\/techten.com.br\/?page_id=6829"},"modified":"2022-07-12T10:38:37","modified_gmt":"2022-07-12T13:38:37","slug":"termos-de-uso","status":"publish","type":"page","link":"https:\/\/techten.com.br\/de\/termos-de-uso\/","title":{"rendered":"Nutzungsbedingungen"},"content":{"rendered":"<p><strong>Nutzungsbedingungen<\/strong><\/p>\n<p><strong>\u00dcBERBLICK<\/strong><\/p>\n<p>Diese Website wird von TechTen betrieben. Daher beziehen sich die Begriffe \u201ewir\u201c, \u201euns\u201c und \u201eunser\u201c auf allen unseren Seiten auf TechTen.<\/p>\n<p>Des Weiteren werden Ihnen als Nutzer alle Informationen, Tools und Services auf dieser Website nur unter der Voraussetzung zur Verf\u00fcgung gestellt, dass Sie allen hierin enthaltenen Bedingungen, Richtlinien und Hinweisen zustimmen.<\/p>\n<p>Durch das Browsen auf unserer Website und\/oder den Kauf eines Produkts oder einer Dienstleistung auf unserer Website nutzen Sie unsere \u201eDienste\u201c und stimmen daher den Allgemeinen Gesch\u00e4ftsbedingungen (\u201eNutzungsbedingungen\u201c, \u201eBedingungen\u201c) zu, einschlie\u00dflich der Allgemeinen Gesch\u00e4ftsbedingungen sowie der zus\u00e4tzlichen Richtlinien, die in diesem Dokument und\/oder \u00fcber Hyperlinks angegeben sind.<\/p>\n<p>Diese Nutzungsbedingungen gelten f\u00fcr alle Nutzer der Website, einschlie\u00dflich der Nutzer, die als Betrachter, Hersteller, Kunden, H\u00e4ndler und\/oder Inhaltsbeitr\u00e4ger fungieren.<\/p>\n<p>Bevor Sie auf unsere Website zugreifen oder sie nutzen, lesen Sie bitte diese Nutzungsbedingungen sorgf\u00e4ltig durch, da Sie mit dem Zugriff auf oder der Nutzung eines Teils der Website unsere Nutzungsbedingungen akzeptieren.<\/p>\n<p>Wenn Sie mit den Bedingungen dieser Vereinbarung nicht einverstanden sind, empfehlen wir Ihnen, nicht auf die Website zuzugreifen und\/oder unsere Dienste zu nutzen. Diese Nutzungsbedingungen stellen ein Angebot dar, und die Annahme ist auf diese Nutzungsbedingungen beschr\u00e4nkt.<\/p>\n<p>Alle neuen Funktionen oder Tools, die der aktuellen Website hinzugef\u00fcgt werden, unterliegen ebenfalls den Nutzungsbedingungen.<\/p>\n<p>Die aktuellste Version der Nutzungsbedingungen k\u00f6nnen Sie jederzeit auf dieser Seite einsehen.<\/p>\n<p>Wir behalten uns das Recht vor, jeden Teil dieser Nutzungsbedingungen durch Ver\u00f6ffentlichung von Aktualisierungen und\/oder \u00c4nderungen auf unserer Website zu \u00e4ndern.<\/p>\n<p>Es liegt in Ihrer Verantwortung, diese Seite regelm\u00e4\u00dfig auf \u00c4nderungen zu \u00fcberpr\u00fcfen. Ihre fortgesetzte Nutzung der Website nach Ver\u00f6ffentlichung von \u00c4nderungen bedeutet Ihre Zustimmung zu diesen \u00c4nderungen.<\/p>\n<p><strong>ABSCHNITT 1 \u2013 NUTZUNGSBEDINGUNGEN DER WEBSITE<\/strong><\/p>\n<p>Mit der Annahme dieser Nutzungsbedingungen best\u00e4tigen Sie, dass Sie in Ihrem Wohnsitzstaat oder Ihrer Wohnsitzgemeinde vollj\u00e4hrig sind und dass Sie uns die Erlaubnis erteilt haben, Ihren minderj\u00e4hrigen Angeh\u00f6rigen die Nutzung dieser Website zu gestatten.<\/p>\n<p>Unsere Produkte d\u00fcrfen nicht f\u00fcr illegale oder unbefugte Zwecke verwendet werden. Durch die Nutzung dieses Dienstes d\u00fcrfen Sie auch keine Gesetze in Ihrem Zust\u00e4ndigkeitsbereich verletzen (einschlie\u00dflich, aber nicht beschr\u00e4nkt auf Urheberrechtsgesetze).<\/p>\n<p>Des Weiteren ist es Ihnen untersagt, Viren oder sonstigen sch\u00e4dlichen Code zu verbreiten.<\/p>\n<p>Ein Versto\u00df gegen diese Bedingungen f\u00fchrt zur sofortigen K\u00fcndigung Ihrer Dienste.<\/p>\n<p><strong>ABSCHNITT 2 \u2013 ALLGEMEINE BEDINGUNGEN<\/strong><\/p>\n<p>Wir behalten uns das Recht vor, aus beliebigem Grund und zu jeder Zeit jeder Person die Bedienung zu verweigern.<\/p>\n<p>Sie sind sich bewusst, dass Ihre Daten (ausgenommen Kreditkarteninformationen) unverschl\u00fcsselt \u00fcbertragen werden k\u00f6nnen und: (a) \u00fcber verschiedene Netzwerke verteilt werden k\u00f6nnen; und (b) \u00c4nderungen erfahren k\u00f6nnen, um den technischen Gegebenheiten der verbundenen Netzwerke oder Ger\u00e4te zu entsprechen. Kreditkarteninformationen werden bei der \u00dcbertragung \u00fcber Netzwerke stets verschl\u00fcsselt.<\/p>\n<p>Sie stimmen zu, ohne unsere ausdr\u00fcckliche schriftliche Genehmigung keinen Teil des Dienstes, die Nutzung des Dienstes, den Zugriff auf den Dienst oder jeglichen Kontakt auf der Website, \u00fcber die der Dienst zur Verf\u00fcgung gestellt wird, zu reproduzieren, zu vervielf\u00e4ltigen, zu kopieren, zu verkaufen, weiterzuverkaufen oder anderweitig zu verwerten.<\/p>\n<p>Die in dieser Vereinbarung verwendeten \u00dcberschriften dienen lediglich Informationszwecken und schr\u00e4nken diese Bedingungen weder ein noch beeinflussen sie sie.<\/p>\n<p><strong>ABSCHNITT 3 \u2013 GENAUIGKEIT UND G\u00dcLTIGKEITSDAUER DER INFORMATIONEN<\/strong><\/p>\n<p>Wir \u00fcbernehmen keine Verantwortung, falls die auf dieser Website pr\u00e4sentierten Informationen nicht korrekt, vollst\u00e4ndig oder aktuell sind.<\/p>\n<p>Die Inhalte dieser Website dienen ausschlie\u00dflich Informationszwecken und sollten nicht als alleinige Entscheidungsgrundlage herangezogen werden, ohne andere prim\u00e4re, genauere, vollst\u00e4ndigere oder aktuellere Informationsquellen zu konsultieren.<\/p>\n<p>Daher erfolgt die Nutzung jeglicher Inhalte dieser Website auf eigene Verantwortung.<\/p>\n<p>Diese Website kann einige historische Informationen enthalten, die m\u00f6glicherweise nicht aktuell sind und nur zu Ihrer Information dienen.<\/p>\n<p>Wir behalten uns das Recht vor, den Inhalt dieser Website jederzeit zu \u00e4ndern. Wir sind jedoch nicht verpflichtet, die Informationen auf unserer Website zu aktualisieren, und es liegt in Ihrer Verantwortung, sich regelm\u00e4\u00dfig \u00fcber etwaige \u00c4nderungen auf unserer Website zu informieren.<\/p>\n<p><strong>ABSCHNITT 4 \u2013 \u00c4NDERUNGEN BEI SERVICE UND PREISEN (falls zutreffend)<\/strong><\/p>\n<p>Die Preise unserer Produkte k\u00f6nnen sich ohne vorherige Ank\u00fcndigung \u00e4ndern.<\/p>\n<p>Wir behalten uns das Recht vor, den Service (oder Teile davon) jederzeit ohne vorherige Ank\u00fcndigung zu \u00e4ndern oder einzustellen.<\/p>\n<p>Wir haften weder Ihnen noch Dritten gegen\u00fcber f\u00fcr \u00c4nderungen, Preisanpassungen, Stornierungen oder Unterbrechungen des Dienstes.<\/p>\n<p><strong>ABSCHNITT 5 \u2013 PRODUKTE ODER DIENSTLEISTUNGEN (falls zutreffend)<\/strong><\/p>\n<p>Manche Produkte oder Dienstleistungen sind m\u00f6glicherweise ausschlie\u00dflich online \u00fcber die Website erh\u00e4ltlich und daher nur in begrenzter St\u00fcckzahl verf\u00fcgbar. R\u00fcckgabe oder Umtausch sind nur gem\u00e4\u00df unserer R\u00fcckgaberichtlinie m\u00f6glich.<\/p>\n<p>Wir werden unser Bestes tun, die Farben und Bilder unserer Produkte so genau wie m\u00f6glich darzustellen, k\u00f6nnen aber nicht garantieren, dass die Farbwiedergabe auf Ihrem Computerbildschirm exakt ist.<\/p>\n<p>Wir behalten uns das Recht vor, sind aber nicht verpflichtet, den Verkauf unserer Produkte oder Dienstleistungen an bestimmte Personen, geografische Regionen oder Gerichtsbarkeiten zu beschr\u00e4nken. Wir k\u00f6nnen dieses Recht im Einzelfall aus\u00fcben.<\/p>\n<p>Wir behalten uns das Recht vor, die Mengen der von uns angebotenen Produkte und Dienstleistungen festzulegen. Dar\u00fcber hinaus k\u00f6nnen Produkt- und Preisinformationen jederzeit und ohne vorherige Ank\u00fcndigung nach unserem alleinigen Ermessen ge\u00e4ndert werden.<\/p>\n<p>Wir behalten uns das Recht vor, jedes Produkt jederzeit aus dem Sortiment zu nehmen. Angebote von Produkten oder Dienstleistungen auf dieser Website sind ung\u00fcltig, wo sie gesetzlich verboten sind.<\/p>\n<p>Wir garantieren nicht, dass die Qualit\u00e4t der von Ihnen erworbenen Produkte, Dienstleistungen, Informationen oder sonstigen Materialien Ihren Erwartungen entspricht oder dass etwaige Fehler im Service behoben werden.<\/p>\n<p><strong>ABSCHNITT 6 \u2013 RECHNUNGSGENAUIGKEIT UND KONTOINFORMATIONEN<\/strong><\/p>\n<p>Wir behalten uns das Recht vor, jede Bestellung, die Sie bei uns aufgeben, abzulehnen.<\/p>\n<p>Wir behalten uns das Recht vor, nach eigenem Ermessen die pro Person, Haushalt oder Bestellung gekaufte Produktmenge zu beschr\u00e4nken oder Bestellungen zu stornieren. Solche Beschr\u00e4nkungen k\u00f6nnen Bestellungen betreffen, die \u00fcber dasselbe Kundenkonto, mit derselben Kreditkarte und\/oder an dieselbe Rechnungs- und\/oder Lieferadresse aufgegeben wurden.<\/p>\n<p>Im Falle einer \u00c4nderung oder Stornierung einer Bestellung werden wir versuchen, Sie \u00fcber die bei der Bestellung angegebene E-Mail-Adresse und\/oder Telefonnummer\/Adresse zu informieren.<\/p>\n<p>Wir behalten uns das Recht vor, Bestellungen, die nach unserem alleinigen Ermessen von Einzelh\u00e4ndlern, Wiederverk\u00e4ufern oder Distributoren aufgegeben wurden, einzuschr\u00e4nken oder zu verhindern.<\/p>\n<p>Sie erkl\u00e4ren sich damit einverstanden, Ihre vollst\u00e4ndigen Konto- und Kaufinformationen f\u00fcr alle in unserem Shop get\u00e4tigten Eink\u00e4ufe anzugeben.<\/p>\n<p>Sie stimmen zu, Ihre Konto- und sonstigen Informationen, einschlie\u00dflich Ihrer E-Mail-Adresse, Kreditkartennummern und Ablaufdaten, zu aktualisieren, damit wir Ihre Transaktionen abschlie\u00dfen und Sie bei Bedarf kontaktieren k\u00f6nnen.<\/p>\n<p>Weitere Einzelheiten entnehmen Sie bitte unseren R\u00fcckgabebestimmungen.<\/p>\n<p><strong>ABSCHNITT 7 \u2013 ALTERNATIVE WERKZEUGE<\/strong><\/p>\n<p>Wir k\u00f6nnen Ihnen Zugang zu Tools von Drittanbietern gew\u00e4hren, \u00fcber die wir keine Aufsicht oder Kontrolle haben.<\/p>\n<p>Sie erkl\u00e4ren sich damit einverstanden, dass wir den Zugriff auf diese Tools \u201ewie besehen\u201c und \u201ewie verf\u00fcgbar\u201c ohne jegliche Gew\u00e4hrleistungen, Zusicherungen oder Bedingungen und ohne jegliche Empfehlung bereitstellen. Daher haften wir unter keinen Umst\u00e4nden f\u00fcr Ihre Nutzung optionaler Tools von Drittanbietern.<\/p>\n<p>Die Nutzung optionaler Tools, die \u00fcber die Website zur Verf\u00fcgung gestellt werden, erfolgt ausschlie\u00dflich auf eigenes Risiko. Sie m\u00fcssen sich mit den Nutzungsbedingungen der von Drittanbietern angebotenen Tools vertraut machen und diese akzeptieren.<\/p>\n<p>Wir behalten uns au\u00dferdem vor, zuk\u00fcnftig neue Dienste und\/oder Funktionen \u00fcber die Website anzubieten (einschlie\u00dflich der Werbung f\u00fcr neue Tools und Ressourcen), die ebenfalls diesen Nutzungsbedingungen unterliegen.<\/p>\n<p><strong>ABSCHNITT 8 \u2013 LINKS ZU DRITTANBIETERN<\/strong><\/p>\n<p>Einige Inhalte, Produkte und Dienstleistungen, die \u00fcber unseren Service verf\u00fcgbar sind, k\u00f6nnen Material von Drittanbietern enthalten.<\/p>\n<p>Links auf dieser Website k\u00f6nnen Sie zu externen Websites weiterleiten, die nicht mit uns verbunden sind. Daher \u00fcbernehmen wir keine Verantwortung f\u00fcr die \u00dcberpr\u00fcfung oder Bewertung der Inhalte oder deren Richtigkeit. Dar\u00fcber hinaus \u00fcbernehmen wir keine Gew\u00e4hrleistung oder Haftung f\u00fcr Inhalte oder Websites Dritter sowie f\u00fcr sonstige Inhalte, Produkte oder Dienstleistungen Dritter.<\/p>\n<p>Wir \u00fcbernehmen keine Haftung f\u00fcr Sch\u00e4den oder Verluste im Zusammenhang mit dem Kauf oder der Nutzung von Waren, Dienstleistungen, Ressourcen, Inhalten oder anderen Transaktionen, die in Verbindung mit Websites Dritter durchgef\u00fchrt werden.<\/p>\n<p>Wir empfehlen Ihnen daher, die Richtlinien und Vorgehensweisen von Drittanbietern sorgf\u00e4ltig zu lesen und sich vor jeder Transaktion damit vertraut zu machen. Fragen, Beschwerden und sonstige Probleme im Zusammenhang mit Produkten von Drittanbietern richten Sie bitte direkt an das jeweilige Unternehmen.<\/p>\n<p><strong>ABSCHNITT 9 \u2013 KOMMENTARE, FEEDBACK UND ANDERE INTERAKTIONEN DER BENUTZER<\/strong><\/p>\n<p>Wenn Sie auf unsere Aufforderung hin bestimmte Aktionen durchf\u00fchren (z. B. an Wettbewerben teilnehmen) oder uns ohne Aufforderung Ideen, Vorschl\u00e4ge, Pl\u00e4ne oder andere Materialien online, per E-Mail, per Post oder auf andere Weise \u00fcbermitteln (zusammenfassend \u201eKommentare\u201c), erkl\u00e4ren Sie sich damit einverstanden, dass wir die von Ihnen an uns weitergeleiteten Kommentare jederzeit und ohne Einschr\u00e4nkung bearbeiten, kopieren, ver\u00f6ffentlichen, verbreiten, \u00fcbersetzen und in beliebigen Medien verwenden d\u00fcrfen.<\/p>\n<p>Wir sind nicht verantwortlich f\u00fcr: (1) die Vertraulichkeit von Kommentaren; (2) die Zahlung einer Entsch\u00e4digung f\u00fcr Kommentare; oder (3) die Beantwortung von Kommentaren.<\/p>\n<p>Wir sind berechtigt, aber nicht verpflichtet, Inhalte zu \u00fcberwachen, zu bearbeiten oder zu entfernen, die wir nach unserem alleinigen Ermessen als rechtswidrig, beleidigend, bedrohlich, verleumderisch, diffamierend, pornografisch, obsz\u00f6n oder anderweitig anst\u00f6\u00dfig einstufen oder die das geistige Eigentum Dritter oder diese Nutzungsbedingungen verletzen.<\/p>\n<p>Sie stimmen zu, keine Kommentare zu ver\u00f6ffentlichen, die Rechte Dritter verletzen, einschlie\u00dflich Urheberrechte, Markenrechte, Datenschutzrechte, Pers\u00f6nlichkeitsrechte oder sonstige pers\u00f6nliche oder Eigentumsrechte.<\/p>\n<p>Sie stimmen zu, keine Kommentare zu ver\u00f6ffentlichen, die diffamierendes, illegales, beleidigendes oder obsz\u00f6nes Material enthalten, noch solche, die Computerviren oder andere Schadsoftware enthalten, die den Betrieb des Dienstes oder einer zugeh\u00f6rigen Website beeintr\u00e4chtigen k\u00f6nnten.<\/p>\n<p>Sie d\u00fcrfen keine falsche E-Mail-Adresse verwenden, sich nicht als eine andere Person ausgeben oder uns oder Dritte hinsichtlich der Herkunft Ihrer Kommentare in die Irre f\u00fchren. Sie tragen die alleinige Verantwortung f\u00fcr Ihre Kommentare und deren Richtigkeit. Wir \u00fcbernehmen keine Verantwortung oder Haftung f\u00fcr Kommentare, die von Ihnen oder Dritten auf unserer Website ver\u00f6ffentlicht werden.<\/p>\n<p><strong>ABSCHNITT 10 \u2013 PERS\u00d6NLICHE DATEN<\/strong><\/p>\n<p>Die Weitergabe personenbezogener Daten \u00fcber diese Website unterliegt unserer Datenschutzrichtlinie. Um mehr zu erfahren, lesen Sie bitte unsere Datenschutzrichtlinie.<\/p>\n<p><strong>ABSCHNITT 11 \u2013 FEHLER, UNGENAUIGKEITEN UND AUSLASSUNGEN<\/strong><\/p>\n<p>Gelegentlich k\u00f6nnen auf unserer Website oder im Rahmen des Dienstes Informationen enthalten sein, die Tippfehler, Ungenauigkeiten oder Auslassungen aufweisen, die sich auf Produktdefinitionen, Preise, Werbeaktionen, Angebote, Versandkosten, Lieferzeiten und Verf\u00fcgbarkeit beziehen.<\/p>\n<p>Wir behalten uns das Recht vor, Fehler, Ungenauigkeiten oder Auslassungen zu korrigieren und Informationen zu \u00e4ndern oder zu aktualisieren oder Bestellungen zu stornieren, wenn Informationen im Service oder auf einer zugeh\u00f6rigen Website ungenau sind, und zwar jederzeit und ohne vorherige Ank\u00fcndigung (auch nachdem Sie Ihre Bestellung aufgegeben haben).<\/p>\n<p>Wir stimmen keiner Verpflichtung zur Aktualisierung, \u00c4nderung oder Klarstellung von Informationen im Rahmen des Dienstes oder auf einer zugeh\u00f6rigen Website zu, einschlie\u00dflich, aber nicht beschr\u00e4nkt auf Preisinformationen, es sei denn, dies ist gesetzlich vorgeschrieben.<\/p>\n<p>Kein einzelnes Aktualisierungsdatum des Dienstes oder einer zugeh\u00f6rigen Website sollte als Hinweis darauf verwendet werden, dass alle Informationen auf dem Dienst oder einer zugeh\u00f6rigen Website ge\u00e4ndert oder aktualisiert wurden.<\/p>\n<p><strong>ABSCHNITT 12 \u2013 VERBOTENE NUTZUNGEN<\/strong><\/p>\n<p>Zus\u00e4tzlich zu den in den Nutzungsbedingungen festgelegten Einschr\u00e4nkungen ist es Ihnen untersagt, die Website oder deren Inhalte f\u00fcr Folgendes zu nutzen: (a) jegliche rechtswidrige Zwecke; (b) die Anstiftung anderer zur Begehung oder Teilnahme an rechtswidrigen Handlungen; (c) die Verletzung lokaler, internationaler, bundesstaatlicher, kommunaler oder staatlicher Vorschriften, Regeln, Gesetze oder Verordnungen; (d) die Verletzung oder Beeintr\u00e4chtigung unserer geistigen Eigentumsrechte oder der geistigen Eigentumsrechte Dritter; (e) Bel\u00e4stigung, Missbrauch, Beleidigung, Sch\u00e4digung, Verleumdung, \u00fcble Nachrede, Herabsetzung, Einsch\u00fcchterung oder Diskriminierung aufgrund von Geschlecht, sexueller Orientierung, Religion, ethnischer Zugeh\u00f6rigkeit, Rasse, Alter, nationaler Herkunft oder Behinderung; (f) die Verbreitung falscher oder irref\u00fchrender Informationen.<br \/>\n(g) Viren oder andere Arten von Schadcode weiterzuleiten oder zu verbreiten, die die Funktionalit\u00e4t oder den Betrieb des Dienstes oder einer zugeh\u00f6rigen Website, anderer Websites oder des Internets beeintr\u00e4chtigen k\u00f6nnen; (h) personenbezogene Daten anderer zu sammeln oder zu verfolgen; (i) Spam, Phishing, Pharming, Pretexting, Spidering, Crawling oder Scraping zu betreiben; (j) obsz\u00f6ne oder unmoralische Zwecke zu verfolgen; oder (k) die Sicherheitsfunktionen des Dienstes oder einer zugeh\u00f6rigen Website, anderer Websites oder des Internets zu st\u00f6ren oder zu manipulieren.<\/p>\n<p>Wir behalten uns das Recht vor, Ihre Nutzung des Dienstes oder einer zugeh\u00f6rigen Website zu beenden, wenn Sie gegen eine der oben genannten Bestimmungen versto\u00dfen.<\/p>\n<p><strong>ABSCHNITT 13 \u2013 GEW\u00c4HRLEISTUNGSAUSSCHLUSS UND HAFTUNGSDEFINITION<\/strong><\/p>\n<p>Wir garantieren nicht, dass die Nutzung unseres Dienstes ununterbrochen, komfortabel, sicher oder fehlerfrei ist. Ebenso wenig garantieren wir die Genauigkeit oder Zuverl\u00e4ssigkeit der Ergebnisse, die durch die Nutzung des Dienstes erzielt werden k\u00f6nnen.<\/p>\n<p>Sie stimmen zu, dass wir den Dienst gelegentlich auf unbestimmte Zeit einstellen oder jederzeit ohne vorherige Ank\u00fcndigung k\u00fcndigen k\u00f6nnen.<\/p>\n<p>Sie akzeptieren, dass die Nutzung oder Nichtnutzung des Dienstes in Ihrer Verantwortung liegt. Der Dienst sowie alle angebotenen Produkte und Dienstleistungen werden (sofern nicht ausdr\u00fccklich anders angegeben) ohne Gew\u00e4hrleistung und nach Verf\u00fcgbarkeit bereitgestellt, ohne jegliche Zusicherungen, Gew\u00e4hrleistungen oder Bedingungen, weder ausdr\u00fccklich noch stillschweigend, einschlie\u00dflich aller stillschweigenden Gew\u00e4hrleistungen oder Bedingungen der Handels\u00fcblichkeit, der Eignung f\u00fcr einen bestimmten Zweck, der Haltbarkeit, des Eigentumsrechts und der Nichtverletzung von Rechten Dritter.<\/p>\n<p>TechTen, unsere Direktoren, leitenden Angestellten, Mitarbeiter, verbundenen Unternehmen, Vertreter, Auftragnehmer, Praktikanten, Lieferanten, Dienstleister oder Lizenzgeber haften unter keinen Umst\u00e4nden f\u00fcr Sch\u00e4den, Verluste, Anspr\u00fcche oder direkte, indirekte, zuf\u00e4llige, strafende, besondere oder Folgesch\u00e4den jeglicher Art, einschlie\u00dflich, aber nicht beschr\u00e4nkt auf entgangenen Gewinn, entgangene Einnahmen, entgangene Einsparungen, Datenverlust, Ersatzkosten oder \u00e4hnliche Sch\u00e4den, unabh\u00e4ngig davon, ob diese auf Vertrag, unerlaubter Handlung (einschlie\u00dflich Fahrl\u00e4ssigkeit), Gef\u00e4hrdungshaftung oder anderweitig beruhen und aus der Nutzung der Dienste oder der \u00fcber den Dienst bezogenen Produkte entstehen, oder f\u00fcr sonstige Anspr\u00fcche, die in irgendeiner Weise mit der Nutzung des Dienstes oder eines Produkts zusammenh\u00e4ngen, einschlie\u00dflich, aber nicht beschr\u00e4nkt auf Fehler oder Auslassungen in Inhalten oder Verluste oder Sch\u00e4den jeglicher Art, die durch die Nutzung des Dienstes oder von Inhalten (oder Produkten) entstehen, die \u00fcber den Dienst ver\u00f6ffentlicht, \u00fcbertragen oder anderweitig zug\u00e4nglich gemacht werden, selbst wenn auf die M\u00f6glichkeit solcher Sch\u00e4den hingewiesen wurde.<\/p>\n<p>Da einige Staaten oder Gerichtsbarkeiten den Ausschluss oder die Beschr\u00e4nkung der Haftung f\u00fcr indirekte oder zuf\u00e4llige Sch\u00e4den nicht akzeptieren, ist unsere Haftung in solchen Staaten oder Gerichtsbarkeiten auf das gesetzlich maximal zul\u00e4ssige Ma\u00df beschr\u00e4nkt.<\/p>\n<p><strong>ABSCHNITT 14 \u2013 ENTSCH\u00c4DIGUNG<\/strong><\/p>\n<p>Sie verpflichten sich, TechTen und unsere Muttergesellschaft, Tochtergesellschaften, verbundenen Unternehmen, Partner, F\u00fchrungskr\u00e4fte, Direktoren, Vertreter, Auftragnehmer, Lizenzgeber, Dienstleister, Unterauftragnehmer, Lieferanten, Praktikanten und Mitarbeiter von jeglichen Einw\u00e4nden oder Forderungen Dritter, einschlie\u00dflich angemessener Anwaltskosten, freizustellen, zu sch\u00fctzen und schadlos zu halten, die aufgrund Ihrer Verletzung dieser Nutzungsbedingungen oder der darin durch Bezugnahme einbezogenen Dokumente oder aufgrund Ihrer Verletzung von Gesetzen oder Rechten Dritter entstehen.<\/p>\n<p><strong>ABSCHNITT 15 \u2013 UNABH\u00c4NGIGKEIT<\/strong><\/p>\n<p>Sollte eine Bestimmung dieser Nutzungsbedingungen als rechtswidrig, nichtig oder nicht durchsetzbar erachtet werden, so ist diese Bestimmung dennoch im gr\u00f6\u00dftm\u00f6glichen nach geltendem Recht zul\u00e4ssigen Umfang durchsetzbar, und der nicht durchsetzbare Teil gilt als von diesen Nutzungsbedingungen abgetrennt, und diese Feststellung ber\u00fchrt nicht die G\u00fcltigkeit und Durchsetzbarkeit der \u00fcbrigen Bestimmungen.<\/p>\n<p><strong>ABSCHNITT 16 \u2013 K\u00dcNDIGUNG<\/strong><\/p>\n<p>Die Verpflichtungen und Verantwortlichkeiten der beteiligten Parteien vor dem Beendigungsdatum bleiben auch nach Beendigung dieses Vertrags in vollem Umfang bestehen.<\/p>\n<p>Diese Nutzungsbedingungen bleiben in Kraft, sofern sie nicht von Ihnen oder uns gek\u00fcndigt werden. Sie k\u00f6nnen diese Nutzungsbedingungen jederzeit k\u00fcndigen, indem Sie uns mitteilen, dass Sie unsere Dienste nicht mehr nutzen m\u00f6chten, oder indem Sie die Nutzung unserer Website einstellen.<\/p>\n<p>Sollten Sie nach unserem alleinigen Ermessen gegen eine Bestimmung dieser Nutzungsbedingungen versto\u00dfen, k\u00f6nnen wir diese Vereinbarung jederzeit ohne vorherige Ank\u00fcndigung k\u00fcndigen, und Sie bleiben zur Zahlung aller bis zum K\u00fcndigungsdatum f\u00e4lligen Betr\u00e4ge verpflichtet; wir k\u00f6nnen Ihnen au\u00dferdem den Zugang zu unseren Diensten (oder einem Teil davon) verweigern.<\/p>\n<p><strong>ABSCHNITT 17 \u2013 VOLLST\u00c4NDIGE VEREINBARUNG<\/strong><\/p>\n<p>Das Vers\u00e4umnis unsererseits, ein Recht oder eine Bestimmung dieser Nutzungsbedingungen auszu\u00fcben oder durchzusetzen, f\u00fchrt nicht zu einem Verzicht auf dieses Recht oder diese Bestimmung.<\/p>\n<p>Diese Nutzungsbedingungen und alle von uns auf dieser Website oder im Zusammenhang mit dem Dienst ver\u00f6ffentlichten Richtlinien oder Regeln bilden die gesamte Vereinbarung zwischen uns. Diese Bedingungen regeln Ihre Nutzung des Dienstes und ersetzen alle vorherigen oder nachfolgenden Vereinbarungen, Mitteilungen und Vorschl\u00e4ge, ob m\u00fcndlich oder schriftlich, zwischen Ihnen und uns (einschlie\u00dflich, aber nicht beschr\u00e4nkt auf fr\u00fchere Versionen der Nutzungsbedingungen).<\/p>\n<p>Etwaige Unklarheiten bei der Auslegung dieser Nutzungsbedingungen gehen nicht zu Lasten der Partei, die diese verfasst hat.<\/p>\n<p><strong>ABSCHNITT 18 \u2013 ANWENDBARE GESETZGEBUNG<\/strong><\/p>\n<p>Diese Nutzungsbedingungen und alle separaten Vereinbarungen, in denen wir Ihnen Dienstleistungen anbieten, unterliegen dem Recht von S\u00e3o Paulo, Brasilien, und sind nach diesem auszulegen.<\/p>\n<p><strong>ABSCHNITT 19 \u2013 \u00c4NDERUNGEN DER NUTZUNGSBEDINGUNGEN<\/strong><\/p>\n<p>Die aktuellste Version der Nutzungsbedingungen k\u00f6nnen Sie jederzeit auf dieser Seite einsehen.<\/p>\n<p>Wir behalten uns das Recht vor, nach eigenem Ermessen jeden Teil dieser Nutzungsbedingungen zu aktualisieren, zu \u00e4ndern oder zu ersetzen, indem wir Aktualisierungen und \u00c4nderungen auf unserer Website ver\u00f6ffentlichen.<\/p>\n<p>Es liegt in Ihrer Verantwortung, regelm\u00e4\u00dfig auf unserer Website nach \u00c4nderungen zu suchen, da Ihre fortgesetzte Nutzung unserer Website oder des Dienstes nach der Ver\u00f6ffentlichung von \u00c4nderungen dieser Nutzungsbedingungen Ihre Zustimmung zu den \u00c4nderungen impliziert.<\/p>\n<p><strong>ABSCHNITT 20 \u2013 KONTAKTINFORMATIONEN<\/strong><\/p>\n<p>Fragen zu den Nutzungsbedingungen senden Sie bitte an contato@techten.com.br.<\/p>","protected":false},"excerpt":{"rendered":"<p>TERMOS DE SERVI\u00c7O VIS\u00c3O GERAL Este site \u00e9 operado pela TechTen. Por isso, em todas as nossas p\u00e1ginas, os termos &#8220;n\u00f3s&#8221;, &#8220;nos&#8221; e &#8220;nosso&#8221; se referem \u00e0 TechTen. Al\u00e9m disso, todas as informa\u00e7\u00f5es, ferramentas e servi\u00e7os s\u00e3o disponibilizados neste site, para voc\u00ea, o usu\u00e1rio, mediante a sua concord\u00e2ncia com todos os termos, condi\u00e7\u00f5es, pol\u00edticas e [&hellip;]<\/p>","protected":false},"author":0,"featured_media":0,"parent":0,"menu_order":0,"comment_status":"closed","ping_status":"closed","template":"","meta":{"footnotes":""},"_links":{"self":[{"href":"https:\/\/techten.com.br\/de\/wp-json\/wp\/v2\/pages\/6829"}],"collection":[{"href":"https:\/\/techten.com.br\/de\/wp-json\/wp\/v2\/pages"}],"about":[{"href":"https:\/\/techten.com.br\/de\/wp-json\/wp\/v2\/types\/page"}],"replies":[{"embeddable":true,"href":"https:\/\/techten.com.br\/de\/wp-json\/wp\/v2\/comments?post=6829"}],"version-history":[{"count":0,"href":"https:\/\/techten.com.br\/de\/wp-json\/wp\/v2\/pages\/6829\/revisions"}],"wp:attachment":[{"href":"https:\/\/techten.com.br\/de\/wp-json\/wp\/v2\/media?parent=6829"}],"curies":[{"name":"wp","href":"https:\/\/api.w.org\/{rel}","templated":true}]}}