    {"id":6815,"date":"2022-07-04T11:27:56","date_gmt":"2022-07-04T14:27:56","guid":{"rendered":"https:\/\/techten.com.br\/?page_id=6815"},"modified":"2022-07-04T11:27:56","modified_gmt":"2022-07-04T14:27:56","slug":"quem-somos","status":"publish","type":"page","link":"https:\/\/techten.com.br\/en_gb\/quem-somos\/","title":{"rendered":"Who We Are"},"content":{"rendered":"<p>Bem-Vindo(a) ao <strong>TechTen<\/strong>!<\/p>\n<p>Nosso blog foi criado para trazer a voc\u00ea, leitor(a), informa\u00e7\u00f5es e dicas sobre conte\u00fados relacionados a tecnologia, cart\u00f5es de cr\u00e9dito, empr\u00e9stimos e muito mais.<\/p>\n<p>Ressaltamos que <strong>N\u00c3O OFERECEMOS<\/strong> esses produtos\/servi\u00e7os. Apenas publicamos diariamente artigos com an\u00e1lises, not\u00edcias e curiosidades sobre eles.<\/p>\n<p>Al\u00e9m disso, a <strong>Equipe TechTen N\u00c3O SOLICITA<\/strong> dep\u00f3sitos, transfer\u00eancias ou pagamentos, como condi\u00e7\u00e3o para simula\u00e7\u00e3o, aprova\u00e7\u00e3o ou libera\u00e7\u00e3o de produtos ou servi\u00e7os mencionados em nossas publica\u00e7\u00f5es.<\/p>\n<p>Consideramos a sua opini\u00e3o muito importante para a melhoria do nosso site, por isso, caso voc\u00ea tenha d\u00favidas, sugest\u00f5es ou at\u00e9 mesmo reclama\u00e7\u00f5es, entre em contato conosco atrav\u00e9s do E-mail: <strong><a href=\"mailto:contato@vmvnews.com.br\">contato@vmvnews.com.br<\/a><\/strong> ou do formul\u00e1rio disponibilizado abaixo.<\/p>\n<p><a href=\"https:\/\/techten.com.br\/en_gb\/contato\/\">Envie-nos uma mensagem<\/a>.<\/p>\n<p>&nbsp;A equipe&nbsp;<strong style=\"font-size: 14pt; color: var( --e-global-color-text );\">TechTen<\/strong>&nbsp;agradece a sua visita!<\/p>\n<p>Um grande abra\u00e7o.<\/p>","protected":false},"excerpt":{"rendered":"<p>Bem-Vindo(a) ao TechTen! Nosso blog foi criado para trazer a voc\u00ea, leitor(a), informa\u00e7\u00f5es e dicas sobre conte\u00fados relacionados a tecnologia, cart\u00f5es de cr\u00e9dito, empr\u00e9stimos e muito mais. Ressaltamos que N\u00c3O OFERECEMOS esses produtos\/servi\u00e7os. Apenas publicamos diariamente artigos com an\u00e1lises, not\u00edcias e curiosidades sobre eles. Al\u00e9m disso, a Equipe TechTen N\u00c3O SOLICITA dep\u00f3sitos, transfer\u00eancias ou pagamentos, [&hellip;]<\/p>","protected":false},"author":0,"featured_media":0,"parent":0,"menu_order":0,"comment_status":"closed","ping_status":"closed","template":"","meta":{"footnotes":""},"_links":{"self":[{"href":"https:\/\/techten.com.br\/en_gb\/wp-json\/wp\/v2\/pages\/6815"}],"collection":[{"href":"https:\/\/techten.com.br\/en_gb\/wp-json\/wp\/v2\/pages"}],"about":[{"href":"https:\/\/techten.com.br\/en_gb\/wp-json\/wp\/v2\/types\/page"}],"replies":[{"embeddable":true,"href":"https:\/\/techten.com.br\/en_gb\/wp-json\/wp\/v2\/comments?post=6815"}],"version-history":[{"count":0,"href":"https:\/\/techten.com.br\/en_gb\/wp-json\/wp\/v2\/pages\/6815\/revisions"}],"wp:attachment":[{"href":"https:\/\/techten.com.br\/en_gb\/wp-json\/wp\/v2\/media?parent=6815"}],"curies":[{"name":"wp","href":"https:\/\/api.w.org\/{rel}","templated":true}]}}