    {"id":6829,"date":"2022-07-12T10:38:37","date_gmt":"2022-07-12T13:38:37","guid":{"rendered":"https:\/\/techten.com.br\/?page_id=6829"},"modified":"2022-07-12T10:38:37","modified_gmt":"2022-07-12T13:38:37","slug":"termos-de-uso","status":"publish","type":"page","link":"https:\/\/techten.com.br\/en_gb\/termos-de-uso\/","title":{"rendered":"Terms of Use"},"content":{"rendered":"<p><strong>TERMOS DE SERVI\u00c7O<\/strong><\/p>\n<p><strong>VIS\u00c3O GERAL<\/strong><\/p>\n<p>Este site \u00e9 operado pela TechTen. Por isso, em todas as nossas p\u00e1ginas, os termos &#8220;n\u00f3s&#8221;, &#8220;nos&#8221; e &#8220;nosso&#8221; se referem \u00e0 TechTen.<\/p>\n<p>Al\u00e9m disso, todas as informa\u00e7\u00f5es, ferramentas e servi\u00e7os s\u00e3o disponibilizados neste site, para voc\u00ea, o usu\u00e1rio, mediante a sua concord\u00e2ncia com todos os termos, condi\u00e7\u00f5es, pol\u00edticas e avisos aqui institu\u00eddos.<\/p>\n<p>Ao navegar em nosso site e\/ou adquirir algum produto ou servi\u00e7o em no nosso site, voc\u00ea est\u00e1 utilizando nossos \u201cServi\u00e7os\u201d e, assim, consente com os termos e condi\u00e7\u00f5es (\u201cTermos de servi\u00e7o\u201d, \u201cTermos\u201d), inclusive com os termos e condi\u00e7\u00f5es, bem como as pol\u00edticas adicionais indicadas neste documento e\/ou atrav\u00e9s de hyperlink.<\/p>\n<p>Esses Termos de servi\u00e7o se imp\u00f5em a todos os usu\u00e1rios do site, abrangendo, os usu\u00e1rios que s\u00e3o visualizadores, fabricantes, clientes, lojistas e\/ou colaboradores de conte\u00fado.<\/p>\n<p>Por isso, antes de acessar ou utilizar o nosso site leia, atentamente, estes Termos de servi\u00e7o, pois, ao acessar ou usar qualquer parte do site, voc\u00ea estar\u00e1 aceitando os nossos Termos de servi\u00e7o.<\/p>\n<p>No entanto, caso voc\u00ea discorde dos termos e condi\u00e7\u00f5es deste contrato, recomendamos que voc\u00ea n\u00e3o acessar o site e\/ou n\u00e3o utilize quaisquer servi\u00e7os. Esses Termos de servi\u00e7o s\u00e3o classificados como uma proposta, sendo que a anu\u00eancia \u00e9 restrita a esses Termos de servi\u00e7o.<\/p>\n<p>Os novos recursos ou ferramentas que forem inclu\u00eddos ao site atual tamb\u00e9m estar\u00e3o sujeitos aos Termos de servi\u00e7o.<\/p>\n<p>Voc\u00ea pode conferir a vers\u00e3o mais recente dos Termos de servi\u00e7o quando quiser nesta p\u00e1gina.<\/p>\n<p>Reservamo-nos o direito de modificar qualquer parte desses Termos de servi\u00e7o ao publicar atualiza\u00e7\u00f5es e\/ou altera\u00e7\u00f5es no nosso site.<\/p>\n<p>\u00c9 sua responsabilidade consultar com frequ\u00eancia as altera\u00e7\u00f5es feitas nesta p\u00e1gina. Seu uso frequente ou o acesso ao site ap\u00f3s a publica\u00e7\u00e3o de quaisquer altera\u00e7\u00f5es implica anu\u00eancia a tais modifica\u00e7\u00f5es.<\/p>\n<p><strong>SE\u00c7\u00c3O 1 &#8211; TERMOS DO SITE<\/strong><\/p>\n<p>Ao aceitar estes Termos de servi\u00e7o, voc\u00ea confirma que \u00e9 maior de idade em seu estado ou munic\u00edpio de resid\u00eancia, e que nos permitiu que qualquer um de seus dependentes menores use este site.<\/p>\n<p>Nossos produtos n\u00e3o podem ser usados para fins ilegais ou n\u00e3o autorizados. Ao desfrutar deste Servi\u00e7o, voc\u00ea tamb\u00e9m n\u00e3o pode violar quaisquer leis em sua jurisdi\u00e7\u00e3o (incluindo, entre outras, as leis de direitos autorais).<\/p>\n<p>Al\u00e9m disso, voc\u00ea n\u00e3o deve divulgar nenhum v\u00edrus ou qualquer c\u00f3digo de natureza destrutiva.<\/p>\n<p>Violar qualquer um dos Termos acarretar\u00e1 na rescis\u00e3o imediata dos seus Servi\u00e7os.<\/p>\n<p><strong>SE\u00c7\u00c3O 2 &#8211; CONDI\u00c7\u00d5ES GERAIS<\/strong><\/p>\n<p>Reservamo-nos o direito de rejeitar o servi\u00e7o por qualquer motivo, a qualquer pessoa e, a qualquer momento.<\/p>\n<p>Voc\u00ea compreende que os seus dados (n\u00e3o incluindo informa\u00e7\u00f5es de cart\u00e3o de cr\u00e9dito) podem ser transmitidos sem criptografia e pode: (a) ser distribu\u00eddo por v\u00e1rias redes; e (b) sofrer modifica\u00e7\u00f5es para se adequar \u00e0s condi\u00e7\u00f5es t\u00e9cnicas de conex\u00e3o de redes ou dispositivos. As informa\u00e7\u00f5es de cart\u00e3o de cr\u00e9dito sempre s\u00e3o criptografadas durante a transfer\u00eancia entre redes.<\/p>\n<p>Voc\u00ea consente em n\u00e3o reproduzir, duplicar, copiar, vender, revender ou explorar qualquer parte do Servi\u00e7o, uso do Servi\u00e7o, acesso ao Servi\u00e7o, ou qualquer contato no site por meio do qual o Servi\u00e7o seja disponibilizado, sem nossa autoriza\u00e7\u00e3o expressa por escrito.<\/p>\n<p>Os t\u00edtulos empregados neste contrato s\u00e3o inserido apenas por interesse e n\u00e3o restringem ou atingem os Termos.<\/p>\n<p><strong>SE\u00c7\u00c3O 3 &#8211; EXATID\u00c3O E PRAZO DE VALIDADE DAS INFORMA\u00c7\u00d5ES<\/strong><\/p>\n<p>N\u00e3o nos responsabilizamos se as informa\u00e7\u00f5es apresentadas neste site n\u00e3o forem exatas, completas ou recentes.<\/p>\n<p>O material deste site \u00e9 disponibilizado exclusivamente com fins informativos e n\u00e3o deve ser utilizado como a \u00fanica fonte para tomar decis\u00f5es sem consulta a outras fontes de informa\u00e7\u00f5es prim\u00e1rias, mais exatas, mais completas ou mais recentes.<\/p>\n<p>Portanto, a utiliza\u00e7\u00e3o de qualquer conte\u00fado deste site \u00e9 sua responsabilidade.<\/p>\n<p>Este site pode divulgar algumas informa\u00e7\u00f5es hist\u00f3ricas, que podem n\u00e3o ser recentes e s\u00e3o fornecidas somente para sua refer\u00eancia.<\/p>\n<p>Reservamo-nos o direito de alterar o conte\u00fado deste site a qualquer momento. Contudo, n\u00e3o temos obriga\u00e7\u00e3o de atualizar nenhuma informa\u00e7\u00e3o em nosso site, sendo sua responsabilidade conferir as altera\u00e7\u00f5es no nosso site.<\/p>\n<p><strong>SE\u00c7\u00c3O 4 &#8211; MODIFICA\u00c7\u00d5ES DO SERVI\u00c7O E DOS PRE\u00c7OS (caso aplic\u00e1vel)<\/strong><\/p>\n<p>Os valores de nossos produtos est\u00e3o sujeitos a modifica\u00e7\u00f5es sem comunica\u00e7\u00e3o pr\u00e9via.<\/p>\n<p>Reservamo-nos o direito de, a qualquer momento, alterar ou interromper o Servi\u00e7o (ou qualquer parte ou conte\u00fado do mesmo) a qualquer momento e sem comunica\u00e7\u00e3o pr\u00e9via.<\/p>\n<p>N\u00e3o nos responsabilizamos por voc\u00ea ou por terceiro por qualquer modifica\u00e7\u00e3o, altera\u00e7\u00e3o de pre\u00e7o, cancelamento ou interrup\u00e7\u00e3o do Servi\u00e7o.<\/p>\n<p><strong>SE\u00c7\u00c3O 5 &#8211; PRODUTOS OU SERVI\u00c7OS (caso aplic\u00e1vel)<\/strong><\/p>\n<p>Alguns produtos ou servi\u00e7os podem estar dispon\u00edveis exclusivamente online atrav\u00e9s do site e, por isso, podem ter quantidades limitadas e s\u00e3o sujeitos a apenas devolu\u00e7\u00e3o ou troca, de acordo com nossa Pol\u00edtica de devolu\u00e7\u00e3o.<\/p>\n<p>Faremos o poss\u00edvel para apresentar com precis\u00e3o as cores e imagens dos nossos produtos, mas n\u00e3o podemos assegurar que a apresenta\u00e7\u00e3o de qualquer cor no monitor do seu computador ser\u00e1 exata.<\/p>\n<p>Reservamo-nos o direito, mas n\u00e3o temos a obriga\u00e7\u00e3o, de fixar as vendas de nossos produtos ou Servi\u00e7os para qualquer pessoa, regi\u00e3o geogr\u00e1fica ou jurisdi\u00e7\u00e3o. Podemos executar esse direito de acordo com cada caso espec\u00edfico.<\/p>\n<p>Reservamo-nos o direito de fixar as quantidades de quaisquer produtos ou servi\u00e7os que oferecemos. Al\u00e9m disso, as informa\u00e7\u00f5es sobre produtos ou pre\u00e7os est\u00e3o sujeitas a modifica\u00e7\u00e3o a qualquer momento sem comunica\u00e7\u00e3o pr\u00e9via e, a nosso crit\u00e9rio particular.<\/p>\n<p>Reservamo-nos o direito de suspender qualquer produto a qualquer momento. As ofertas de produtos ou servi\u00e7os neste site \u00e9 nula nos casos proibidos por lei.<\/p>\n<p>N\u00e3o asseguramos que a qualidade de quaisquer produtos, servi\u00e7os, informa\u00e7\u00f5es ou outros materiais adquiridos por voc\u00ea v\u00e3o atender \u00e0s suas expectativas, ou que quaisquer erros no Servi\u00e7o ser\u00e3o corrigidos.<\/p>\n<p><strong>SE\u00c7\u00c3O 6 &#8211; EXATID\u00c3O DE COBRAN\u00c7A E INFORMA\u00c7\u00d5ES DA CONTA<\/strong><\/p>\n<p>N\u00f3s nos reservamos o direito de rejeitar qualquer pedido que voc\u00ea fizer conosco.<\/p>\n<p>Podemos, a nosso pr\u00f3prio entendimento, restringir ou cancelar a quantidade de produtos adquiridos por pessoa, por domic\u00edlio ou por pedido. Tais limita\u00e7\u00f5es podem abranger pedidos feitos na mesma conta de cliente, no mesmo cart\u00e3o de cr\u00e9dito, e\/ou pedidos que usem a mesma fatura e\/ou endere\u00e7o de entrega.<\/p>\n<p>Em caso de modifica\u00e7\u00e3o ou cancelamento de um pedido, podemos tentar inform\u00e1-lo atrav\u00e9s do endere\u00e7o de e-mail e\/ou o n\u00famero de telefone\/endere\u00e7o fornecido no momento da realiza\u00e7\u00e3o do pedido.<\/p>\n<p>Reservamo-nos o direito de restringir ou impedir pedidos que, a nosso crit\u00e9rio particular, possam ter sido realizados por lojistas, revendedores ou distribuidores.<\/p>\n<p>Voc\u00ea concorda em ceder seus dados de conta e compra completas para todas as aquisi\u00e7\u00f5es realizadas em nossa loja.<\/p>\n<p>Voc\u00ea concorda em atualizar sua conta e outras informa\u00e7\u00f5es, inclusive seu e-mail, n\u00fameros de cart\u00e3o de cr\u00e9dito e datas de validade, para que possamos completar suas transa\u00e7\u00f5es e entrar em contato quando necess\u00e1rio.<\/p>\n<p>Para mais detalhes, por favor, consulte a nossa Pol\u00edtica de devolu\u00e7\u00e3o.<\/p>\n<p><strong>SE\u00c7\u00c3O 7 &#8211; FERRAMENTAS ALTERNATIVAS<\/strong><\/p>\n<p>Podemos fornecer a voc\u00ea acesso a ferramentas de terceiros sobre as quais n\u00e3o fiscalizamos nem temos o controle.<\/p>\n<p>Voc\u00ea concorda que n\u00f3s oferecemos acesso a tais ferramentas na condi\u00e7\u00e3o em que se encontram e de acordo com a disponibilidade, sem quaisquer garantias, declara\u00e7\u00f5es ou condi\u00e7\u00f5es de qualquer tipo e sem qualquer endosso. Portanto, n\u00e3o nos responsabilizamos, em nenhuma hip\u00f3tese, pelo seu uso de ferramentas facultativas de terceiros.<\/p>\n<p>A utiliza\u00e7\u00e3o de ferramentas opcionais disponibilizadas atrav\u00e9s do site \u00e9 exclusivamente por sua conta e risco, e voc\u00ea deve se habituar e aceitar os termos das ferramentas que s\u00e3o oferecidas por fornecedor(es) terceiro(s).<\/p>\n<p>Tamb\u00e9m podemos, mais \u00e0 frente, disponibilizar novos servi\u00e7os e\/ou recursos atrav\u00e9s do site (englobando a promo\u00e7\u00e3o de novas ferramentas e recursos), os quais tamb\u00e9m estar\u00e3o sujeitos a esses Termos de servi\u00e7o.<\/p>\n<p><strong>SE\u00c7\u00c3O 8 &#8211; LINKS DE TERCEIROS<\/strong><\/p>\n<p>Alguns conte\u00fados, produtos e servi\u00e7os disponibilizados atrav\u00e9s do nosso Servi\u00e7o podem abranger materiais de terceiros.<\/p>\n<p>Os links de terceiros nesse site podem encaminhar voc\u00ea a sites de terceiros que n\u00e3o s\u00e3o Afiliados a n\u00f3s. Dessa forma, n\u00e3o nos responsabilizamos por consultar ou avaliar o conte\u00fado ou sua exatid\u00e3o. Al\u00e9m disso, n\u00e3o asseguramos e nem temos obriga\u00e7\u00e3o ou responsabilidade por quaisquer conte\u00fados ou sites de terceiros, ou por quaisquer outros conte\u00fados, produtos ou servi\u00e7os de terceiros.<\/p>\n<p>N\u00e3o nos responsabilizamos por quaisquer danos ou preju\u00edzos associados com a aquisi\u00e7\u00e3o ou utiliza\u00e7\u00e3o de mercadorias, servi\u00e7os, recursos, conte\u00fado, ou quaisquer outras opera\u00e7\u00f5es realizadas em conex\u00e3o com quaisquer sites de terceiros.<\/p>\n<p>Por isso recomendamos que voc\u00ea leia com aten\u00e7\u00e3o as pol\u00edticas e pr\u00e1ticas de terceiros e certifique-se de que voc\u00ea as compreende antes de realizar qualquer opera\u00e7\u00e3o. As d\u00favidas, reclama\u00e7\u00f5es e quaisquer quest\u00f5es associadas a produtos de terceiros devem ser encaminhadas \u00e0 respectiva empresa terceira.<\/p>\n<p><strong>SE\u00c7\u00c3O 9 &#8211; COMENT\u00c1RIOS, FEEDBACK E OUTRAS INTERA\u00c7\u00d5ES DO USU\u00c1RIO<\/strong><\/p>\n<p>Se, a nosso pedido, voc\u00ea realizar algumas a\u00e7\u00f5es espec\u00edficas (por exemplo, inscri\u00e7\u00f5es em concursos) ou, sem pedido de nossa parte, encaminhar ideias, sugest\u00f5es, propostas, planos ou outros materiais, seja online, por e-mail, correio ou de outra forma (em conjunto denominado &#8220;coment\u00e1rios&#8221;), voc\u00ea concorda que podemos, a qualquer momento, sem limita\u00e7\u00f5es, editar, copiar, publicar, distribuir, traduzir e usar, em qualquer meio, quaisquer coment\u00e1rios que voc\u00ea nos enviar.<\/p>\n<p>N\u00e3o nos responsabilizamos por: (1) conservar quaisquer coment\u00e1rios em sigilo; (2) indenizar por quaisquer coment\u00e1rios; ou (3) responder quaisquer coment\u00e1rios.<\/p>\n<p>Podemos, mas n\u00e3o somos obrigados a monitorar, editar ou remover conte\u00fado que n\u00f3s determinamos a nosso pr\u00f3prio crit\u00e9rio ser contra a lei, ofensivo, amea\u00e7ador, calunioso, difamat\u00f3rio, pornogr\u00e1fico, obsceno ou censur\u00e1vel, ou que viole a propriedade intelectual de terceiros ou estes Termos de servi\u00e7o.<\/p>\n<p>Voc\u00ea se compromete a n\u00e3o publicar coment\u00e1rios que violem qualquer direito de terceiros, incluindo direitos autorais, marcas registradas, privacidade, personalidade ou outro direito pessoal ou de propriedade.<\/p>\n<p>Voc\u00ea se compromete a n\u00e3o publicar coment\u00e1rios que contenham material difamat\u00f3rio, ilegal, abusivo ou obsceno, nem que contenham nenhum v\u00edrus de computador ou outro malware que possa afetar a opera\u00e7\u00e3o do Servi\u00e7o ou qualquer site relacionado.<\/p>\n<p>Voc\u00ea n\u00e3o poder\u00e1 usar endere\u00e7o de e-mail falso, simular ser outra pessoa ou, de outra forma, enganar a n\u00f3s ou terceiros quanto \u00e0 origem de quaisquer coment\u00e1rios. Voc\u00ea \u00e9 o \u00fanico respons\u00e1vel por quaisquer coment\u00e1rios que faz e pela veracidade deles. N\u00f3s n\u00e3o aceitamos qualquer responsabilidade ou obriga\u00e7\u00e3o por quaisquer coment\u00e1rios publicados por voc\u00ea ou por terceiros em nosso site.<\/p>\n<p><strong>SE\u00c7\u00c3O 10 &#8211; INFORMA\u00c7\u00d5ES PESSOAIS<\/strong><\/p>\n<p>A declara\u00e7\u00e3o de informa\u00e7\u00f5es pessoais por meio do site \u00e9 regida pela nossa Pol\u00edtica de privacidade. Por isso, para saber mais, consulte a nossa Pol\u00edtica de privacidade.<\/p>\n<p><strong>SE\u00c7\u00c3O 11 &#8211; ERROS, INCORRE\u00c7\u00d5ES E OMISS\u00d5ES<\/strong><\/p>\n<p>Por vezes, pode haver informa\u00e7\u00f5es em nosso site ou no Servi\u00e7o que contenham erros tipogr\u00e1ficos, incorre\u00e7\u00f5es ou omiss\u00f5es que possam estar relacionadas a defini\u00e7\u00f5es de produtos, pre\u00e7os, promo\u00e7\u00f5es, ofertas, cobran\u00e7as de frete de produtos, tempos de tr\u00e2nsito e disponibilidade.<\/p>\n<p>Reservamo-nos o direito de retificar quaisquer erros, incorre\u00e7\u00f5es ou omiss\u00f5es, e de modificar ou atualizar informa\u00e7\u00f5es ou cancelar pedidos caso qualquer informa\u00e7\u00e3o no Servi\u00e7o ou em qualquer site relacionado seja imprecisa, a qualquer momento e sem aviso pr\u00e9vio (at\u00e9 mesmo depois de voc\u00ea ter enviado o seu pedido).<\/p>\n<p>N\u00e3o consentimos com a obriga\u00e7\u00e3o de atualizar, modificar ou esclarecer informa\u00e7\u00f5es no Servi\u00e7o ou em qualquer site relacionado, incluindo, entre outras, as informa\u00e7\u00f5es sobre pre\u00e7os, salvo nos casos exigidos por lei.<\/p>\n<p>Nenhuma atualiza\u00e7\u00e3o individualizada ou data de atualiza\u00e7\u00e3o no Servi\u00e7o ou em qualquer site relacionado deve ser usada para apontar que todas as informa\u00e7\u00f5es do Servi\u00e7o ou em qualquer site respectivo tenham sido modificadas ou atualizadas.<\/p>\n<p><strong>SE\u00c7\u00c3O 12 &#8211; USOS PROIBIDOS<\/strong><\/p>\n<p>Al\u00e9m de outros impedimentos definidos nos Termos de servi\u00e7o, voc\u00ea est\u00e1 proibido de usar o site ou seu conte\u00fado para: (a) qualquer prop\u00f3sito il\u00edcito; (b) requisitar a outros que realizem ou colaborem com atos ilegais; (c) infringir quaisquer regulamentos, regras, leis ou leis locais, internacionais, federais, municipais ou estaduais; (d) violar ou infringir nossos direitos de propriedade intelectual ou os direitos de propriedade intelectual de terceiros; (e) assediar, abusar, insultar, prejudicar, difamar, caluniar, desacreditar, intimidar ou discriminar com base no g\u00eanero, orienta\u00e7\u00e3o sexual, religi\u00e3o, etnia, ra\u00e7a, idade, nacionalidade ou defici\u00eancia; (f) divulgar informa\u00e7\u00f5es falsas ou enganosas;<br \/>\n(g) encaminhar ou divulgar v\u00edrus ou qualquer outro tipo de c\u00f3digo malicioso, que ser\u00e1 ou poder\u00e1 ser usado de qualquer forma que atinja a funcionalidade ou opera\u00e7\u00e3o do Servi\u00e7o ou de qualquer site relacionado, outros sites ou a internet; (h) colher ou rastrear as informa\u00e7\u00f5es pessoais de terceiros; (i) pr\u00e1tica de spam, phishing, pharm, pretext, spider, crawl ou scrape; (j) qualquer finalidade obscena ou imoral; ou para (k) interferir ou envolver os recursos de seguran\u00e7a do Servi\u00e7o ou de qualquer site relacionado, outros sites ou a internet.<\/p>\n<p>Reservamo-nos o direito de cancelar o seu uso do Servi\u00e7o ou de qualquer site relacionado por viola\u00e7\u00e3o a qualquer uma das proibi\u00e7\u00f5es acima mencionadas.<\/p>\n<p><strong>SE\u00c7\u00c3O 13 &#8211; DISPENSA DE GARANTIAS E DEFINI\u00c7\u00c3O DE RESPONSABILIDADE<\/strong><\/p>\n<p>N\u00f3s n\u00e3o garantimos que a utiliza\u00e7\u00e3o de nosso servi\u00e7o ser\u00e1 cont\u00ednuo, conveniente, seguro ou sem falhas. Tamb\u00e9m n\u00e3o garantimos que os resultados que possam ser obtidos pelo uso do servi\u00e7o ser\u00e3o exatos ou confi\u00e1veis.<\/p>\n<p>Voc\u00ea aceita que, ocasionalmente, podemos retirar o servi\u00e7o por tempo indeterminado ou cancel\u00e1-lo a qualquer momento, sem comunica\u00e7\u00e3o pr\u00e9via.<\/p>\n<p>Voc\u00ea aceita que o uso ou impossibilidade de utiliza\u00e7\u00e3o do servi\u00e7o \u00e9 sua responsabilidade. O servi\u00e7o e todos os produtos e servi\u00e7os oferecidos s\u00e3o (exceto conforme declarado por n\u00f3s) disponibilizados sem garantia e de acordo com a disponibilidade para seu uso, sem qualquer declara\u00e7\u00e3o, garantias ou condi\u00e7\u00f5es de qualquer tipo, expressas ou impl\u00edcitas, incluindo todas as garantias impl\u00edcitas ou condi\u00e7\u00f5es de comercializa\u00e7\u00e3o, quantidade, adequa\u00e7\u00e3o a uma finalidade espec\u00edfica, durabilidade, t\u00edtulo e n\u00e3o viola\u00e7\u00e3o.<\/p>\n<p>Em nenhum caso, a TechTen, nossos diretores, executivos, funcion\u00e1rios, Afiliados, agentes, contratados, estagi\u00e1rios, fornecedores, provedores de servi\u00e7os ou licenciantes ser\u00e3o respons\u00e1veis por qualquer dano, perda, reivindica\u00e7\u00e3o ou qualquer dano direto, indireto, incidental, punitivo, especial ou consequencial de qualquer tipo, incluindo, entre outros, lucros perdidos, perda de receita, perda de economias, perda de dados, custos de substitui\u00e7\u00e3o ou quaisquer danos semelhantes, seja com base em contrato, ato il\u00edcito (incluindo neglig\u00eancia), responsabilidade estrita ou n\u00e3o, resultantes da utiliza\u00e7\u00e3o de qualquer um dos servi\u00e7os ou quaisquer produtos obtidos utilizando o servi\u00e7o, ou para qualquer outra reivindica\u00e7\u00e3o associada de qualquer forma ao uso do servi\u00e7o ou qualquer produto, incluindo, entre outros, quaisquer falhas ou omiss\u00f5es em qualquer conte\u00fado, ou qualquer perda ou dano de qualquer tipo cometido como resultado do uso do servi\u00e7o ou de qualquer conte\u00fado (ou produto) publicado, transmitido ou de outra forma disponibilizado atrav\u00e9s do servi\u00e7o, mesmo se comunicado de sua possibilidade.<\/p>\n<p>Como alguns estados ou jurisdi\u00e7\u00f5es n\u00e3o aceitam a isen\u00e7\u00e3o ou a restri\u00e7\u00e3o de responsabilidade por danos indiretos ou incidentais, em tais estados ou jurisdi\u00e7\u00f5es, a nossa responsabilidade ser\u00e1 limitada \u00e0 extens\u00e3o m\u00e1xima permitida por lei.<\/p>\n<p><strong>SE\u00c7\u00c3O 14 &#8211; INDENIZA\u00c7\u00c3O<\/strong><\/p>\n<p>Voc\u00ea consente em indenizar, proteger e exonerar TechTen e nossa matriz, subsidi\u00e1rias, afiliadas, parceiros, executivos, diretores, agentes, contratados, licenciantes, prestadores de servi\u00e7os, subcontratados, fornecedores, estagi\u00e1rios e funcion\u00e1rios, de qualquer obje\u00e7\u00e3o ou demanda, incluindo honor\u00e1rios advocat\u00edcios razo\u00e1veis, feitos por terceiros, devido a ou consequente de sua infra\u00e7\u00e3o destes Termos de servi\u00e7o ou dos documentos que integram por refer\u00eancia, ou sua viola\u00e7\u00e3o de qualquer lei ou dos direitos de terceiros.<\/p>\n<p><strong>SE\u00c7\u00c3O 15 &#8211; INDEPEND\u00caNCIA<\/strong><\/p>\n<p>No caso de qualquer disposi\u00e7\u00e3o destes Termos de servi\u00e7o ser reputada ilegal, nula ou inexequ\u00edvel, tal disposi\u00e7\u00e3o ser\u00e1, no entanto, exequ\u00edvel na extens\u00e3o m\u00e1xima autorizada pela lei aplic\u00e1vel, e a parte n\u00e3o exequ\u00edvel ser\u00e1 tida como separada destes Termos de servi\u00e7o, e tal determina\u00e7\u00e3o n\u00e3o influenciar\u00e1 a validade e aplicabilidade de quaisquer outras disposi\u00e7\u00f5es remanescentes.<\/p>\n<p><strong>SE\u00c7\u00c3O 16 &#8211; RESCIS\u00c3O<\/strong><\/p>\n<p>As obriga\u00e7\u00f5es e as responsabilidades das partes envolvidas antes da data de rescis\u00e3o subsistir\u00e3o \u00e0 rescis\u00e3o deste contrato para todos os fins.<\/p>\n<p>Estes Termos de servi\u00e7o subsistem em vigor, a menos que sejam rescindidos por voc\u00ea ou por n\u00f3s, sendo que voc\u00ea pode rescindir estes Termos de servi\u00e7o a qualquer momento, comunicando-nos que j\u00e1 n\u00e3o pretende utilizar os nossos servi\u00e7os, ou quando voc\u00ea deixar de usar o nosso site.<\/p>\n<p>Se em nosso crit\u00e9rio particular voc\u00ea descumprir qualquer termo ou disposi\u00e7\u00e3o destes Termos de servi\u00e7o, n\u00f3s tamb\u00e9m podemos rescindir este contrato a qualquer momento sem comunica\u00e7\u00e3o pr\u00e9via e voc\u00ea ficar\u00e1 respons\u00e1vel por todas as quantias devidas at\u00e9 a data da rescis\u00e3o; tamb\u00e9m podemos lhe negar acesso a nossos Servi\u00e7os (ou qualquer parte deles).<\/p>\n<p><strong>SE\u00c7\u00c3O 17 &#8211; ACORDO INTEGRAL<\/strong><\/p>\n<p>O erro de nossa parte em exercer ou executar qualquer direito ou disposi\u00e7\u00e3o destes Termos de Servi\u00e7o n\u00e3o resultar\u00e1 em ren\u00fancia de tal direito ou disposi\u00e7\u00e3o.<\/p>\n<p>Estes Termos de servi\u00e7o e quaisquer pol\u00edticas ou normas publicadas por n\u00f3s neste site ou associadas ao servi\u00e7o estabelecem a integralidade do acordo entre n\u00f3s. Estes termos controlam o seu uso do Servi\u00e7o, substituindo quaisquer acordos anteriores ou recentes, comunica\u00e7\u00f5es e propostas, sejam verbais ou escritos, entre voc\u00ea e n\u00f3s (incluindo, entre outros, quaisquer vers\u00f5es anteriores dos Termos de servi\u00e7o).<\/p>\n<p>Quaisquer duplicidades na interpreta\u00e7\u00e3o destes Termos de servi\u00e7o n\u00e3o devem ser interpretadas contra a parte que os redigiu.<\/p>\n<p><strong>SE\u00c7\u00c3O 18 &#8211; LEGISLA\u00c7\u00c3O APLIC\u00c1VEL<\/strong><\/p>\n<p>Estes Termos de servi\u00e7o e quaisquer contratos separados nos quais fornecemos a voc\u00ea os Servi\u00e7os ser\u00e3o regidos e interpretados de acordo com as leis vigentes em SP, Brasil.<\/p>\n<p><strong>SE\u00c7\u00c3O 19 &#8211; MUDAN\u00c7AS NOS TERMOS DE SERVI\u00c7O<\/strong><\/p>\n<p>Voc\u00ea pode consultar a vers\u00e3o mais recente dos Termos de servi\u00e7o a qualquer momento nesta p\u00e1gina.<\/p>\n<p>Reservamo-nos o direito, a nosso crit\u00e9rio, de atualizar, alterar ou substituir qualquer parte destes Termos de servi\u00e7o ao publicar atualiza\u00e7\u00f5es e modifica\u00e7\u00f5es no nosso site.<\/p>\n<p>\u00c9 sua responsabilidade verificar regularmente se h\u00e1 altera\u00e7\u00f5es em nosso site, pois a sua utiliza\u00e7\u00e3o constante ou acesso ao nosso site ou ao Servi\u00e7o ap\u00f3s a publica\u00e7\u00e3o de quaisquer altera\u00e7\u00f5es a estes Termos de servi\u00e7o implica em concord\u00e2ncia com as altera\u00e7\u00f5es.<\/p>\n<p><strong>SE\u00c7\u00c3O 20 &#8211; INFORMA\u00c7\u00d5ES DE CONTATO<\/strong><\/p>\n<p>D\u00favidas sobre os Termos de servi\u00e7o devem ser encaminhadas para n\u00f3s em contato@techten.com.br.<\/p>","protected":false},"excerpt":{"rendered":"<p>TERMOS DE SERVI\u00c7O VIS\u00c3O GERAL Este site \u00e9 operado pela TechTen. Por isso, em todas as nossas p\u00e1ginas, os termos &#8220;n\u00f3s&#8221;, &#8220;nos&#8221; e &#8220;nosso&#8221; se referem \u00e0 TechTen. Al\u00e9m disso, todas as informa\u00e7\u00f5es, ferramentas e servi\u00e7os s\u00e3o disponibilizados neste site, para voc\u00ea, o usu\u00e1rio, mediante a sua concord\u00e2ncia com todos os termos, condi\u00e7\u00f5es, pol\u00edticas e [&hellip;]<\/p>","protected":false},"author":0,"featured_media":0,"parent":0,"menu_order":0,"comment_status":"closed","ping_status":"closed","template":"","meta":{"footnotes":""},"_links":{"self":[{"href":"https:\/\/techten.com.br\/en_gb\/wp-json\/wp\/v2\/pages\/6829"}],"collection":[{"href":"https:\/\/techten.com.br\/en_gb\/wp-json\/wp\/v2\/pages"}],"about":[{"href":"https:\/\/techten.com.br\/en_gb\/wp-json\/wp\/v2\/types\/page"}],"replies":[{"embeddable":true,"href":"https:\/\/techten.com.br\/en_gb\/wp-json\/wp\/v2\/comments?post=6829"}],"version-history":[{"count":0,"href":"https:\/\/techten.com.br\/en_gb\/wp-json\/wp\/v2\/pages\/6829\/revisions"}],"wp:attachment":[{"href":"https:\/\/techten.com.br\/en_gb\/wp-json\/wp\/v2\/media?parent=6829"}],"curies":[{"name":"wp","href":"https:\/\/api.w.org\/{rel}","templated":true}]}}