    {"id":16537,"date":"2021-11-19T10:45:11","date_gmt":"2021-11-19T13:45:11","guid":{"rendered":"http:\/\/techten.com.br\/?page_id=3"},"modified":"2021-11-19T10:45:11","modified_gmt":"2021-11-19T13:45:11","slug":"politica-de-privacidade","status":"publish","type":"page","link":"https:\/\/techten.com.br\/es\/politica-de-privacidade\/","title":{"rendered":"pol\u00edtica de privacidad"},"content":{"rendered":"<p>Es pol\u00edtica de TechTen respetar su privacidad con respecto a cualquier informaci\u00f3n que podamos recopilar de usted en el sitio web de TechTen y otros sitios que poseemos y operamos.<\/p>\n<p>Solo solicitamos informaci\u00f3n personal cuando es realmente necesaria para prestarle un servicio. Sin embargo, lo hacemos por medios adecuados y l\u00edcitos, con su conocimiento y consentimiento. Tambi\u00e9n le informamos por qu\u00e9 recopilamos la informaci\u00f3n y c\u00f3mo la utilizaremos.<\/p>\n<p>Solo conservamos la informaci\u00f3n recopilada durante el tiempo necesario para prestar el servicio solicitado. En caso de almacenamiento de datos, los protegemos con medios comercialmente aceptables para evitar p\u00e9rdidas y robos, as\u00ed como el acceso, la divulgaci\u00f3n, la copia, el uso o la modificaci\u00f3n no autorizados.<\/p>\n<p>No divulgamos informaci\u00f3n de identificaci\u00f3n personal p\u00fablicamente ni a terceros, excepto en los casos requeridos por la ley.<\/p>\n<p>Nuestro sitio web puede contener enlaces a sitios web externos que no gestionamos. Por lo tanto, aclaramos que no supervisamos el contenido ni las pr\u00e1cticas de estos sitios web y, por lo tanto, no somos responsables de sus respectivas pol\u00edticas de privacidad.<\/p>\n<p>Usted tiene derecho a rechazar nuestra solicitud de informaci\u00f3n personal, sabiendo que es posible que no podamos proporcionarle algunos de los servicios que desea.<\/p>\n<p>El uso frecuente de nuestro sitio web implica la aceptaci\u00f3n de nuestras pr\u00e1cticas en relaci\u00f3n con el Aviso de Privacidad y la informaci\u00f3n personal. Si tiene alguna pregunta sobre c\u00f3mo gestionamos la informaci\u00f3n personal y los datos de usuario, p\u00f3ngase en contacto con nosotros.<\/p>\n<p><strong>Pol\u00edtica de cookies de TechTen<\/strong><\/p>\n<p><strong>\u00bfQu\u00e9 son las cookies?<\/strong><\/p>\n<p>Como es habitual en la mayor\u00eda de sitios web profesionales, este sitio utiliza cookies, que son peque\u00f1os archivos que se descargan en su computadora, para mejorar su experiencia.<\/p>\n<p>Esta p\u00e1gina especifica qu\u00e9 informaci\u00f3n recopilan, c\u00f3mo se utiliza y por qu\u00e9 en algunos casos es necesario almacenar estas cookies.<\/p>\n<p>Tambi\u00e9n le explicaremos c\u00f3mo puede evitar que se almacenen estas cookies, sin embargo, esto puede degradar o &quot;romper&quot; ciertas caracter\u00edsticas de la funcionalidad del sitio.<\/p>\n<p><strong>\u00bfC\u00f3mo se utilizan las cookies?<\/strong><\/p>\n<p>Las cookies se utilizan por diversos motivos, que se describen a continuaci\u00f3n.<\/p>\n<p>Lamentablemente, en muchos casos, no existe una alternativa est\u00e1ndar de la industria para deshabilitar las cookies sin deshabilitar por completo la funcionalidad y las caracter\u00edsticas que agregan a este sitio web.<\/p>\n<p>Por lo tanto, le recomendamos que no desactive las cookies si no est\u00e1 seguro de si las necesita o no cuando se utilizan para proporcionar un servicio que utiliza.<\/p>\n<p><strong>Deshabilitar las cookies<\/strong><\/p>\n<p>Puede desactivar las cookies configurando su navegador (consulte la Ayuda de su navegador para saber c\u00f3mo hacerlo). Sin embargo, tenga en cuenta que desactivar las cookies afectar\u00e1 el funcionamiento de este y muchos otros sitios web que visite.<\/p>\n<p>Deshabilitar las cookies generalmente deshabilitar\u00e1 ciertas funciones y caracter\u00edsticas de este sitio web. Por lo tanto, le recomendamos que no las deshabilite.<\/p>\n<p><strong>Cookies que configuramos<\/strong><\/p>\n<ul>\n<li><strong>Cookies relacionadas con la cuenta<\/strong><\/li>\n<\/ul>\n<p>Si crea una cuenta en nuestro sitio web, se utilizar\u00e1n cookies para gestionar el proceso de registro y la administraci\u00f3n general.<\/p>\n<p>Estas cookies normalmente se eliminar\u00e1n cuando usted cierre la sesi\u00f3n del sistema; sin embargo, en algunas situaciones, pueden persistir para recordar sus preferencias del sitio despu\u00e9s de salir.<\/p>\n<ul>\n<li><strong>Cookies relacionadas con el inicio de sesi\u00f3n<\/strong><\/li>\n<\/ul>\n<p>Al iniciar sesi\u00f3n en nuestro sitio web, utilizamos cookies para recordar esta acci\u00f3n. Esto evita que tenga que iniciar sesi\u00f3n cada vez que visite una nueva p\u00e1gina.<\/p>\n<p>Estas cookies normalmente se eliminan o borran cuando usted cierra la sesi\u00f3n para garantizar que solo acceda a recursos y \u00e1reas restringidas cuando inicie sesi\u00f3n.<\/p>\n<ul>\n<li><strong>Cookies relacionadas con los boletines informativos por correo electr\u00f3nico<\/strong><\/li>\n<\/ul>\n<p>Este sitio web ofrece servicios de suscripci\u00f3n a newsletter o correo electr\u00f3nico, y en estos casos se pueden utilizar cookies para recordar si ya est\u00e1 registrado y si desea mostrar determinadas notificaciones que son v\u00e1lidas exclusivamente para usuarios registrados\/no registrados.<\/p>\n<ul>\n<li><strong>Solicitudes de procesamiento de cookies relacionadas<\/strong><\/li>\n<\/ul>\n<p>Este sitio web proporciona capacidades de comercio electr\u00f3nico o de pago, y algunas cookies son esenciales para garantizar que su pedido se recuerde entre p\u00e1ginas para que podamos procesarlo correctamente.<\/p>\n<ul>\n<li><strong>Cookies relacionadas con la investigaci\u00f3n<\/strong><\/li>\n<\/ul>\n<p>Proporcionamos encuestas y cuestionarios con frecuencia para ofrecer informaci\u00f3n interesante, herramientas \u00fatiles o para comprender mejor a nuestros usuarios. Estas encuestas pueden utilizar cookies para recordar qu\u00e9 usuarios ya han participado o para presentar resultados precisos tras modificar la p\u00e1gina.<\/p>\n<ul>\n<li><strong>Cookies relacionadas con formularios<\/strong><\/li>\n<\/ul>\n<p>Cuando env\u00eda sus datos a trav\u00e9s de un formulario, como los disponibles en las p\u00e1ginas de contacto o formularios de comentarios, se pueden configurar cookies para recordar detalles espec\u00edficos del usuario para su posterior correlaci\u00f3n.<\/p>\n<ul>\n<li><strong>Cookies de preferencias del sitio<\/strong><\/li>\n<\/ul>\n<p>Para ofrecerle una experiencia excepcional en este sitio web, le ofrecemos la funcionalidad de determinar sus preferencias sobre c\u00f3mo se presenta este sitio web al usarlo. Para recordar sus preferencias, es necesario configurar cookies para que esta informaci\u00f3n se presente cada vez que interact\u00fae con una p\u00e1gina que se ajuste a sus preferencias.<\/p>\n<ul>\n<li><strong>Cookies de terceros<\/strong><\/li>\n<\/ul>\n<p>En casos excepcionales, tambi\u00e9n utilizamos cookies de terceros de confianza. La siguiente secci\u00f3n describe qu\u00e9 cookies de terceros puede encontrar en este sitio web.<\/p>\n<ul>\n<li>Utilizamos Google Analytics, una de las herramientas de an\u00e1lisis web m\u00e1s fiables y utilizadas, para comprender c\u00f3mo los usuarios utilizan el sitio y, as\u00ed, mejorar su experiencia. Estas cookies pueden rastrear elementos relacionados con el tiempo que pasan en el sitio y las p\u00e1ginas a las que acceden, para que podamos seguir creando contenido atractivo.<\/li>\n<\/ul>\n<p>Para obtener m\u00e1s detalles sobre las cookies de Google Analytics, visite el sitio web oficial de Google Analytics.<\/p>\n<ul>\n<li>Utilizamos diagn\u00f3sticos de terceros para rastrear y estimar el uso de este sitio y as\u00ed poder seguir creando contenido interesante. Estas cookies pueden recopilar datos sobre el tiempo que pasa en el sitio o las p\u00e1ginas a las que accede, lo que nos ayuda a comprender c\u00f3mo podemos mejorar el sitio para usted.<\/li>\n<\/ul>\n<p>Experimentamos con frecuencia con nuevas funciones y realizamos cambios en la visualizaci\u00f3n del sitio. Durante las pruebas, podemos usar cookies para garantizar una experiencia de navegaci\u00f3n de calidad, hasta que comprendamos qu\u00e9 mejoras son las m\u00e1s populares entre nuestros usuarios.<\/p>\n<p>Al comercializar productos, necesitamos registrar estad\u00edsticas sobre el n\u00famero de visitantes de nuestro sitio web que realmente realizan una compra, y este es el tipo de informaci\u00f3n que estas cookies registrar\u00e1n. Esto es importante para usted, ya que demuestra que podemos anticipar nuestros gastos en publicidad y productos para garantizar el precio m\u00e1s adecuado.<\/p>\n<p>El servicio Google AdSense que utilizamos para mostrar publicidad utiliza una cookie de DoubleClick para mostrar anuncios m\u00e1s relevantes en la web y determinar cu\u00e1ntas veces se muestra un anuncio. Para obtener m\u00e1s informaci\u00f3n sobre Google AdSense, visite las preguntas frecuentes oficiales sobre privacidad de Google AdSense.<\/p>\n<p>Nuestro sitio web utiliza publicidad para cubrir gastos operativos y obtener financiaci\u00f3n para futuras mejoras. Las cookies de seguimiento del comportamiento que utiliza este sitio web est\u00e1n dise\u00f1adas para garantizar que reciba los anuncios m\u00e1s relevantes siempre que sea posible, rastreando an\u00f3nimamente sus preferencias y presentando contenido similar que pueda ser de su inter\u00e9s.<\/p>\n<p>Diferentes socios hacen publicidad en nuestro nombre, y las cookies de seguimiento de afiliados nos permiten identificar si nuestros usuarios accedieron al sitio a trav\u00e9s de uno de los sitios de nuestros socios, para que podamos recompensarlos adecuadamente y, cuando corresponda, permitir que nuestros socios afiliados ofrezcan promociones que puedan proporcionar para alentarlo a realizar una compra.<\/p>\n<p><strong>Compromiso del usuario<\/strong><\/p>\n<p>El usuario se compromete a utilizar el contenido y la informaci\u00f3n que TechTen pone a disposici\u00f3n en el sitio web de forma adecuada y apropiada, incluyendo pero no limitado a:<\/p>\n<p>A) No interferir en actividades consideradas contrarias a la ley, a la buena fe y al orden p\u00fablico;<\/p>\n<p>B) No difundir campa\u00f1as o contenidos de car\u00e1cter racista o xen\u00f3fobo, cualquier tipo de pornograf\u00eda ilegal, o contenidos que fomenten el terrorismo o atenten contra los derechos humanos;<\/p>\n<p>C) No provocar da\u00f1os en los sistemas f\u00edsicos (hardware) y l\u00f3gicos (software) de TechTen, de sus proveedores o de terceras personas, introducir o difundir en la red virus inform\u00e1ticos o cualesquiera otros sistemas f\u00edsicos o l\u00f3gicos que sean susceptibles de provocar los da\u00f1os anteriormente mencionados.<\/p>\n<p><strong>M\u00e1s informaci\u00f3n<\/strong><\/p>\n<p>Esperamos que esto quede claro y, como se mencion\u00f3 anteriormente, si tienes alguna duda, te recomendamos, por tu seguridad, que dejes las cookies habilitadas, en caso de que puedan influir en alguna de las funcionalidades que utilizas en nuestro sitio web.<\/p>","protected":false},"excerpt":{"rendered":"<p>\u00c9 pol\u00edtica do TechTen honrar a sua privacidade referente a qualquer informa\u00e7\u00e3o sua que possamos colher no site TechTen, e outros sites que possu\u00edmos e operamos. Solicitamos informa\u00e7\u00f5es pessoais apenas quando realmente necess\u00e1rio para lhe oferecer algum servi\u00e7o. No entanto, fazemo-lo por meios adequados e l\u00edcitos, com o seu conhecimento e concord\u00e2ncia. Tamb\u00e9m informamos o [&hellip;]<\/p>","protected":false},"author":0,"featured_media":0,"parent":0,"menu_order":0,"comment_status":"closed","ping_status":"closed","template":"","meta":{"footnotes":""},"_links":{"self":[{"href":"https:\/\/techten.com.br\/es\/wp-json\/wp\/v2\/pages\/16537"}],"collection":[{"href":"https:\/\/techten.com.br\/es\/wp-json\/wp\/v2\/pages"}],"about":[{"href":"https:\/\/techten.com.br\/es\/wp-json\/wp\/v2\/types\/page"}],"replies":[{"embeddable":true,"href":"https:\/\/techten.com.br\/es\/wp-json\/wp\/v2\/comments?post=16537"}],"version-history":[{"count":0,"href":"https:\/\/techten.com.br\/es\/wp-json\/wp\/v2\/pages\/16537\/revisions"}],"wp:attachment":[{"href":"https:\/\/techten.com.br\/es\/wp-json\/wp\/v2\/media?parent=16537"}],"curies":[{"name":"wp","href":"https:\/\/api.w.org\/{rel}","templated":true}]}}