    {"id":6815,"date":"2022-07-04T11:27:56","date_gmt":"2022-07-04T14:27:56","guid":{"rendered":"https:\/\/techten.com.br\/?page_id=6815"},"modified":"2022-07-04T11:27:56","modified_gmt":"2022-07-04T14:27:56","slug":"quem-somos","status":"publish","type":"page","link":"https:\/\/techten.com.br\/es\/quem-somos\/","title":{"rendered":"Quienes somos"},"content":{"rendered":"<p>Bienvenido a <strong>TechTen<\/strong>!<\/p>\n<p>Nuestro blog fue creado para brindarle a usted, el lector, informaci\u00f3n y consejos sobre temas relacionados con tecnolog\u00eda, tarjetas de cr\u00e9dito, pr\u00e9stamos y mucho m\u00e1s.<\/p>\n<p>Destacamos que <strong>NO OFRECEMOS<\/strong> Estos productos\/servicios. Solo publicamos art\u00edculos diarios con rese\u00f1as, noticias y datos interesantes sobre ellos.<\/p>\n<p>Adem\u00e1s, la <strong>El equipo de TechTen NO solicita<\/strong> No se requieren dep\u00f3sitos, transferencias ni pagos como condici\u00f3n para la simulaci\u00f3n, aprobaci\u00f3n o liberaci\u00f3n de los productos o servicios mencionados en nuestras publicaciones.<\/p>\n<p>Consideramos tu opini\u00f3n muy importante para la mejora de nuestra web, por lo que si tienes alguna duda, sugerencia o incluso queja, ponte en contacto con nosotros a trav\u00e9s del correo electr\u00f3nico: <strong><a href=\"mailto:contato@vmvnews.com.br\">contacto@vmvnews.com.br<\/a><\/strong> o el formulario que se proporciona a continuaci\u00f3n.<\/p>\n<p><a href=\"https:\/\/techten.com.br\/es\/contato\/\">Env\u00edanos un mensaje<\/a>.<\/p>\n<p>&nbsp;El equipo&nbsp;<strong style=\"font-size: 14pt; color: var( --e-global-color-text );\">TechTen<\/strong>&nbsp;\u00a1Gracias por tu visita!<\/p>\n<p>Un fuerte abrazo.<\/p>","protected":false},"excerpt":{"rendered":"<p>Bem-Vindo(a) ao TechTen! Nosso blog foi criado para trazer a voc\u00ea, leitor(a), informa\u00e7\u00f5es e dicas sobre conte\u00fados relacionados a tecnologia, cart\u00f5es de cr\u00e9dito, empr\u00e9stimos e muito mais. Ressaltamos que N\u00c3O OFERECEMOS esses produtos\/servi\u00e7os. Apenas publicamos diariamente artigos com an\u00e1lises, not\u00edcias e curiosidades sobre eles. Al\u00e9m disso, a Equipe TechTen N\u00c3O SOLICITA dep\u00f3sitos, transfer\u00eancias ou pagamentos, [&hellip;]<\/p>","protected":false},"author":0,"featured_media":0,"parent":0,"menu_order":0,"comment_status":"closed","ping_status":"closed","template":"","meta":{"footnotes":""},"_links":{"self":[{"href":"https:\/\/techten.com.br\/es\/wp-json\/wp\/v2\/pages\/6815"}],"collection":[{"href":"https:\/\/techten.com.br\/es\/wp-json\/wp\/v2\/pages"}],"about":[{"href":"https:\/\/techten.com.br\/es\/wp-json\/wp\/v2\/types\/page"}],"replies":[{"embeddable":true,"href":"https:\/\/techten.com.br\/es\/wp-json\/wp\/v2\/comments?post=6815"}],"version-history":[{"count":0,"href":"https:\/\/techten.com.br\/es\/wp-json\/wp\/v2\/pages\/6815\/revisions"}],"wp:attachment":[{"href":"https:\/\/techten.com.br\/es\/wp-json\/wp\/v2\/media?parent=6815"}],"curies":[{"name":"wp","href":"https:\/\/api.w.org\/{rel}","templated":true}]}}