    {"id":6829,"date":"2022-07-12T10:38:37","date_gmt":"2022-07-12T13:38:37","guid":{"rendered":"https:\/\/techten.com.br\/?page_id=6829"},"modified":"2022-07-12T10:38:37","modified_gmt":"2022-07-12T13:38:37","slug":"termos-de-uso","status":"publish","type":"page","link":"https:\/\/techten.com.br\/es\/termos-de-uso\/","title":{"rendered":"Condiciones de uso"},"content":{"rendered":"<p><strong>CONDICIONES DE SERVICIO<\/strong><\/p>\n<p><strong>DESCRIPCI\u00d3N GENERAL<\/strong><\/p>\n<p>Este sitio web es operado por TechTen. Por lo tanto, en todas nuestras p\u00e1ginas, los t\u00e9rminos \u00abnosotros\u00bb, \u00abnos\u00bb y \u00abnuestro\u00bb se refieren a TechTen.<\/p>\n<p>Adem\u00e1s, toda la informaci\u00f3n, herramientas y servicios se ponen a disposici\u00f3n de usted, el usuario, en este sitio web, una vez que acepte todos los t\u00e9rminos, condiciones, pol\u00edticas y avisos aqu\u00ed establecidos.<\/p>\n<p>Al navegar en nuestro sitio web y\/o comprar cualquier producto o servicio en nuestro sitio web, usted est\u00e1 utilizando nuestros \u201cServicios\u201d y, por lo tanto, acepta los t\u00e9rminos y condiciones (\u201cT\u00e9rminos de Servicio\u201d, \u201cT\u00e9rminos\u201d), incluidos los t\u00e9rminos y condiciones, as\u00ed como las pol\u00edticas adicionales indicadas en este documento y\/o a trav\u00e9s de hiperv\u00ednculos.<\/p>\n<p>Estos T\u00e9rminos de Servicio se aplican a todos los usuarios del sitio, incluidos los usuarios que son espectadores, fabricantes, clientes, comerciantes y\/o contribuyentes de contenido.<\/p>\n<p>Por lo tanto, antes de acceder o utilizar nuestro sitio web, lea atentamente estos T\u00e9rminos de Servicio, ya que al acceder o utilizar cualquier parte del sitio web, usted est\u00e1 aceptando nuestros T\u00e9rminos de Servicio.<\/p>\n<p>Sin embargo, si no est\u00e1 de acuerdo con los t\u00e9rminos y condiciones de este acuerdo, le recomendamos que no acceda al sitio web ni utilice ning\u00fan servicio. Estos T\u00e9rminos de Servicio se clasifican como una oferta y su aceptaci\u00f3n se limita a ellos.<\/p>\n<p>Cualquier nueva caracter\u00edstica o herramienta agregada al sitio web actual tambi\u00e9n estar\u00e1 sujeta a los T\u00e9rminos de Servicio.<\/p>\n<p>Puede ver la versi\u00f3n m\u00e1s reciente de los T\u00e9rminos de Servicio en cualquier momento en esta p\u00e1gina.<\/p>\n<p>Nos reservamos el derecho de modificar cualquier parte de estos T\u00e9rminos de Servicio mediante la publicaci\u00f3n de actualizaciones y\/o cambios en nuestro sitio web.<\/p>\n<p>Es su responsabilidad revisar esta p\u00e1gina con frecuencia para estar al tanto de los cambios. Su uso o acceso continuo al sitio web despu\u00e9s de la publicaci\u00f3n de cualquier cambio implica su aceptaci\u00f3n de dichos cambios.<\/p>\n<p><strong>SECCI\u00d3N 1 \u2013 T\u00c9RMINOS DEL SITIO<\/strong><\/p>\n<p>Al aceptar estos T\u00e9rminos de Servicio, usted confirma que es mayor de edad en su estado o municipio de residencia y que nos ha autorizado a permitir que cualquiera de sus dependientes menores de edad utilice este sitio.<\/p>\n<p>Nuestros productos no pueden utilizarse con fines ilegales o no autorizados. Al usar este Servicio, tampoco podr\u00e1 infringir ninguna ley de su jurisdicci\u00f3n (incluidas, entre otras, las leyes de derechos de autor).<\/p>\n<p>Adem\u00e1s, no debes distribuir ning\u00fan virus ni ning\u00fan c\u00f3digo de naturaleza destructiva.<\/p>\n<p>La violaci\u00f3n de cualquiera de los T\u00e9rminos resultar\u00e1 en la terminaci\u00f3n inmediata de sus Servicios.<\/p>\n<p><strong>SECCI\u00d3N 2 \u2013 CONDICIONES GENERALES<\/strong><\/p>\n<p>Nos reservamos el derecho de rechazar el servicio por cualquier motivo, a cualquier persona, en cualquier momento.<\/p>\n<p>Usted entiende que sus datos (sin incluir la informaci\u00f3n de su tarjeta de cr\u00e9dito) pueden transmitirse sin cifrar y pueden: (a) distribuirse a trav\u00e9s de diversas redes; y (b) sufrir modificaciones para adaptarse a las condiciones t\u00e9cnicas de conexi\u00f3n de las redes o dispositivos. La informaci\u00f3n de su tarjeta de cr\u00e9dito siempre se cifra durante su transferencia a trav\u00e9s de las redes.<\/p>\n<p>Usted acepta no reproducir, duplicar, copiar, vender, revender o explotar ninguna parte del Servicio, uso del Servicio, acceso al Servicio o cualquier contacto en el sitio web a trav\u00e9s del cual el Servicio est\u00e1 disponible, sin nuestro permiso expreso por escrito.<\/p>\n<p>Los encabezados utilizados en este acuerdo se insertan s\u00f3lo con fines informativos y no restringen ni afectan estos T\u00e9rminos.<\/p>\n<p><strong>SECCI\u00d3N 3 \u2013 EXACTITUD Y PER\u00cdODO DE VALIDEZ DE LA INFORMACI\u00d3N<\/strong><\/p>\n<p>No seremos responsables si la informaci\u00f3n presentada en este sitio web no es precisa, completa o actualizada.<\/p>\n<p>El material de este sitio se proporciona \u00fanicamente con fines informativos y no debe utilizarse como \u00fanica fuente para tomar decisiones sin consultar otras fuentes de informaci\u00f3n primarias, m\u00e1s precisas, m\u00e1s completas o m\u00e1s actualizadas.<\/p>\n<p>Por lo tanto, el uso de cualquier contenido de este sitio web es su responsabilidad.<\/p>\n<p>Este sitio web puede revelar informaci\u00f3n hist\u00f3rica que puede no ser reciente y se proporciona \u00fanicamente para su referencia.<\/p>\n<p>Nos reservamos el derecho de modificar el contenido de este sitio web en cualquier momento. Sin embargo, no tenemos la obligaci\u00f3n de actualizar la informaci\u00f3n de nuestro sitio web, y es su responsabilidad verificar los cambios en \u00e9l.<\/p>\n<p><strong>SECCI\u00d3N 4 \u2013 MODIFICACIONES DE SERVICIO Y PRECIO (si corresponde)<\/strong><\/p>\n<p>Los precios de nuestros productos est\u00e1n sujetos a cambios sin previo aviso.<\/p>\n<p>Nos reservamos el derecho de modificar o discontinuar el Servicio (o cualquier parte o contenido del mismo) en cualquier momento sin previo aviso.<\/p>\n<p>No seremos responsables ante usted ni ante ning\u00fan tercero por ninguna modificaci\u00f3n, cambio de precio, cancelaci\u00f3n o interrupci\u00f3n del Servicio.<\/p>\n<p><strong>SECCI\u00d3N 5 \u2013 PRODUCTOS O SERVICIOS (si corresponde)<\/strong><\/p>\n<p>Algunos productos o servicios pueden estar disponibles exclusivamente en l\u00ednea a trav\u00e9s del sitio web y, por lo tanto, pueden tener cantidades limitadas y estar sujetos a devoluci\u00f3n o cambio solo de acuerdo con nuestra Pol\u00edtica de Devoluci\u00f3n.<\/p>\n<p>Haremos todo lo posible para mostrar con precisi\u00f3n los colores y las im\u00e1genes de nuestros productos, pero no podemos garantizar que la visualizaci\u00f3n de cualquier color en el monitor de su computadora sea exacta.<\/p>\n<p>Nos reservamos el derecho, pero no estamos obligados, a limitar las ventas de nuestros productos o Servicios a cualquier persona, regi\u00f3n geogr\u00e1fica o jurisdicci\u00f3n. Podemos ejercer este derecho caso por caso.<\/p>\n<p>Nos reservamos el derecho de establecer las cantidades de cualquier producto o servicio que ofrecemos. Adem\u00e1s, la informaci\u00f3n sobre productos y precios est\u00e1 sujeta a cambios en cualquier momento sin previo aviso y a nuestra entera discreci\u00f3n.<\/p>\n<p>Nos reservamos el derecho de suspender cualquier producto en cualquier momento. Las ofertas de productos o servicios en este sitio web son nulas donde lo proh\u00edba la ley.<\/p>\n<p>No garantizamos que la calidad de los productos, servicios, informaci\u00f3n u otros materiales adquiridos por usted cumplir\u00e1n con sus expectativas, o que cualquier error en el Servicio ser\u00e1 corregido.<\/p>\n<p><strong>SECCI\u00d3N 6 \u2013 EXACTITUD DE FACTURACI\u00d3N E INFORMACI\u00d3N DE LA CUENTA<\/strong><\/p>\n<p>Nos reservamos el derecho de rechazar cualquier pedido que realice con nosotros.<\/p>\n<p>Podemos, a nuestra entera discreci\u00f3n, restringir o cancelar la cantidad de productos adquiridos por persona, por hogar o por pedido. Dichas limitaciones pueden aplicarse a pedidos realizados con la misma cuenta de cliente, la misma tarjeta de cr\u00e9dito o que utilicen la misma direcci\u00f3n de facturaci\u00f3n o entrega.<\/p>\n<p>En caso de modificaci\u00f3n o cancelaci\u00f3n de un pedido, podremos intentar informarle a trav\u00e9s de la direcci\u00f3n de correo electr\u00f3nico y\/o n\u00famero de tel\u00e9fono\/direcci\u00f3n proporcionados al momento de realizar el pedido.<\/p>\n<p>Nos reservamos el derecho de restringir o impedir pedidos que, a nuestro exclusivo criterio, puedan haber sido realizados por minoristas, revendedores o distribuidores.<\/p>\n<p>Usted acepta proporcionar su cuenta completa e informaci\u00f3n de compra para todas las compras realizadas en nuestra tienda.<\/p>\n<p>Usted acepta actualizar su cuenta y otra informaci\u00f3n, incluida su direcci\u00f3n de correo electr\u00f3nico, n\u00fameros de tarjetas de cr\u00e9dito y fechas de vencimiento, para que podamos completar sus transacciones y comunicarnos con usted cuando sea necesario.<\/p>\n<p>Para obtener m\u00e1s detalles, consulte nuestra Pol\u00edtica de devoluciones.<\/p>\n<p><strong>SECCI\u00d3N 7 \u2013 HERRAMIENTAS ALTERNATIVAS<\/strong><\/p>\n<p>Es posible que le proporcionemos acceso a herramientas de terceros sobre las que no tenemos supervisi\u00f3n ni control.<\/p>\n<p>Usted acepta que proporcionamos acceso a dichas herramientas &quot;tal cual&quot; y &quot;seg\u00fan disponibilidad&quot;, sin garant\u00edas, representaciones ni condiciones de ning\u00fan tipo y sin ning\u00fan tipo de respaldo. Por lo tanto, no nos responsabilizamos, bajo ninguna circunstancia, del uso que usted haga de herramientas opcionales de terceros.<\/p>\n<p>El uso de herramientas opcionales disponibles a trav\u00e9s del sitio web se realiza \u00fanicamente bajo su propio riesgo y debe familiarizarse y aceptar los t\u00e9rminos de las herramientas ofrecidas por los proveedores externos.<\/p>\n<p>Tambi\u00e9n podremos, en el futuro, poner a disposici\u00f3n nuevos servicios y\/o caracter\u00edsticas a trav\u00e9s del sitio web (incluida la promoci\u00f3n de nuevas herramientas y recursos), que tambi\u00e9n estar\u00e1n sujetos a estos T\u00e9rminos de Servicio.<\/p>\n<p><strong>SECCI\u00d3N 8 \u2013 ENLACES DE TERCEROS<\/strong><\/p>\n<p>Algunos contenidos, productos y servicios disponibles a trav\u00e9s de nuestro Servicio pueden incluir materiales de terceros.<\/p>\n<p>Los enlaces de terceros en este sitio pueden dirigirle a sitios web de terceros que no est\u00e1n afiliados a nosotros. Por lo tanto, no nos responsabilizamos de revisar ni evaluar el contenido ni su exactitud. Asimismo, no garantizamos ni asumimos ninguna obligaci\u00f3n ni responsabilidad por el contenido o sitios web de terceros, ni por ning\u00fan otro contenido, producto o servicio de terceros.<\/p>\n<p>No seremos responsables de ning\u00fan da\u00f1o o p\u00e9rdida asociada con la compra o el uso de bienes, servicios, recursos, contenidos o cualquier otra transacci\u00f3n realizada en conexi\u00f3n con sitios web de terceros.<\/p>\n<p>Por lo tanto, le recomendamos leer atentamente las pol\u00edticas y pr\u00e1cticas de terceros y asegurarse de comprenderlas antes de realizar cualquier transacci\u00f3n. Cualquier pregunta, queja o problema relacionado con productos de terceros debe dirigirse a la empresa correspondiente.<\/p>\n<p><strong>SECCI\u00d3N 9 \u2013 COMENTARIOS, OPINIONES Y OTRAS INTERACCIONES DE LOS USUARIOS<\/strong><\/p>\n<p>Si, a pedido nuestro, usted realiza ciertas acciones espec\u00edficas (por ejemplo, participar en concursos) o, sin un pedido nuestro, env\u00eda ideas, sugerencias, propuestas, planes u otros materiales, ya sea en l\u00ednea, por correo electr\u00f3nico, por correo postal o de otro modo (colectivamente, &quot;comentarios&quot;), usted acepta que podemos, en cualquier momento, sin limitaci\u00f3n, editar, copiar, publicar, distribuir, traducir y usar en cualquier medio cualquier comentario que nos env\u00ede.<\/p>\n<p>No somos responsables de: (1) mantener la confidencialidad de los comentarios; (2) pagar una compensaci\u00f3n por los comentarios; o (3) responder a los comentarios.<\/p>\n<p>Podemos, pero no estamos obligados a, monitorear, editar o eliminar contenido que determinemos, a nuestro exclusivo criterio, que sea ilegal, ofensivo, amenazante, calumnioso, difamatorio, pornogr\u00e1fico, obsceno o de otro modo objetable, o que viole la propiedad intelectual de terceros o estos T\u00e9rminos de Servicio.<\/p>\n<p>Usted acepta no publicar comentarios que violen los derechos de terceros, incluidos derechos de autor, marcas comerciales, privacidad, personalidad u otros derechos personales o de propiedad.<\/p>\n<p>Usted acepta no publicar comentarios que contengan material difamatorio, ilegal, abusivo u obsceno, ni que contengan ning\u00fan virus inform\u00e1tico u otro malware que pueda afectar el funcionamiento del Servicio o cualquier sitio web relacionado.<\/p>\n<p>No puede usar una direcci\u00f3n de correo electr\u00f3nico falsa, suplantar la identidad de otra persona ni enga\u00f1arnos a nosotros ni a terceros sobre el origen de sus comentarios. Usted es el \u00fanico responsable de sus comentarios y de su exactitud. No asumimos ninguna responsabilidad por los comentarios publicados por usted o por terceros en nuestro sitio web.<\/p>\n<p><strong>SECCI\u00d3N 10 \u2013 INFORMACI\u00d3N PERSONAL<\/strong><\/p>\n<p>La divulgaci\u00f3n de informaci\u00f3n personal a trav\u00e9s de este sitio web se rige por nuestra Pol\u00edtica de Privacidad. Para obtener m\u00e1s informaci\u00f3n, consulte nuestra Pol\u00edtica de Privacidad.<\/p>\n<p><strong>SECCI\u00d3N 11 \u2013 ERRORES, INEXACTITUDES Y OMISIONES<\/strong><\/p>\n<p>Ocasionalmente, puede haber informaci\u00f3n en nuestro sitio o en el Servicio que contenga errores tipogr\u00e1ficos, inexactitudes u omisiones que puedan estar relacionadas con las definiciones de productos, precios, promociones, ofertas, cargos de env\u00edo de productos, tiempos de tr\u00e1nsito y disponibilidad.<\/p>\n<p>Nos reservamos el derecho de corregir cualquier error, inexactitud u omisi\u00f3n, y de modificar o actualizar informaci\u00f3n o cancelar pedidos si alguna informaci\u00f3n en el Servicio o en cualquier sitio web relacionado es inexacta, en cualquier momento y sin previo aviso (incluso despu\u00e9s de haber enviado su pedido).<\/p>\n<p>No asumimos ninguna obligaci\u00f3n de actualizar, modificar o aclarar informaci\u00f3n en el Servicio o en cualquier sitio web relacionado, incluida, entre otras, la informaci\u00f3n de precios, excepto seg\u00fan lo requiera la ley.<\/p>\n<p>Ninguna fecha de actualizaci\u00f3n o renovaci\u00f3n del Servicio o de cualquier sitio web relacionado debe utilizarse para indicar que toda la informaci\u00f3n del Servicio o de cualquier sitio web relacionado ha sido modificada o actualizada.<\/p>\n<p><strong>SECCI\u00d3N 12 \u2013 USOS PROHIBIDOS<\/strong><\/p>\n<p>Adem\u00e1s de otras restricciones establecidas en los T\u00e9rminos de servicio, se le proh\u00edbe usar el sitio o su contenido para: (a) cualquier prop\u00f3sito ilegal; (b) solicitar a otros que realicen o participen en actos ilegales; (c) violar cualquier regulaci\u00f3n, regla, ley u ordenanza local, internacional, federal, municipal o estatal; (d) violar o infringir nuestros derechos de propiedad intelectual o los derechos de propiedad intelectual de terceros; (e) acosar, abusar, insultar, da\u00f1ar, difamar, calumniar, menospreciar, intimidar o discriminar por motivos de g\u00e9nero, orientaci\u00f3n sexual, religi\u00f3n, etnia, raza, edad, origen nacional o discapacidad; (f) difundir informaci\u00f3n falsa o enga\u00f1osa;<br \/>\n(g) reenviar o distribuir virus o cualquier otro tipo de c\u00f3digo malicioso que sea o pueda ser utilizado de cualquier forma que afecte la funcionalidad o el funcionamiento del Servicio o de cualquier sitio web relacionado, otros sitios web o Internet; (h) recopilar o rastrear informaci\u00f3n personal de otros; (i) participar en spam, phishing, pharming, pretexting, spidering, crawling o scraping; (j) cualquier prop\u00f3sito obsceno o inmoral; o (k) interferir o alterar las caracter\u00edsticas de seguridad del Servicio o de cualquier sitio web relacionado, otros sitios web o Internet.<\/p>\n<p>Nos reservamos el derecho de terminar su uso del Servicio o de cualquier sitio web relacionado por violar cualquiera de las prohibiciones antes mencionadas.<\/p>\n<p><strong>SECCI\u00d3N 13 \u2013 EXENCI\u00d3N DE GARANT\u00cdAS Y DEFINICI\u00d3N DE RESPONSABILIDAD<\/strong><\/p>\n<p>No garantizamos que el uso de nuestro servicio sea continuo, c\u00f3modo, seguro ni libre de errores. Tampoco garantizamos que los resultados que se obtengan al usarlo sean precisos o fiables.<\/p>\n<p>Usted acepta que ocasionalmente podemos retirar el servicio indefinidamente o cancelarlo en cualquier momento sin previo aviso.<\/p>\n<p>Usted acepta que el uso o la imposibilidad de usar el servicio es su responsabilidad. El servicio y todos los productos y servicios ofrecidos (salvo que lo indiquemos expresamente) se proporcionan sin garant\u00eda y seg\u00fan disponibilidad para su uso, sin ninguna declaraci\u00f3n, garant\u00eda ni condici\u00f3n de ning\u00fan tipo, expresa o impl\u00edcita, incluidas todas las garant\u00edas o condiciones impl\u00edcitas de comerciabilidad, cantidad, idoneidad para un fin determinado, durabilidad, titularidad y no infracci\u00f3n.<\/p>\n<p>Bajo ninguna circunstancia TechTen, nuestros directores, funcionarios, empleados, afiliados, agentes, contratistas, pasantes, proveedores, proveedores de servicios o licenciatarios ser\u00e1n responsables de ning\u00fan da\u00f1o, p\u00e9rdida, reclamo o cualquier da\u00f1o directo, indirecto, incidental, punitivo, especial o consecuente de ning\u00fan tipo, incluyendo, pero no limitado a, p\u00e9rdida de ganancias, p\u00e9rdida de ingresos, p\u00e9rdida de ahorros, p\u00e9rdida de datos, costos de reemplazo o cualquier da\u00f1o similar, ya sea basado en contrato, agravio (incluyendo negligencia), responsabilidad estricta o de otro tipo, que surja del uso de cualquiera de los servicios o productos obtenidos mediante el servicio, o por cualquier otro reclamo asociado de alguna manera con el uso del servicio o cualquier producto, incluyendo, pero no limitado a, cualquier falla u omisi\u00f3n en cualquier contenido, o cualquier p\u00e9rdida o da\u00f1o de cualquier tipo incurrido como resultado del uso del servicio o cualquier contenido (o producto) publicado, transmitido o puesto a disposici\u00f3n a trav\u00e9s del servicio, incluso si se advierte de su posibilidad.<\/p>\n<p>Debido a que algunos estados o jurisdicciones no aceptan la exenci\u00f3n o restricci\u00f3n de responsabilidad por da\u00f1os indirectos o incidentales, en dichos estados o jurisdicciones, nuestra responsabilidad estar\u00e1 limitada al m\u00e1ximo permitido por la ley.<\/p>\n<p><strong>SECCI\u00d3N 14 \u2013 COMPENSACI\u00d3N<\/strong><\/p>\n<p>Usted acepta indemnizar, proteger y eximir de responsabilidad a TechTen y a nuestra empresa matriz, subsidiarias, afiliadas, socios, funcionarios, directores, agentes, contratistas, licenciatarios, proveedores de servicios, subcontratistas, proveedores, pasantes y empleados, de cualquier objeci\u00f3n o demanda, incluidos los honorarios razonables de abogados, realizados por cualquier tercero, debido a o como resultado de su incumplimiento de estos T\u00e9rminos de servicio o los documentos que incorporan por referencia, o su violaci\u00f3n de cualquier ley o los derechos de un tercero.<\/p>\n<p><strong>SECCI\u00d3N 15 \u2013 INDEPENDENCIA<\/strong><\/p>\n<p>Si alguna disposici\u00f3n de estos T\u00e9rminos de Servicio se considera ilegal, nula o inaplicable, dicha disposici\u00f3n ser\u00e1, no obstante, ejecutable en la m\u00e1xima medida permitida por la ley aplicable, y la parte inaplicable se considerar\u00e1 separada de estos T\u00e9rminos de Servicio, y dicha determinaci\u00f3n no afectar\u00e1 la validez y aplicabilidad de cualquier otra disposici\u00f3n restante.<\/p>\n<p><strong>SECCI\u00d3N 16 \u2013 TERMINACI\u00d3N<\/strong><\/p>\n<p>Las obligaciones y responsabilidades de las partes involucradas antes de la fecha de terminaci\u00f3n sobrevivir\u00e1n a la terminaci\u00f3n de este contrato para todos los efectos.<\/p>\n<p>Estos T\u00e9rminos de Servicio permanecer\u00e1n vigentes a menos que usted o nosotros los rescindamos. Puede rescindir estos T\u00e9rminos de Servicio en cualquier momento inform\u00e1ndonos que ya no desea utilizar nuestros servicios o al dejar de usar nuestro sitio web.<\/p>\n<p>Si, a nuestro exclusivo criterio, usted incumple cualquier t\u00e9rmino o disposici\u00f3n de estos T\u00e9rminos de Servicio, tambi\u00e9n podemos rescindir este acuerdo en cualquier momento sin previo aviso y usted seguir\u00e1 siendo responsable de todos los montos adeudados hasta la fecha de rescisi\u00f3n; tambi\u00e9n podemos negarle el acceso a nuestros Servicios (o cualquier parte de los mismos).<\/p>\n<p><strong>SECCI\u00d3N 17 \u2013 ACUERDO COMPLETO<\/strong><\/p>\n<p>Nuestra falta de ejercicio o aplicaci\u00f3n de cualquier derecho o disposici\u00f3n de estos T\u00e9rminos de Servicio no resultar\u00e1 en una renuncia a tal derecho o disposici\u00f3n.<\/p>\n<p>Estos T\u00e9rminos de Servicio y cualquier pol\u00edtica o norma publicada por nosotros en este sitio o relacionada con el servicio constituyen el acuerdo completo entre nosotros. Estos t\u00e9rminos rigen el uso del Servicio y sustituyen cualquier acuerdo, comunicaci\u00f3n o propuesta previa o posterior, ya sea oral o escrita, entre usted y nosotros (incluidas, entre otras, las versiones anteriores de los T\u00e9rminos de Servicio).<\/p>\n<p>Cualquier ambig\u00fcedad en la interpretaci\u00f3n de estos T\u00e9rminos de Servicio no se interpretar\u00e1 en contra del grupo de redacci\u00f3n.<\/p>\n<p><strong>SECCI\u00d3N 18 \u2013 LEGISLACI\u00d3N APLICABLE<\/strong><\/p>\n<p>Estos T\u00e9rminos de Servicio y cualquier acuerdo separado en el que le proporcionemos Servicios se regir\u00e1n e interpretar\u00e1n de conformidad con las leyes de S\u00e3o Paulo, Brasil.<\/p>\n<p><strong>SECCI\u00d3N 19 \u2013 CAMBIOS EN LOS T\u00c9RMINOS DE SERVICIO<\/strong><\/p>\n<p>Puede ver la versi\u00f3n m\u00e1s reciente de los T\u00e9rminos de Servicio en cualquier momento en esta p\u00e1gina.<\/p>\n<p>Nos reservamos el derecho, a nuestra entera discreci\u00f3n, de actualizar, cambiar o reemplazar cualquier parte de estos T\u00e9rminos de Servicio mediante la publicaci\u00f3n de actualizaciones y modificaciones en nuestro sitio web.<\/p>\n<p>Es su responsabilidad revisar peri\u00f3dicamente nuestro sitio web para verificar los cambios, ya que su uso continuo o acceso a nuestro sitio web o al Servicio despu\u00e9s de la publicaci\u00f3n de cualquier cambio en estos T\u00e9rminos de servicio implica su aceptaci\u00f3n de los cambios.<\/p>\n<p><strong>SECCI\u00d3N 20 \u2013 INFORMACI\u00d3N DE CONTACTO<\/strong><\/p>\n<p>Las preguntas sobre los T\u00e9rminos de Servicio deben enviarse a contato@techten.com.br.<\/p>","protected":false},"excerpt":{"rendered":"<p>TERMOS DE SERVI\u00c7O VIS\u00c3O GERAL Este site \u00e9 operado pela TechTen. Por isso, em todas as nossas p\u00e1ginas, os termos &#8220;n\u00f3s&#8221;, &#8220;nos&#8221; e &#8220;nosso&#8221; se referem \u00e0 TechTen. Al\u00e9m disso, todas as informa\u00e7\u00f5es, ferramentas e servi\u00e7os s\u00e3o disponibilizados neste site, para voc\u00ea, o usu\u00e1rio, mediante a sua concord\u00e2ncia com todos os termos, condi\u00e7\u00f5es, pol\u00edticas e [&hellip;]<\/p>","protected":false},"author":0,"featured_media":0,"parent":0,"menu_order":0,"comment_status":"closed","ping_status":"closed","template":"","meta":{"footnotes":""},"_links":{"self":[{"href":"https:\/\/techten.com.br\/es\/wp-json\/wp\/v2\/pages\/6829"}],"collection":[{"href":"https:\/\/techten.com.br\/es\/wp-json\/wp\/v2\/pages"}],"about":[{"href":"https:\/\/techten.com.br\/es\/wp-json\/wp\/v2\/types\/page"}],"replies":[{"embeddable":true,"href":"https:\/\/techten.com.br\/es\/wp-json\/wp\/v2\/comments?post=6829"}],"version-history":[{"count":0,"href":"https:\/\/techten.com.br\/es\/wp-json\/wp\/v2\/pages\/6829\/revisions"}],"wp:attachment":[{"href":"https:\/\/techten.com.br\/es\/wp-json\/wp\/v2\/media?parent=6829"}],"curies":[{"name":"wp","href":"https:\/\/api.w.org\/{rel}","templated":true}]}}