    {"id":16537,"date":"2021-11-19T10:45:11","date_gmt":"2021-11-19T13:45:11","guid":{"rendered":"http:\/\/techten.com.br\/?page_id=3"},"modified":"2021-11-19T10:45:11","modified_gmt":"2021-11-19T13:45:11","slug":"politica-de-privacidade","status":"publish","type":"page","link":"https:\/\/techten.com.br\/fr\/politica-de-privacidade\/","title":{"rendered":"politique de confidentialit\u00e9"},"content":{"rendered":"<p>La politique de TechTen est de respecter votre vie priv\u00e9e concernant toute information que nous pourrions recueillir aupr\u00e8s de vous sur le site Web de TechTen, ainsi que sur d&#039;autres sites que nous poss\u00e9dons et exploitons.<\/p>\n<p>Nous ne demandons des renseignements personnels que lorsque cela est strictement n\u00e9cessaire pour vous fournir un service. Toutefois, nous le faisons de mani\u00e8re appropri\u00e9e et licite, avec votre consentement \u00e9clair\u00e9. Nous vous informons \u00e9galement des raisons pour lesquelles nous recueillons ces renseignements et de la mani\u00e8re dont ils seront utilis\u00e9s.<\/p>\n<p>Nous ne conservons les informations collect\u00e9es que pendant la dur\u00e9e n\u00e9cessaire \u00e0 la fourniture du service demand\u00e9. En cas de stockage de donn\u00e9es, nous les prot\u00e9geons par des moyens commercialement acceptables afin de pr\u00e9venir toute perte, vol, acc\u00e8s non autoris\u00e9, divulgation, copie, utilisation ou modification.<\/p>\n<p>Nous ne divulguons pas publiquement ni \u00e0 des tiers les informations permettant d&#039;identifier une personne, sauf dans les cas requis par la loi.<\/p>\n<p>Notre site web peut contenir des liens vers des sites externes qui ne sont pas g\u00e9r\u00e9s par nous. Par cons\u00e9quent, nous tenons \u00e0 pr\u00e9ciser que nous n&#039;exer\u00e7ons aucun contr\u00f4le sur le contenu et les pratiques de ces sites et que, de ce fait, nous ne sommes pas responsables de leurs politiques de confidentialit\u00e9 respectives.<\/p>\n<p>Vous avez le droit de refuser notre demande de renseignements personnels, sachant que nous pourrions alors ne pas \u00eatre en mesure de vous fournir certains des services que vous souhaitez.<\/p>\n<p>L\u2019utilisation r\u00e9guli\u00e8re de notre site web implique l\u2019acceptation de notre politique de confidentialit\u00e9 et de traitement des donn\u00e9es personnelles. Pour toute question relative \u00e0 la gestion de vos donn\u00e9es personnelles, veuillez nous contacter.<\/p>\n<p><strong>Politique de cookies de TechTen<\/strong><\/p>\n<p><strong>Que sont les cookies ?<\/strong><\/p>\n<p>Comme c&#039;est le cas pour la plupart des sites web professionnels, ce site utilise des cookies, qui sont de petits fichiers t\u00e9l\u00e9charg\u00e9s sur votre ordinateur, afin d&#039;am\u00e9liorer votre exp\u00e9rience.<\/p>\n<p>Cette page pr\u00e9cise quelles informations ils collectent, comment elles sont utilis\u00e9es et pourquoi, dans certains cas, il est n\u00e9cessaire de stocker ces cookies.<\/p>\n<p>Nous vous expliquerons \u00e9galement comment emp\u00eacher le stockage de ces cookies ; cependant, cela pourrait d\u00e9grader ou \u00ab perturber \u00bb certaines fonctionnalit\u00e9s du site.<\/p>\n<p><strong>Comment les cookies sont-ils utilis\u00e9s\u00a0?<\/strong><\/p>\n<p>Les cookies sont utilis\u00e9s pour diverses raisons, d\u00e9crites ci-dessous.<\/p>\n<p>Malheureusement, dans de nombreux cas, il n&#039;existe pas d&#039;alternative standard pour d\u00e9sactiver les cookies sans d\u00e9sactiver compl\u00e8tement les fonctionnalit\u00e9s qu&#039;ils apportent \u00e0 ce site web.<\/p>\n<p>Par cons\u00e9quent, nous vous recommandons de ne pas d\u00e9sactiver les cookies si vous n&#039;\u00eates pas certain de leur utilit\u00e9 lorsqu&#039;ils sont utilis\u00e9s pour fournir un service que vous utilisez.<\/p>\n<p><strong>D\u00e9sactivation des cookies<\/strong><\/p>\n<p>Vous pouvez d\u00e9sactiver les cookies en modifiant les param\u00e8tres de votre navigateur (consultez l&#039;aide de votre navigateur pour savoir comment proc\u00e9der). Cependant, sachez que la d\u00e9sactivation des cookies affectera le fonctionnement de ce site web et de nombreux autres sites que vous visitez.<\/p>\n<p>La d\u00e9sactivation des cookies d\u00e9sactivera g\u00e9n\u00e9ralement certaines fonctions et caract\u00e9ristiques de ce site web. Par cons\u00e9quent, nous vous recommandons de ne pas d\u00e9sactiver les cookies.<\/p>\n<p><strong>Cookies que nous utilisons<\/strong><\/p>\n<ul>\n<li><strong>Cookies li\u00e9s au compte<\/strong><\/li>\n<\/ul>\n<p>Si vous cr\u00e9ez un compte sur notre site web, des cookies seront utilis\u00e9s pour g\u00e9rer le processus d&#039;inscription et l&#039;administration g\u00e9n\u00e9rale.<\/p>\n<p>Ces cookies seront g\u00e9n\u00e9ralement supprim\u00e9s lorsque vous vous d\u00e9connecterez du syst\u00e8me\u00a0; cependant, dans certains cas, ils peuvent persister afin de m\u00e9moriser vos pr\u00e9f\u00e9rences de site apr\u00e8s votre d\u00e9part.<\/p>\n<ul>\n<li><strong>cookies li\u00e9s \u00e0 la connexion<\/strong><\/li>\n<\/ul>\n<p>Lorsque vous vous connectez \u00e0 notre site web, nous utilisons des cookies pour m\u00e9moriser cette action. Cela vous \u00e9vite de devoir vous reconnecter \u00e0 chaque fois que vous consultez une nouvelle page.<\/p>\n<p>Ces cookies sont g\u00e9n\u00e9ralement supprim\u00e9s ou effac\u00e9s lorsque vous vous d\u00e9connectez afin de garantir que vous n&#039;acc\u00e9diez aux ressources et zones restreintes que lorsque vous \u00eates connect\u00e9.<\/p>\n<ul>\n<li><strong>Cookies li\u00e9s aux newsletters par e-mail<\/strong><\/li>\n<\/ul>\n<p>Ce site web propose des services d&#039;abonnement \u00e0 une newsletter ou \u00e0 un service d&#039;e-mail, et dans ces cas, des cookies peuvent \u00eatre utilis\u00e9s pour m\u00e9moriser si vous \u00eates d\u00e9j\u00e0 inscrit et pour afficher certaines notifications r\u00e9serv\u00e9es aux utilisateurs inscrits\/non inscrits.<\/p>\n<ul>\n<li><strong>Cookies li\u00e9s au traitement des requ\u00eates<\/strong><\/li>\n<\/ul>\n<p>Ce site web propose des fonctionnalit\u00e9s de commerce \u00e9lectronique ou de paiement, et certains cookies sont essentiels pour que votre commande soit m\u00e9moris\u00e9e d&#039;une page \u00e0 l&#039;autre afin que nous puissions la traiter correctement.<\/p>\n<ul>\n<li><strong>Cookies li\u00e9s \u00e0 la recherche<\/strong><\/li>\n<\/ul>\n<p>Nous proposons r\u00e9guli\u00e8rement des sondages et des questionnaires afin de fournir des informations int\u00e9ressantes, des outils utiles et de mieux comprendre nos utilisateurs. Ces sondages peuvent utiliser des cookies pour m\u00e9moriser les participants ou pour afficher des r\u00e9sultats pr\u00e9cis apr\u00e8s des modifications de la page.<\/p>\n<ul>\n<li><strong>Cookies li\u00e9s aux formulaires<\/strong><\/li>\n<\/ul>\n<p>Lorsque vous soumettez vos donn\u00e9es via un formulaire, comme ceux disponibles sur les pages de contact ou les formulaires de commentaires, des cookies peuvent \u00eatre install\u00e9s pour m\u00e9moriser certaines informations de l&#039;utilisateur en vue d&#039;une corr\u00e9lation ult\u00e9rieure.<\/p>\n<ul>\n<li><strong>Cookies de pr\u00e9f\u00e9rence du site<\/strong><\/li>\n<\/ul>\n<p>Afin de vous offrir une exp\u00e9rience optimale sur ce site web, nous mettons \u00e0 votre disposition des fonctionnalit\u00e9s permettant de m\u00e9moriser vos pr\u00e9f\u00e9rences d&#039;affichage. Pour ce faire, nous utilisons des cookies afin que ces informations vous soient pr\u00e9sent\u00e9es \u00e0 chaque fois que vous consultez une page personnalis\u00e9e.<\/p>\n<ul>\n<li><strong>Cookies tiers<\/strong><\/li>\n<\/ul>\n<p>Dans des cas exceptionnels, nous utilisons \u00e9galement des cookies fournis par des tiers de confiance. La section ci-dessous d\u00e9crit les cookies tiers que vous pourriez rencontrer sur ce site web.<\/p>\n<ul>\n<li>Nous utilisons Google Analytics, l&#039;un des outils d&#039;analyse les plus fiables et les plus utilis\u00e9s sur le web, afin de mieux comprendre comment les utilisateurs naviguent sur notre site et ainsi am\u00e9liorer leur exp\u00e9rience. Ces cookies peuvent suivre des \u00e9l\u00e9ments tels que la dur\u00e9e de votre visite et les pages consult\u00e9es, ce qui nous permet de continuer \u00e0 proposer un contenu pertinent.<\/li>\n<\/ul>\n<p>Pour plus de d\u00e9tails sur les cookies de Google Analytics, veuillez consulter le site Web officiel de Google Analytics.<\/p>\n<ul>\n<li>Des outils de diagnostic tiers sont utilis\u00e9s pour suivre et \u00e9valuer l&#039;utilisation de ce site afin de nous permettre de continuer \u00e0 cr\u00e9er du contenu int\u00e9ressant. Ces cookies peuvent collecter des donn\u00e9es relatives au temps pass\u00e9 sur le site ou aux pages consult\u00e9es, ce qui nous aide \u00e0 comprendre comment l&#039;am\u00e9liorer.<\/li>\n<\/ul>\n<p>Nous testons r\u00e9guli\u00e8rement de nouvelles fonctionnalit\u00e9s et modifions l&#039;affichage du site. Lors de ces tests, nous pouvons utiliser des cookies afin de vous garantir une navigation optimale, le temps de d\u00e9terminer les am\u00e9liorations les plus appr\u00e9ci\u00e9es par nos utilisateurs.<\/p>\n<p>Dans le cadre de la commercialisation de nos produits, nous devons analyser les statistiques relatives au nombre de visiteurs de notre site web qui effectuent un achat. C&#039;est pr\u00e9cis\u00e9ment le type d&#039;information que ces cookies permettent de recueillir. Ces donn\u00e9es sont importantes pour vous car elles nous permettent d&#039;anticiper nos d\u00e9penses publicitaires et de production afin de vous proposer le prix le plus juste.<\/p>\n<p>Le service Google AdSense que nous utilisons pour diffuser des publicit\u00e9s utilise un cookie DoubleClick afin d&#039;afficher des annonces plus pertinentes sur Internet et de d\u00e9terminer le nombre d&#039;affichages d&#039;une m\u00eame annonce. Pour plus d&#039;informations sur Google AdSense, veuillez consulter la FAQ relative \u00e0 la confidentialit\u00e9 de Google AdSense.<\/p>\n<p>Notre site web utilise la publicit\u00e9 pour couvrir ses frais de fonctionnement et financer ses am\u00e9liorations futures. Les cookies de suivi comportemental utilis\u00e9s par ce site permettent de vous proposer des publicit\u00e9s pertinentes en analysant anonymement vos pr\u00e9f\u00e9rences et en vous pr\u00e9sentant des contenus similaires susceptibles de vous int\u00e9resser.<\/p>\n<p>Diff\u00e9rents partenaires font de la publicit\u00e9 en notre nom, et les cookies de suivi d&#039;affiliation nous permettent d&#039;identifier si nos utilisateurs ont acc\u00e9d\u00e9 au site via l&#039;un de nos sites partenaires, afin que nous puissions les r\u00e9compenser comme il se doit et, le cas \u00e9ch\u00e9ant, permettre \u00e0 nos partenaires affili\u00e9s de proposer les promotions qu&#039;ils peuvent offrir pour vous encourager \u00e0 effectuer un achat.<\/p>\n<p><strong>Engagement de l&#039;utilisateur<\/strong><\/p>\n<p>L&#039;utilisateur accepte d&#039;utiliser de mani\u00e8re appropri\u00e9e et conforme aux r\u00e8gles d&#039;utilisation du contenu et des informations mis \u00e0 disposition par TechTen sur le site web, notamment, mais sans s&#039;y limiter\u00a0:<\/p>\n<p>A) Ne pas intervenir dans les activit\u00e9s consid\u00e9r\u00e9es comme contraires \u00e0 la loi, \u00e0 la bonne foi et \u00e0 l\u2019ordre public ;<\/p>\n<p>B) Ne pas diffuser de campagnes ou de contenus \u00e0 caract\u00e8re raciste ou x\u00e9nophobe, de pornographie ill\u00e9gale, ou de contenus faisant l\u2019apologie du terrorisme ou violant les droits de l\u2019homme ;<\/p>\n<p>C) Ne pas causer de dommages aux syst\u00e8mes physiques (mat\u00e9riels) et logiques (logiciels) de TechTen, de ses fournisseurs ou de tiers, en introduisant ou en diffusant des virus informatiques ou tout autre syst\u00e8me mat\u00e9riel ou logiciel capable de causer les dommages susmentionn\u00e9s.<\/p>\n<p><strong>Plus d&#039;informations<\/strong><\/p>\n<p>Nous esp\u00e9rons que cela est clair et, comme mentionn\u00e9 pr\u00e9c\u00e9demment, si vous avez des questions, nous vous recommandons, pour votre s\u00e9curit\u00e9, de laisser les cookies activ\u00e9s, car ils pourraient influencer certaines des fonctionnalit\u00e9s que vous utilisez sur notre site web.<\/p>","protected":false},"excerpt":{"rendered":"<p>\u00c9 pol\u00edtica do TechTen honrar a sua privacidade referente a qualquer informa\u00e7\u00e3o sua que possamos colher no site TechTen, e outros sites que possu\u00edmos e operamos. Solicitamos informa\u00e7\u00f5es pessoais apenas quando realmente necess\u00e1rio para lhe oferecer algum servi\u00e7o. No entanto, fazemo-lo por meios adequados e l\u00edcitos, com o seu conhecimento e concord\u00e2ncia. Tamb\u00e9m informamos o [&hellip;]<\/p>","protected":false},"author":0,"featured_media":0,"parent":0,"menu_order":0,"comment_status":"closed","ping_status":"closed","template":"","meta":{"footnotes":""},"_links":{"self":[{"href":"https:\/\/techten.com.br\/fr\/wp-json\/wp\/v2\/pages\/16537"}],"collection":[{"href":"https:\/\/techten.com.br\/fr\/wp-json\/wp\/v2\/pages"}],"about":[{"href":"https:\/\/techten.com.br\/fr\/wp-json\/wp\/v2\/types\/page"}],"replies":[{"embeddable":true,"href":"https:\/\/techten.com.br\/fr\/wp-json\/wp\/v2\/comments?post=16537"}],"version-history":[{"count":0,"href":"https:\/\/techten.com.br\/fr\/wp-json\/wp\/v2\/pages\/16537\/revisions"}],"wp:attachment":[{"href":"https:\/\/techten.com.br\/fr\/wp-json\/wp\/v2\/media?parent=16537"}],"curies":[{"name":"wp","href":"https:\/\/api.w.org\/{rel}","templated":true}]}}