    {"id":6815,"date":"2022-07-04T11:27:56","date_gmt":"2022-07-04T14:27:56","guid":{"rendered":"https:\/\/techten.com.br\/?page_id=6815"},"modified":"2022-07-04T11:27:56","modified_gmt":"2022-07-04T14:27:56","slug":"quem-somos","status":"publish","type":"page","link":"https:\/\/techten.com.br\/fr\/quem-somos\/","title":{"rendered":"Qui sommes-nous ?"},"content":{"rendered":"<p>Bienvenue sur <strong>TechTen<\/strong>!<\/p>\n<p>Notre blog a \u00e9t\u00e9 cr\u00e9\u00e9 pour vous apporter, \u00e0 vous, lecteurs, des informations et des conseils sur des sujets li\u00e9s \u00e0 la technologie, aux cartes de cr\u00e9dit, aux pr\u00eats et bien plus encore.<\/p>\n<p>Nous insistons sur le fait que <strong>NOUS N&#039;OFFRONS PAS<\/strong> Ces produits\/services. Nous publions quotidiennement des articles contenant des critiques, des actualit\u00e9s et des informations int\u00e9ressantes \u00e0 leur sujet.<\/p>\n<p>De plus, le <strong>L&#039;\u00e9quipe TechTen ne demande PAS<\/strong> Aucun d\u00e9p\u00f4t, virement ou paiement n&#039;est requis comme condition \u00e0 la simulation, \u00e0 l&#039;approbation ou \u00e0 la mise sur le march\u00e9 des produits ou services mentionn\u00e9s dans nos publications.<\/p>\n<p>Votre avis est tr\u00e8s important pour nous afin d&#039;am\u00e9liorer notre site web. Si vous avez des questions, des suggestions ou m\u00eame des r\u00e9clamations, veuillez nous contacter par e-mail\u00a0: <strong><a href=\"mailto:contato@vmvnews.com.br\">contact@vmvnews.com.br<\/a><\/strong> ou le formulaire ci-dessous.<\/p>\n<p><a href=\"https:\/\/techten.com.br\/fr\/contato\/\">Envoyez-nous un message<\/a>.<\/p>\n<p>&nbsp;L&#039;\u00e9quipe&nbsp;<strong style=\"font-size: 14pt; color: var( --e-global-color-text );\">TechTen<\/strong>&nbsp;Merci de votre visite !<\/p>\n<p>Un gros c\u00e2lin.<\/p>","protected":false},"excerpt":{"rendered":"<p>Bem-Vindo(a) ao TechTen! Nosso blog foi criado para trazer a voc\u00ea, leitor(a), informa\u00e7\u00f5es e dicas sobre conte\u00fados relacionados a tecnologia, cart\u00f5es de cr\u00e9dito, empr\u00e9stimos e muito mais. Ressaltamos que N\u00c3O OFERECEMOS esses produtos\/servi\u00e7os. Apenas publicamos diariamente artigos com an\u00e1lises, not\u00edcias e curiosidades sobre eles. Al\u00e9m disso, a Equipe TechTen N\u00c3O SOLICITA dep\u00f3sitos, transfer\u00eancias ou pagamentos, [&hellip;]<\/p>","protected":false},"author":0,"featured_media":0,"parent":0,"menu_order":0,"comment_status":"closed","ping_status":"closed","template":"","meta":{"footnotes":""},"_links":{"self":[{"href":"https:\/\/techten.com.br\/fr\/wp-json\/wp\/v2\/pages\/6815"}],"collection":[{"href":"https:\/\/techten.com.br\/fr\/wp-json\/wp\/v2\/pages"}],"about":[{"href":"https:\/\/techten.com.br\/fr\/wp-json\/wp\/v2\/types\/page"}],"replies":[{"embeddable":true,"href":"https:\/\/techten.com.br\/fr\/wp-json\/wp\/v2\/comments?post=6815"}],"version-history":[{"count":0,"href":"https:\/\/techten.com.br\/fr\/wp-json\/wp\/v2\/pages\/6815\/revisions"}],"wp:attachment":[{"href":"https:\/\/techten.com.br\/fr\/wp-json\/wp\/v2\/media?parent=6815"}],"curies":[{"name":"wp","href":"https:\/\/api.w.org\/{rel}","templated":true}]}}