    {"id":6829,"date":"2022-07-12T10:38:37","date_gmt":"2022-07-12T13:38:37","guid":{"rendered":"https:\/\/techten.com.br\/?page_id=6829"},"modified":"2022-07-12T10:38:37","modified_gmt":"2022-07-12T13:38:37","slug":"termos-de-uso","status":"publish","type":"page","link":"https:\/\/techten.com.br\/fr_ca\/termos-de-uso\/","title":{"rendered":"Conditions d&#039;utilisation"},"content":{"rendered":"<p><strong>CONDITIONS D&#039;UTILISATION<\/strong><\/p>\n<p><strong>APER\u00c7U<\/strong><\/p>\n<p>Ce site web est exploit\u00e9 par TechTen. Par cons\u00e9quent, sur toutes nos pages, les termes \u00ab nous \u00bb, \u00ab notre \u00bb et \u00ab nos \u00bb font r\u00e9f\u00e9rence \u00e0 TechTen.<\/p>\n<p>De plus, toutes les informations, tous les outils et tous les services mis \u00e0 votre disposition sur ce site Web sont soumis \u00e0 votre acceptation de l&#039;ensemble des conditions g\u00e9n\u00e9rales, politiques et mentions l\u00e9gales \u00e9nonc\u00e9es dans le pr\u00e9sent document.<\/p>\n<p>En naviguant sur notre site web et\/ou en achetant un produit ou un service sur notre site web, vous utilisez nos \u00ab Services \u00bb et, par cons\u00e9quent, vous acceptez les conditions g\u00e9n\u00e9rales (\u00ab Conditions d&#039;utilisation \u00bb, \u00ab Conditions \u00bb), y compris les conditions g\u00e9n\u00e9rales, ainsi que les politiques suppl\u00e9mentaires indiqu\u00e9es dans ce document et\/ou par le biais de liens hypertextes.<\/p>\n<p>Les pr\u00e9sentes conditions d&#039;utilisation s&#039;appliquent \u00e0 tous les utilisateurs du site, y compris les visiteurs, les fabricants, les clients, les commer\u00e7ants et\/ou les contributeurs de contenu.<\/p>\n<p>Par cons\u00e9quent, avant d&#039;acc\u00e9der \u00e0 notre site Web ou de l&#039;utiliser, veuillez lire attentivement les pr\u00e9sentes Conditions d&#039;utilisation, car en acc\u00e9dant \u00e0 une partie quelconque du site Web ou en l&#039;utilisant, vous acceptez nos Conditions d&#039;utilisation.<\/p>\n<p>Toutefois, si vous n&#039;acceptez pas les conditions g\u00e9n\u00e9rales du pr\u00e9sent accord, nous vous recommandons de ne pas acc\u00e9der au site web ni d&#039;utiliser les services. Les pr\u00e9sentes conditions d&#039;utilisation constituent une offre, et leur acceptation est limit\u00e9e \u00e0 ces conditions.<\/p>\n<p>Toute nouvelle fonctionnalit\u00e9 ou tout nouvel outil ajout\u00e9 au site web actuel sera \u00e9galement soumis aux conditions d&#039;utilisation.<\/p>\n<p>Vous pouvez consulter \u00e0 tout moment la version la plus r\u00e9cente des Conditions d&#039;utilisation sur cette page.<\/p>\n<p>Nous nous r\u00e9servons le droit de modifier toute partie de ces conditions d&#039;utilisation en publiant des mises \u00e0 jour et\/ou des modifications sur notre site web.<\/p>\n<p>Il vous incombe de consulter r\u00e9guli\u00e8rement cette page pour prendre connaissance des modifications. En continuant d&#039;utiliser ou d&#039;acc\u00e9der au site Web apr\u00e8s la publication de modifications, vous acceptez ces modifications.<\/p>\n<p><strong>SECTION 1 \u2013 CONDITIONS D&#039;UTILISATION DU SITE<\/strong><\/p>\n<p>En acceptant ces conditions d&#039;utilisation, vous confirmez \u00eatre majeur dans votre \u00c9tat ou municipalit\u00e9 de r\u00e9sidence et nous autoriser \u00e0 permettre \u00e0 vos enfants mineurs \u00e0 charge d&#039;utiliser ce site.<\/p>\n<p>Nos produits ne peuvent \u00eatre utilis\u00e9s \u00e0 des fins ill\u00e9gales ou non autoris\u00e9es. En utilisant ce service, vous vous engagez \u00e9galement \u00e0 ne violer aucune loi en vigueur dans votre juridiction (y compris, mais sans s&#039;y limiter, les lois sur le droit d&#039;auteur).<\/p>\n<p>De plus, vous ne devez diffuser aucun virus ni aucun code de nature destructive.<\/p>\n<p>Toute violation des pr\u00e9sentes conditions g\u00e9n\u00e9rales entra\u00eenera la r\u00e9siliation imm\u00e9diate de vos services.<\/p>\n<p><strong>SECTION 2 \u2013 CONDITIONS G\u00c9N\u00c9RALES<\/strong><\/p>\n<p>Nous nous r\u00e9servons le droit de refuser nos services pour quelque raison que ce soit, \u00e0 toute personne, \u00e0 tout moment.<\/p>\n<p>Vous comprenez que vos donn\u00e9es (\u00e0 l&#039;exclusion des informations relatives \u00e0 votre carte bancaire) peuvent \u00eatre transmises sans chiffrement et peuvent\u00a0: (a) \u00eatre distribu\u00e9es sur diff\u00e9rents r\u00e9seaux\u00a0; et (b) subir des modifications afin de s&#039;adapter aux conditions techniques des r\u00e9seaux ou appareils connect\u00e9s. Les informations relatives \u00e0 votre carte bancaire sont toujours chiffr\u00e9es lors de leur transmission sur les r\u00e9seaux.<\/p>\n<p>Vous acceptez de ne pas reproduire, dupliquer, copier, vendre, revendre ou exploiter toute partie du Service, l&#039;utilisation du Service, l&#039;acc\u00e8s au Service ou tout contact sur le site web par lequel le Service est mis \u00e0 disposition, sans notre autorisation \u00e9crite expresse.<\/p>\n<p>Les titres utilis\u00e9s dans le pr\u00e9sent accord sont ins\u00e9r\u00e9s \u00e0 titre informatif uniquement et ne restreignent ni n&#039;affectent les pr\u00e9sentes conditions.<\/p>\n<p><strong>SECTION 3 \u2013 EXACTITUDE ET P\u00c9RIODE DE VALIDIT\u00c9 DES INFORMATIONS<\/strong><\/p>\n<p>Nous ne sommes pas responsables si les informations pr\u00e9sent\u00e9es sur ce site Web sont inexactes, incompl\u00e8tes ou non \u00e0 jour.<\/p>\n<p>Les informations contenues sur ce site sont fournies \u00e0 titre informatif uniquement et ne doivent pas \u00eatre utilis\u00e9es comme unique source pour prendre des d\u00e9cisions sans consulter d&#039;autres sources d&#039;information primaires, plus pr\u00e9cises, plus compl\u00e8tes ou plus \u00e0 jour.<\/p>\n<p>Par cons\u00e9quent, l&#039;utilisation de tout contenu provenant de ce site Web rel\u00e8ve de votre responsabilit\u00e9.<\/p>\n<p>Ce site web peut divulguer certaines informations historiques, qui peuvent ne pas \u00eatre r\u00e9centes et sont fournies \u00e0 titre de r\u00e9f\u00e9rence uniquement.<\/p>\n<p>Nous nous r\u00e9servons le droit de modifier le contenu de ce site web \u00e0 tout moment. Cependant, nous ne sommes pas tenus de mettre \u00e0 jour les informations qui y figurent, et il vous appartient de v\u00e9rifier r\u00e9guli\u00e8rement les modifications apport\u00e9es \u00e0 notre site.<\/p>\n<p><strong>SECTION 4 \u2013 MODIFICATIONS DES SERVICES ET DES PRIX (le cas \u00e9ch\u00e9ant)<\/strong><\/p>\n<p>Les prix de nos produits sont susceptibles d&#039;\u00eatre modifi\u00e9s sans pr\u00e9avis.<\/p>\n<p>Nous nous r\u00e9servons le droit de modifier ou d&#039;interrompre le Service (ou toute partie ou tout contenu de celui-ci) \u00e0 tout moment et sans pr\u00e9avis.<\/p>\n<p>Nous ne sommes pas responsables envers vous ni envers aucun tiers de toute modification, changement de prix, annulation ou interruption du Service.<\/p>\n<p><strong>SECTION 5 \u2013 PRODUITS OU SERVICES (le cas \u00e9ch\u00e9ant)<\/strong><\/p>\n<p>Certains produits ou services peuvent \u00eatre disponibles exclusivement en ligne sur le site web et, par cons\u00e9quent, \u00eatre disponibles en quantit\u00e9s limit\u00e9es et ne peuvent \u00eatre retourn\u00e9s ou \u00e9chang\u00e9s que conform\u00e9ment \u00e0 notre politique de retour.<\/p>\n<p>Nous ferons de notre mieux pour afficher fid\u00e8lement les couleurs et les images de nos produits, mais nous ne pouvons garantir que l&#039;affichage des couleurs sur votre \u00e9cran d&#039;ordinateur sera exact.<\/p>\n<p>Nous nous r\u00e9servons le droit, sans y \u00eatre tenus, de limiter la vente de nos produits ou services \u00e0 toute personne, r\u00e9gion g\u00e9ographique ou juridiction. Ce droit pourra \u00eatre exerc\u00e9 au cas par cas.<\/p>\n<p>Nous nous r\u00e9servons le droit de fixer les quantit\u00e9s de produits ou de services que nous proposons. De plus, les informations relatives aux produits et aux prix peuvent \u00eatre modifi\u00e9es \u00e0 tout moment, sans pr\u00e9avis et \u00e0 notre enti\u00e8re discr\u00e9tion.<\/p>\n<p>Nous nous r\u00e9servons le droit de suspendre la vente de tout produit \u00e0 tout moment. Les offres de produits ou de services sur ce site web sont nulles l\u00e0 o\u00f9 la loi l&#039;interdit.<\/p>\n<p>Nous ne garantissons pas que la qualit\u00e9 des produits, services, informations ou autres \u00e9l\u00e9ments que vous avez achet\u00e9s r\u00e9pondra \u00e0 vos attentes, ni que les erreurs \u00e9ventuelles du Service seront corrig\u00e9es.<\/p>\n<p><strong>SECTION 6 \u2013 EXACTITUDE DE LA FACTURATION ET INFORMATIONS DE COMPTE<\/strong><\/p>\n<p>Nous nous r\u00e9servons le droit de refuser toute commande que vous passez aupr\u00e8s de nous.<\/p>\n<p>Nous pouvons, \u00e0 notre enti\u00e8re discr\u00e9tion, limiter ou annuler la quantit\u00e9 de produits achet\u00e9s par personne, par foyer ou par commande. Ces limitations peuvent s&#039;appliquer aux commandes pass\u00e9es avec le m\u00eame compte client, la m\u00eame carte de cr\u00e9dit et\/ou la m\u00eame adresse de facturation et\/ou de livraison.<\/p>\n<p>En cas de modification ou d&#039;annulation d&#039;une commande, nous pourrons essayer de vous en informer par courriel et\/ou par t\u00e9l\u00e9phone\/adresse, aux coordonn\u00e9es fournies lors de la passation de la commande.<\/p>\n<p>Nous nous r\u00e9servons le droit de restreindre ou d&#039;emp\u00eacher les commandes qui, \u00e0 notre seule discr\u00e9tion, auraient pu \u00eatre pass\u00e9es par des d\u00e9taillants, des revendeurs ou des distributeurs.<\/p>\n<p>Vous acceptez de fournir l&#039;int\u00e9gralit\u00e9 des informations relatives \u00e0 votre compte et \u00e0 vos achats pour tous les achats effectu\u00e9s dans notre magasin.<\/p>\n<p>Vous acceptez de mettre \u00e0 jour les informations de votre compte, notamment votre adresse \u00e9lectronique, vos num\u00e9ros de carte de cr\u00e9dit et leurs dates d&#039;expiration, afin que nous puissions finaliser vos transactions et vous contacter en cas de besoin.<\/p>\n<p>Pour plus de d\u00e9tails, veuillez consulter notre politique de retour.<\/p>\n<p><strong>SECTION 7 \u2013 OUTILS ALTERNATIFS<\/strong><\/p>\n<p>Nous pouvons vous donner acc\u00e8s \u00e0 des outils tiers sur lesquels nous n&#039;exer\u00e7ons aucun contr\u00f4le ni aucune surveillance.<\/p>\n<p>Vous acceptez que nous fournissions l&#039;acc\u00e8s \u00e0 ces outils \u00ab\u00a0en l&#039;\u00e9tat\u00a0\u00bb et \u00ab\u00a0selon leur disponibilit\u00e9\u00a0\u00bb, sans aucune garantie, d\u00e9claration ni condition d&#039;aucune sorte et sans aucune approbation de notre part. Par cons\u00e9quent, nous ne sommes en aucun cas responsables de votre utilisation d&#039;outils tiers optionnels.<\/p>\n<p>L\u2019utilisation des outils optionnels mis \u00e0 disposition via le site web se fait \u00e0 vos propres risques, et vous devez vous familiariser avec les conditions d\u2019utilisation des outils propos\u00e9s par les fournisseurs tiers et les accepter.<\/p>\n<p>Nous pourrons \u00e9galement, \u00e0 l&#039;avenir, mettre \u00e0 disposition de nouveaux services et\/ou fonctionnalit\u00e9s via le site web (y compris la promotion de nouveaux outils et ressources), qui seront \u00e9galement soumis aux pr\u00e9sentes Conditions d&#039;utilisation.<\/p>\n<p><strong>SECTION 8 \u2013 LIENS TIERS<\/strong><\/p>\n<p>Certains contenus, produits et services disponibles via notre Service peuvent inclure des \u00e9l\u00e9ments provenant de tiers.<\/p>\n<p>Les liens externes pr\u00e9sents sur ce site peuvent vous rediriger vers des sites web tiers qui ne nous sont pas affili\u00e9s. Par cons\u00e9quent, nous ne sommes pas responsables de l&#039;examen ou de l&#039;\u00e9valuation de leur contenu ni de son exactitude. De plus, nous n&#039;offrons aucune garantie et n&#039;assumons aucune responsabilit\u00e9 quant au contenu, aux sites web, aux produits ou aux services propos\u00e9s par des tiers.<\/p>\n<p>Nous ne sommes pas responsables des dommages ou pertes li\u00e9s \u00e0 l&#039;achat ou \u00e0 l&#039;utilisation de biens, de services, de ressources, de contenus ou de toute autre transaction effectu\u00e9e en lien avec des sites web tiers.<\/p>\n<p>Par cons\u00e9quent, nous vous recommandons de lire attentivement les politiques et pratiques des tiers et de vous assurer de bien les comprendre avant toute transaction. Les questions, r\u00e9clamations et tout probl\u00e8me relatif aux produits de tiers doivent \u00eatre adress\u00e9s directement \u00e0 l&#039;entreprise tierce concern\u00e9e.<\/p>\n<p><strong>SECTION 9 \u2013 COMMENTAIRES, SUGGESTIONS ET AUTRES INTERACTIONS AVEC LES UTILISATEURS<\/strong><\/p>\n<p>Si, \u00e0 notre demande, vous entreprenez certaines actions sp\u00e9cifiques (par exemple, participer \u00e0 des concours) ou si, sans demande de notre part, vous nous soumettez des id\u00e9es, suggestions, propositions, plans ou autres documents, que ce soit en ligne, par courriel, par courrier postal ou autrement (collectivement, les \u00ab commentaires \u00bb), vous acceptez que nous puissions, \u00e0 tout moment et sans limitation, modifier, copier, publier, distribuer, traduire et utiliser sur tout support tout commentaire que vous nous transmettez.<\/p>\n<p>Nous ne sommes pas responsables : (1) de la confidentialit\u00e9 des commentaires ; (2) du versement d&#039;une compensation pour les commentaires ; ou (3) de la r\u00e9ponse aux commentaires.<\/p>\n<p>Nous pouvons, sans y \u00eatre oblig\u00e9s, surveiller, modifier ou supprimer tout contenu que nous jugeons, \u00e0 notre seule discr\u00e9tion, ill\u00e9gal, offensant, mena\u00e7ant, diffamatoire, pornographique, obsc\u00e8ne ou autrement r\u00e9pr\u00e9hensible, ou qui enfreint les droits de propri\u00e9t\u00e9 intellectuelle de tiers ou les pr\u00e9sentes conditions d&#039;utilisation.<\/p>\n<p>Vous vous engagez \u00e0 ne pas publier de commentaires qui enfreignent les droits de tiers, notamment les droits d&#039;auteur, les marques de commerce, le droit \u00e0 la vie priv\u00e9e, le droit \u00e0 l&#039;image ou tout autre droit personnel ou patrimonial.<\/p>\n<p>Vous acceptez de ne pas publier de commentaires contenant des propos diffamatoires, ill\u00e9gaux, injurieux ou obsc\u00e8nes, ni de commentaires contenant un virus informatique ou tout autre logiciel malveillant susceptible d&#039;affecter le fonctionnement du Service ou de tout site web associ\u00e9.<\/p>\n<p>Il est interdit d&#039;utiliser une fausse adresse \u00e9lectronique, d&#039;usurper l&#039;identit\u00e9 d&#039;une autre personne ou d&#039;induire en erreur, de quelque mani\u00e8re que ce soit, nous-m\u00eames ou des tiers quant \u00e0 l&#039;origine de vos commentaires. Vous \u00eates seul responsable des commentaires que vous publiez et de leur exactitude. Nous d\u00e9clinons toute responsabilit\u00e9 quant aux commentaires publi\u00e9s par vous ou par un tiers sur notre site web.<\/p>\n<p><strong>SECTION 10 \u2013 RENSEIGNEMENTS PERSONNELS<\/strong><\/p>\n<p>La divulgation de renseignements personnels par l\u2019interm\u00e9diaire de ce site Web est r\u00e9gie par notre Politique de confidentialit\u00e9. Pour en savoir plus, veuillez consulter notre Politique de confidentialit\u00e9.<\/p>\n<p><strong>ARTICLE 11 \u2013 ERREURS, INEXACTITUDES ET OMISSIONS<\/strong><\/p>\n<p>Il peut arriver que des informations sur notre site ou dans le Service contiennent des erreurs typographiques, des inexactitudes ou des omissions concernant les d\u00e9finitions de produits, les prix, les promotions, les offres, les frais d&#039;exp\u00e9dition, les d\u00e9lais de livraison et la disponibilit\u00e9.<\/p>\n<p>Nous nous r\u00e9servons le droit de corriger toute erreur, inexactitude ou omission, et de modifier ou de mettre \u00e0 jour les informations ou d&#039;annuler les commandes si les informations contenues dans le Service ou sur tout site Web associ\u00e9 sont inexactes, \u00e0 tout moment et sans pr\u00e9avis (m\u00eame apr\u00e8s que vous ayez soumis votre commande).<\/p>\n<p>Nous n&#039;assumons aucune obligation de mettre \u00e0 jour, de modifier ou de clarifier les informations contenues dans le Service ou sur tout site Web connexe, y compris, mais sans s&#039;y limiter, les informations relatives aux prix, sauf si la loi l&#039;exige.<\/p>\n<p>Aucune date de mise \u00e0 jour ou d&#039;actualisation unique sur le Service ou sur tout site Web associ\u00e9 ne doit \u00eatre utilis\u00e9e pour indiquer que toutes les informations sur le Service ou sur tout site Web associ\u00e9 ont \u00e9t\u00e9 modifi\u00e9es ou mises \u00e0 jour.<\/p>\n<p><strong>ARTICLE 12 \u2013 USAGES INTERDITS<\/strong><\/p>\n<p>Outre les autres restrictions \u00e9nonc\u00e9es dans les Conditions d&#039;utilisation, il vous est interdit d&#039;utiliser le site ou son contenu pour\u00a0: (a) toute fin ill\u00e9gale\u00a0; (b) inciter autrui \u00e0 commettre ou \u00e0 participer \u00e0 des actes ill\u00e9gaux\u00a0; (c) enfreindre toute r\u00e9glementation, r\u00e8gle, loi ou ordonnance locale, internationale, f\u00e9d\u00e9rale, municipale ou \u00e9tatique\u00a0; (d) violer ou porter atteinte \u00e0 nos droits de propri\u00e9t\u00e9 intellectuelle ou \u00e0 ceux d&#039;autrui\u00a0; (e) harceler, maltraiter, insulter, nuire, diffamer, calomnier, d\u00e9nigrer, intimider ou discriminer une personne en raison de son sexe, de son orientation sexuelle, de sa religion, de son origine ethnique, de sa race, de son \u00e2ge, de sa nationalit\u00e9 ou de son handicap\u00a0; (f) diffuser des informations fausses ou trompeuses.<br \/>\n(g) transmettre ou diffuser des virus ou tout autre type de code malveillant qui pourrait \u00eatre utilis\u00e9 de quelque mani\u00e8re que ce soit et qui affecte le fonctionnement du Service ou de tout site web associ\u00e9, d&#039;autres sites web ou d&#039;Internet\u00a0; (h) collecter ou suivre les informations personnelles d&#039;autrui\u00a0; (i) se livrer \u00e0 du spam, du phishing, du pharming, du pretexting, du spidering, du crawling ou du scraping\u00a0; (j) \u00e0 des fins obsc\u00e8nes ou immorales\u00a0; ou (k) interf\u00e9rer avec ou alt\u00e9rer les dispositifs de s\u00e9curit\u00e9 du Service ou de tout site web associ\u00e9, d&#039;autres sites web ou d&#039;Internet.<\/p>\n<p>Nous nous r\u00e9servons le droit de mettre fin \u00e0 votre utilisation du Service ou de tout site web associ\u00e9 en cas de violation de l&#039;une des interdictions susmentionn\u00e9es.<\/p>\n<p><strong>ARTICLE 13 \u2013 EXCLUSION DE GARANTIES ET D\u00c9FINITION DE LA RESPONSABILIT\u00c9<\/strong><\/p>\n<p>Nous ne garantissons pas que l&#039;utilisation de notre service sera continue, pratique, s\u00e9curis\u00e9e ou exempte d&#039;erreurs. Nous ne garantissons pas non plus que les r\u00e9sultats obtenus gr\u00e2ce \u00e0 ce service seront exacts ou fiables.<\/p>\n<p>Vous acceptez que nous puissions occasionnellement retirer le service ind\u00e9finiment ou l&#039;annuler \u00e0 tout moment sans pr\u00e9avis.<\/p>\n<p>Vous acceptez que l&#039;utilisation ou l&#039;impossibilit\u00e9 d&#039;utiliser le service rel\u00e8ve de votre responsabilit\u00e9. Le service et tous les produits et services propos\u00e9s sont (sauf mention contraire expresse de notre part) fournis sans garantie et \u00ab\u00a0en l&#039;\u00e9tat\u00a0\u00bb, sans aucune d\u00e9claration, garantie ou condition de quelque nature que ce soit, expresse ou implicite, y compris toutes les garanties ou conditions implicites de qualit\u00e9 marchande, de quantit\u00e9, d&#039;ad\u00e9quation \u00e0 un usage particulier, de durabilit\u00e9, de propri\u00e9t\u00e9 et d&#039;absence de contrefa\u00e7on.<\/p>\n<p>En aucun cas, TechTen, ses administrateurs, dirigeants, employ\u00e9s, soci\u00e9t\u00e9s affili\u00e9es, agents, sous-traitants, stagiaires, fournisseurs, prestataires de services ou conc\u00e9dants de licence ne seront responsables de quelque dommage, perte, r\u00e9clamation ou dommage direct, indirect, accessoire, punitif, sp\u00e9cial ou cons\u00e9cutif que ce soit, y compris, mais sans s&#039;y limiter, les pertes de profits, de revenus, d&#039;\u00e9conomies, de donn\u00e9es, les co\u00fbts de remplacement ou tout dommage similaire, qu&#039;il soit fond\u00e9 sur un contrat, un d\u00e9lit (y compris la n\u00e9gligence), une responsabilit\u00e9 stricte ou autre, d\u00e9coulant de l&#039;utilisation de l&#039;un des services ou de tout produit obtenu par le biais du service, ou pour toute autre r\u00e9clamation associ\u00e9e de quelque mani\u00e8re que ce soit \u00e0 l&#039;utilisation du service ou de tout produit, y compris, mais sans s&#039;y limiter, toute d\u00e9faillance ou omission dans tout contenu, ou toute perte ou tout dommage de quelque nature que ce soit subi \u00e0 la suite de l&#039;utilisation du service ou de tout contenu (ou produit) publi\u00e9, transmis ou autrement mis \u00e0 disposition par le biais du service, m\u00eame si la possibilit\u00e9 de tels dommages a \u00e9t\u00e9 signal\u00e9e.<\/p>\n<p>\u00c9tant donn\u00e9 que certains \u00c9tats ou juridictions n&#039;acceptent pas l&#039;exon\u00e9ration ou la limitation de responsabilit\u00e9 pour les dommages indirects ou accessoires, dans ces \u00c9tats ou juridictions, notre responsabilit\u00e9 sera limit\u00e9e dans toute la mesure permise par la loi.<\/p>\n<p><strong>ARTICLE 14 \u2013 INDEMNISATION<\/strong><\/p>\n<p>Vous acceptez d&#039;indemniser, de prot\u00e9ger et de tenir indemnes TechTen et sa soci\u00e9t\u00e9 m\u00e8re, ses filiales, ses soci\u00e9t\u00e9s affili\u00e9es, ses partenaires, ses dirigeants, ses administrateurs, ses agents, ses contractants, ses conc\u00e9dants de licence, ses prestataires de services, ses sous-traitants, ses fournisseurs, ses stagiaires et ses employ\u00e9s, contre toute objection ou demande, y compris les honoraires d&#039;avocat raisonnables, formul\u00e9e par un tiers, en raison de ou d\u00e9coulant de votre violation des pr\u00e9sentes Conditions d&#039;utilisation ou des documents qui y sont incorpor\u00e9s par r\u00e9f\u00e9rence, ou de votre violation de toute loi ou des droits d&#039;un tiers.<\/p>\n<p><strong>ARTICLE 15 \u2013 IND\u00c9PENDANCE<\/strong><\/p>\n<p>Si une disposition quelconque des pr\u00e9sentes Conditions d&#039;utilisation est jug\u00e9e ill\u00e9gale, nulle ou inapplicable, cette disposition restera n\u00e9anmoins applicable dans toute la mesure permise par la loi applicable, et la partie inapplicable sera consid\u00e9r\u00e9e comme dissoci\u00e9e des pr\u00e9sentes Conditions d&#039;utilisation, et cette d\u00e9cision n&#039;affectera pas la validit\u00e9 et l&#039;applicabilit\u00e9 des autres dispositions.<\/p>\n<p><strong>ARTICLE 16 \u2013 R\u00c9SILIATION<\/strong><\/p>\n<p>Les obligations et responsabilit\u00e9s des parties concern\u00e9es avant la date de r\u00e9siliation survivront \u00e0 la r\u00e9siliation du pr\u00e9sent contrat \u00e0 toutes fins utiles.<\/p>\n<p>Les pr\u00e9sentes Conditions d&#039;utilisation restent en vigueur jusqu&#039;\u00e0 leur r\u00e9siliation par vous ou par nous. Vous pouvez les r\u00e9silier \u00e0 tout moment en nous informant que vous ne souhaitez plus utiliser nos services, ou lorsque vous cessez d&#039;utiliser notre site web.<\/p>\n<p>Si, \u00e0 notre enti\u00e8re discr\u00e9tion, vous ne respectez pas l&#039;une des clauses ou dispositions des pr\u00e9sentes Conditions d&#039;utilisation, nous pouvons \u00e9galement r\u00e9silier le pr\u00e9sent contrat \u00e0 tout moment sans pr\u00e9avis et vous resterez redevable de toutes les sommes dues jusqu&#039;\u00e0 la date de r\u00e9siliation\u00a0; nous pouvons \u00e9galement vous refuser l&#039;acc\u00e8s \u00e0 nos Services (ou \u00e0 une partie de ceux-ci).<\/p>\n<p><strong>ARTICLE 17 \u2013 ACCORD COMPLET<\/strong><\/p>\n<p>Le fait que nous n&#039;exercions pas ou n&#039;appliquions pas un droit ou une disposition quelconque des pr\u00e9sentes Conditions d&#039;utilisation ne saurait constituer une renonciation \u00e0 ce droit ou \u00e0 cette disposition.<\/p>\n<p>Les pr\u00e9sentes Conditions d&#039;utilisation, ainsi que toutes les politiques et r\u00e8gles publi\u00e9es par nos soins sur ce site ou associ\u00e9es au service, constituent l&#039;int\u00e9gralit\u00e9 de l&#039;accord conclu entre nous. Ces conditions r\u00e9gissent votre utilisation du service et remplacent tout accord, communication ou proposition ant\u00e9rieur ou ult\u00e9rieur, oral ou \u00e9crit, entre vous et nous (y compris, mais sans s&#039;y limiter, toute version ant\u00e9rieure des Conditions d&#039;utilisation).<\/p>\n<p>Toute ambigu\u00eft\u00e9 dans l&#039;interpr\u00e9tation des pr\u00e9sentes Conditions d&#039;utilisation ne saurait \u00eatre interpr\u00e9t\u00e9e \u00e0 l&#039;encontre de la partie r\u00e9dactrice.<\/p>\n<p><strong>ARTICLE 18 \u2013 L\u00c9GISLATION APPLICABLE<\/strong><\/p>\n<p>Les pr\u00e9sentes conditions d&#039;utilisation et tout accord distinct en vertu duquel nous vous fournissons des services sont r\u00e9gis et interpr\u00e9t\u00e9s conform\u00e9ment aux lois de S\u00e3o Paulo, au Br\u00e9sil.<\/p>\n<p><strong>ARTICLE 19 \u2013 MODIFICATIONS DES CONDITIONS D&#039;UTILISATION<\/strong><\/p>\n<p>Vous pouvez consulter \u00e0 tout moment la version la plus r\u00e9cente des Conditions d&#039;utilisation sur cette page.<\/p>\n<p>Nous nous r\u00e9servons le droit, \u00e0 notre enti\u00e8re discr\u00e9tion, de mettre \u00e0 jour, de modifier ou de remplacer toute partie des pr\u00e9sentes Conditions d&#039;utilisation en publiant des mises \u00e0 jour et des modifications sur notre site web.<\/p>\n<p>Il vous incombe de consulter r\u00e9guli\u00e8rement notre site web pour prendre connaissance des modifications, car votre utilisation continue de notre site web ou du Service apr\u00e8s la publication de toute modification des pr\u00e9sentes Conditions d&#039;utilisation implique votre acceptation de ces modifications.<\/p>\n<p><strong>SECTION 20 \u2013 COORDONN\u00c9ES<\/strong><\/p>\n<p>Pour toute question concernant les conditions d&#039;utilisation, veuillez nous contacter \u00e0 l&#039;adresse contato@techten.com.br.<\/p>","protected":false},"excerpt":{"rendered":"<p>TERMOS DE SERVI\u00c7O VIS\u00c3O GERAL Este site \u00e9 operado pela TechTen. Por isso, em todas as nossas p\u00e1ginas, os termos &#8220;n\u00f3s&#8221;, &#8220;nos&#8221; e &#8220;nosso&#8221; se referem \u00e0 TechTen. Al\u00e9m disso, todas as informa\u00e7\u00f5es, ferramentas e servi\u00e7os s\u00e3o disponibilizados neste site, para voc\u00ea, o usu\u00e1rio, mediante a sua concord\u00e2ncia com todos os termos, condi\u00e7\u00f5es, pol\u00edticas e [&hellip;]<\/p>","protected":false},"author":0,"featured_media":0,"parent":0,"menu_order":0,"comment_status":"closed","ping_status":"closed","template":"","meta":{"footnotes":""},"_links":{"self":[{"href":"https:\/\/techten.com.br\/fr_ca\/wp-json\/wp\/v2\/pages\/6829"}],"collection":[{"href":"https:\/\/techten.com.br\/fr_ca\/wp-json\/wp\/v2\/pages"}],"about":[{"href":"https:\/\/techten.com.br\/fr_ca\/wp-json\/wp\/v2\/types\/page"}],"replies":[{"embeddable":true,"href":"https:\/\/techten.com.br\/fr_ca\/wp-json\/wp\/v2\/comments?post=6829"}],"version-history":[{"count":0,"href":"https:\/\/techten.com.br\/fr_ca\/wp-json\/wp\/v2\/pages\/6829\/revisions"}],"wp:attachment":[{"href":"https:\/\/techten.com.br\/fr_ca\/wp-json\/wp\/v2\/media?parent=6829"}],"curies":[{"name":"wp","href":"https:\/\/api.w.org\/{rel}","templated":true}]}}