    {"id":6815,"date":"2022-07-04T11:27:56","date_gmt":"2022-07-04T14:27:56","guid":{"rendered":"https:\/\/techten.com.br\/?page_id=6815"},"modified":"2022-07-04T11:27:56","modified_gmt":"2022-07-04T14:27:56","slug":"quem-somos","status":"publish","type":"page","link":"https:\/\/techten.com.br\/hi\/quem-somos\/","title":{"rendered":"\u0939\u092e \u091c\u094b \u0939\u0948\u0902"},"content":{"rendered":"<p>\u0906\u092a\u0915\u093e \u0938\u094d\u0935\u093e\u0917\u0924 \u0939\u0948 <strong>\u091f\u0947\u0915\u091f\u0947\u0928<\/strong>!<\/p>\n<p>\u0939\u092e\u093e\u0930\u093e \u092c\u094d\u0932\u0949\u0917 \u092a\u093e\u0920\u0915\u094b\u0902 \u0915\u094b \u092a\u094d\u0930\u094c\u0926\u094d\u092f\u094b\u0917\u093f\u0915\u0940, \u0915\u094d\u0930\u0947\u0921\u093f\u091f \u0915\u093e\u0930\u094d\u0921, \u090b\u0923 \u0914\u0930 \u0905\u0928\u094d\u092f \u0915\u0908 \u0935\u093f\u0937\u092f\u094b\u0902 \u0938\u0947 \u0938\u0902\u092c\u0902\u0927\u093f\u0924 \u091c\u093e\u0928\u0915\u093e\u0930\u0940 \u0914\u0930 \u0938\u0941\u091d\u093e\u0935 \u092a\u094d\u0930\u0926\u093e\u0928 \u0915\u0930\u0928\u0947 \u0915\u0947 \u0932\u093f\u090f \u092c\u0928\u093e\u092f\u093e \u0917\u092f\u093e \u0939\u0948\u0964<\/p>\n<p>\u0939\u092e \u0907\u0938 \u092c\u093e\u0924 \u092a\u0930 \u091c\u094b\u0930 \u0926\u0947\u0924\u0947 \u0939\u0948\u0902 \u0915\u093f <strong>\u0939\u092e \u092a\u0947\u0936\u0915\u0936 \u0928\u0939\u0940\u0902 \u0915\u0930\u0924\u0947 \u0939\u0948\u0902<\/strong> \u0907\u0928 \u0909\u0924\u094d\u092a\u093e\u0926\u094b\u0902\/\u0938\u0947\u0935\u093e\u0913\u0902 \u0915\u0947 \u092c\u093e\u0930\u0947 \u092e\u0947\u0902 \u0939\u092e \u0915\u0947\u0935\u0932 \u0926\u0948\u0928\u093f\u0915 \u0932\u0947\u0916 \u092a\u094d\u0930\u0915\u093e\u0936\u093f\u0924 \u0915\u0930\u0924\u0947 \u0939\u0948\u0902 \u091c\u093f\u0928\u092e\u0947\u0902 \u0938\u092e\u0940\u0915\u094d\u0937\u093e\u090f\u0902, \u0938\u092e\u093e\u091a\u093e\u0930 \u0914\u0930 \u0930\u094b\u091a\u0915 \u0924\u0925\u094d\u092f \u0936\u093e\u092e\u093f\u0932 \u0939\u094b\u0924\u0947 \u0939\u0948\u0902\u0964<\/p>\n<p>\u0907\u0938\u0915\u0947 \u0905\u0932\u093e\u0935\u093e, <strong>\u091f\u0947\u0915\u091f\u0947\u0928 \u091f\u0940\u092e \u0905\u0928\u0941\u0930\u094b\u0927 \u0928\u0939\u0940\u0902 \u0915\u0930\u0924\u0940 \u0939\u0948<\/strong> \u0939\u092e\u093e\u0930\u0947 \u092a\u094d\u0930\u0915\u093e\u0936\u0928\u094b\u0902 \u092e\u0947\u0902 \u0909\u0932\u094d\u0932\u093f\u0916\u093f\u0924 \u0909\u0924\u094d\u092a\u093e\u0926\u094b\u0902 \u092f\u093e \u0938\u0947\u0935\u093e\u0913\u0902 \u0915\u0947 \u0905\u0928\u0941\u0915\u0930\u0923, \u0905\u0928\u0941\u092e\u094b\u0926\u0928 \u092f\u093e \u091c\u093e\u0930\u0940 \u0915\u0930\u0928\u0947 \u0915\u0940 \u0936\u0930\u094d\u0924 \u0915\u0947 \u0930\u0942\u092a \u092e\u0947\u0902 \u091c\u092e\u093e, \u0939\u0938\u094d\u0924\u093e\u0902\u0924\u0930\u0923 \u092f\u093e \u092d\u0941\u0917\u0924\u093e\u0928 \u0915\u0940 \u0906\u0935\u0936\u094d\u092f\u0915\u0924\u093e \u0928\u0939\u0940\u0902 \u0939\u0948\u0964<\/p>\n<p>\u0939\u092e \u0905\u092a\u0928\u0940 \u0935\u0947\u092c\u0938\u093e\u0907\u091f \u0915\u094b \u092c\u0947\u0939\u0924\u0930 \u092c\u0928\u093e\u0928\u0947 \u0915\u0947 \u0932\u093f\u090f \u0906\u092a\u0915\u0940 \u0930\u093e\u092f \u0915\u094b \u092c\u0939\u0941\u0924 \u092e\u0939\u0924\u094d\u0935\u092a\u0942\u0930\u094d\u0923 \u092e\u093e\u0928\u0924\u0947 \u0939\u0948\u0902, \u0907\u0938\u0932\u093f\u090f \u092f\u0926\u093f \u0906\u092a\u0915\u0947 \u0915\u094b\u0908 \u092a\u094d\u0930\u0936\u094d\u0928, \u0938\u0941\u091d\u093e\u0935 \u092f\u093e \u0936\u093f\u0915\u093e\u092f\u0924 \u0939\u094b \u0924\u094b \u0915\u0943\u092a\u092f\u093e \u0939\u092e\u0947\u0902 \u0908\u092e\u0947\u0932 \u0915\u0947 \u092e\u093e\u0927\u094d\u092f\u092e \u0938\u0947 \u0938\u0902\u092a\u0930\u094d\u0915 \u0915\u0930\u0947\u0902: <strong><a href=\"mailto:contato@vmvnews.com.br\">contact@vmvnews.com.br<\/a><\/strong> \u092f\u093e \u0928\u0940\u091a\u0947 \u0926\u093f\u090f \u0917\u090f \u092b\u0949\u0930\u094d\u092e \u0915\u093e \u0909\u092a\u092f\u094b\u0917 \u0915\u0930\u0947\u0902\u0964<\/p>\n<p><a href=\"https:\/\/techten.com.br\/hi\/contato\/\">\u0939\u092e\u0947\u0902 \u090f\u0915 \u0938\u0902\u0926\u0947\u0936 \u092d\u0947\u091c\u0947\u0902<\/a>.<\/p>\n<p>&nbsp;\u091f\u0940\u092e&nbsp;<strong style=\"font-size: 14pt; color: var( --e-global-color-text );\">\u091f\u0947\u0915\u091f\u0947\u0928<\/strong>&nbsp;\u0906\u092a\u0915\u0940 \u0935\u093f\u091c\u093c\u093f\u091f \u0915\u0947 \u0932\u093f\u090f \u0927\u0928\u094d\u092f\u0935\u093e\u0926!<\/p>\n<p>\u090f\u0915 \u092c\u0921\u093c\u0940 \u0939\u0917\u094d\u0917\u0940\u0964<\/p>","protected":false},"excerpt":{"rendered":"<p>Bem-Vindo(a) ao TechTen! Nosso blog foi criado para trazer a voc\u00ea, leitor(a), informa\u00e7\u00f5es e dicas sobre conte\u00fados relacionados a tecnologia, cart\u00f5es de cr\u00e9dito, empr\u00e9stimos e muito mais. Ressaltamos que N\u00c3O OFERECEMOS esses produtos\/servi\u00e7os. Apenas publicamos diariamente artigos com an\u00e1lises, not\u00edcias e curiosidades sobre eles. Al\u00e9m disso, a Equipe TechTen N\u00c3O SOLICITA dep\u00f3sitos, transfer\u00eancias ou pagamentos, [&hellip;]<\/p>","protected":false},"author":0,"featured_media":0,"parent":0,"menu_order":0,"comment_status":"closed","ping_status":"closed","template":"","meta":{"footnotes":""},"_links":{"self":[{"href":"https:\/\/techten.com.br\/hi\/wp-json\/wp\/v2\/pages\/6815"}],"collection":[{"href":"https:\/\/techten.com.br\/hi\/wp-json\/wp\/v2\/pages"}],"about":[{"href":"https:\/\/techten.com.br\/hi\/wp-json\/wp\/v2\/types\/page"}],"replies":[{"embeddable":true,"href":"https:\/\/techten.com.br\/hi\/wp-json\/wp\/v2\/comments?post=6815"}],"version-history":[{"count":0,"href":"https:\/\/techten.com.br\/hi\/wp-json\/wp\/v2\/pages\/6815\/revisions"}],"wp:attachment":[{"href":"https:\/\/techten.com.br\/hi\/wp-json\/wp\/v2\/media?parent=6815"}],"curies":[{"name":"wp","href":"https:\/\/api.w.org\/{rel}","templated":true}]}}