    {"id":16537,"date":"2021-11-19T10:45:11","date_gmt":"2021-11-19T13:45:11","guid":{"rendered":"http:\/\/techten.com.br\/?page_id=3"},"modified":"2021-11-19T10:45:11","modified_gmt":"2021-11-19T13:45:11","slug":"politica-de-privacidade","status":"publish","type":"page","link":"https:\/\/techten.com.br\/hu\/politica-de-privacidade\/","title":{"rendered":"Adatv\u00e9delmi ir\u00e1nyelvek"},"content":{"rendered":"<p>A TechTen szab\u00e1lyzata szerint tiszteletben tartjuk az \u00d6n adatainak v\u00e9delm\u00e9t a TechTen weboldal\u00e1n \u00e9s m\u00e1s, \u00e1ltalunk tulajdonolt \u00e9s \u00fczemeltetett oldalakon \u00d6nr\u0151l gy\u0171jt\u00f6tt inform\u00e1ci\u00f3kkal kapcsolatban.<\/p>\n<p>Szem\u00e9lyes adatokat csak akkor k\u00e9r\u00fcnk, ha az val\u00f3ban sz\u00fcks\u00e9ges a szolg\u00e1ltat\u00e1s ny\u00fajt\u00e1s\u00e1hoz. Ezt azonban megfelel\u0151 \u00e9s t\u00f6rv\u00e9nyes eszk\u00f6z\u00f6kkel, az \u00d6n tudt\u00e1val \u00e9s hozz\u00e1j\u00e1rul\u00e1s\u00e1val tessz\u00fck. T\u00e1j\u00e9koztatjuk \u00d6nt arr\u00f3l is, hogy mi\u00e9rt gy\u0171jtj\u00fck az inform\u00e1ci\u00f3kat, \u00e9s hogyan fogjuk azokat felhaszn\u00e1lni.<\/p>\n<p>A gy\u0171jt\u00f6tt inform\u00e1ci\u00f3kat csak a k\u00e9rt szolg\u00e1ltat\u00e1s ny\u00fajt\u00e1s\u00e1hoz sz\u00fcks\u00e9ges ideig \u0151rizz\u00fck meg. Adatt\u00e1rol\u00e1s eset\u00e9n kereskedelmi szempontb\u00f3l elfogadhat\u00f3 m\u00f3don v\u00e9dj\u00fck azokat az elveszt\u00e9ssel \u00e9s ellop\u00e1ssal, valamint a jogosulatlan hozz\u00e1f\u00e9r\u00e9ssel, nyilv\u00e1noss\u00e1gra hozatallal, m\u00e1sol\u00e1ssal, felhaszn\u00e1l\u00e1ssal vagy m\u00f3dos\u00edt\u00e1ssal szemben.<\/p>\n<p>Szem\u00e9lyes azonos\u00edt\u00e1sra alkalmas adatokat nem adunk ki nyilv\u00e1nosan vagy harmadik f\u00e9lnek, kiv\u00e9ve a t\u00f6rv\u00e9ny \u00e1ltal el\u0151\u00edrt esetekben.<\/p>\n<p>Weboldalunk tartalmazhat olyan k\u00fcls\u0151 weboldalakra mutat\u00f3 hivatkoz\u00e1sokat, amelyeket nem mi kezel\u00fcnk. Ez\u00e9rt tiszt\u00e1zzuk, hogy nem fel\u00fcgyelj\u00fck ezen weboldalak tartalm\u00e1t \u00e9s gyakorlat\u00e1t, \u00e9s ez\u00e9rt nem v\u00e1llalunk felel\u0151ss\u00e9get azok adatv\u00e9delmi ir\u00e1nyelvei\u00e9rt.<\/p>\n<p>\u00d6nnek joga van elutas\u00edtani a szem\u00e9lyes adatokra vonatkoz\u00f3 k\u00e9r\u00e9s\u00fcnket, tudv\u00e1n, hogy el\u0151fordulhat, hogy nem tudunk bizonyos szolg\u00e1ltat\u00e1sokat ny\u00fajtani az \u00d6n sz\u00e1m\u00e1ra.<\/p>\n<p>Weboldalunk gyakori haszn\u00e1lat\u00e1val \u00d6n elfogadja az Adatv\u00e9delmi nyilatkozattal \u00e9s a szem\u00e9lyes adatokkal kapcsolatos gyakorlatunkat. Ha b\u00e1rmilyen k\u00e9rd\u00e9se van a szem\u00e9lyes adatok \u00e9s a felhaszn\u00e1l\u00f3i adatok kezel\u00e9s\u00e9vel kapcsolatban, k\u00e9rj\u00fck, vegye fel vel\u00fcnk a kapcsolatot.<\/p>\n<p><strong>TechTen s\u00fcti szab\u00e1lyzat<\/strong><\/p>\n<p><strong>Mik azok a s\u00fctik?<\/strong><\/p>\n<p>Mint a legt\u00f6bb professzion\u00e1lis weboldalon megszokott, ez az oldal s\u00fctiket haszn\u00e1l, amelyek kis f\u00e1jlok, amelyeket a sz\u00e1m\u00edt\u00f3g\u00e9p\u00e9re t\u00f6ltenek le a felhaszn\u00e1l\u00f3i \u00e9lm\u00e9ny jav\u00edt\u00e1sa \u00e9rdek\u00e9ben.<\/p>\n<p>Ez az oldal meghat\u00e1rozza, hogy milyen inform\u00e1ci\u00f3kat gy\u0171jtenek, hogyan haszn\u00e1lj\u00e1k fel azokat, \u00e9s mi\u00e9rt sz\u00fcks\u00e9ges bizonyos esetekben t\u00e1rolni ezeket a s\u00fctiket.<\/p>\n<p>Azt is elmagyar\u00e1zzuk, hogyan akad\u00e1lyozhatja meg ezen s\u00fctik t\u00e1rol\u00e1s\u00e1t, azonban ez a webhely bizonyos funkci\u00f3it lemin\u0151s\u00edtheti vagy \u201emeghib\u00e1s\u00edthatja\u201d.<\/p>\n<p><strong>Hogyan haszn\u00e1lj\u00e1k a s\u00fctiket?<\/strong><\/p>\n<p>A s\u00fctiket k\u00fcl\u00f6nf\u00e9le okokb\u00f3l haszn\u00e1ljuk, amelyeket az al\u00e1bbiakban ismertet\u00fcnk.<\/p>\n<p>Sajnos sok esetben nincs ipar\u00e1gi szabv\u00e1nynak megfelel\u0151 alternat\u00edva a s\u00fctik letilt\u00e1s\u00e1ra an\u00e9lk\u00fcl, hogy teljesen letiltan\u00e1nk a weboldalhoz hozz\u00e1adott funkci\u00f3kat \u00e9s lehet\u0151s\u00e9geket.<\/p>\n<p>Ez\u00e9rt azt javasoljuk, hogy ne tiltsa le a s\u00fctiket, ha nem biztos benne, hogy sz\u00fcks\u00e9ge van-e r\u00e1juk, amikor egy \u00d6n \u00e1ltal haszn\u00e1lt szolg\u00e1ltat\u00e1s ny\u00fajt\u00e1s\u00e1hoz haszn\u00e1lj\u00e1k \u0151ket.<\/p>\n<p><strong>S\u00fctik letilt\u00e1sa<\/strong><\/p>\n<p>A s\u00fctik letilt\u00e1s\u00e1t a b\u00f6ng\u00e9sz\u0151 be\u00e1ll\u00edt\u00e1sainak m\u00f3dos\u00edt\u00e1s\u00e1val letilthatja (err\u0151l a b\u00f6ng\u00e9sz\u0151 S\u00fag\u00f3j\u00e1ban tal\u00e1l tov\u00e1bbi inform\u00e1ci\u00f3kat). Azonban vegye figyelembe, hogy a s\u00fctik letilt\u00e1sa hat\u00e1ssal lesz ennek \u00e9s sz\u00e1mos m\u00e1s, \u00d6n \u00e1ltal l\u00e1togatott webhelynek a m\u0171k\u00f6d\u00e9s\u00e9re.<\/p>\n<p>A s\u00fctik letilt\u00e1sa \u00e1ltal\u00e1ban a weboldal bizonyos funkci\u00f3it \u00e9s lehet\u0151s\u00e9geit letiltja. Ez\u00e9rt azt javasoljuk, hogy ne tiltsa le a s\u00fctiket.<\/p>\n<p><strong>Az \u00e1ltalunk be\u00e1ll\u00edtott s\u00fctik<\/strong><\/p>\n<ul>\n<li><strong>Fi\u00f3khoz kapcsol\u00f3d\u00f3 s\u00fctik<\/strong><\/li>\n<\/ul>\n<p>Ha fi\u00f3kot hoz l\u00e9tre weboldalunkon, s\u00fctiket haszn\u00e1lunk a regisztr\u00e1ci\u00f3s folyamat \u00e9s az \u00e1ltal\u00e1nos adminisztr\u00e1ci\u00f3 kezel\u00e9s\u00e9hez.<\/p>\n<p>Ezek a s\u00fctik \u00e1ltal\u00e1ban t\u00f6rl\u0151dnek, amikor kijelentkezik a rendszerb\u0151l; bizonyos esetekben azonban megmaradhatnak, hogy megjegyezz\u00e9k a webhely be\u00e1ll\u00edt\u00e1sait a kil\u00e9p\u00e9s ut\u00e1n is.<\/p>\n<ul>\n<li><strong>Bejelentkez\u00e9ssel kapcsolatos s\u00fctik<\/strong><\/li>\n<\/ul>\n<p>Amikor bejelentkezik weboldalunkra, s\u00fctiket haszn\u00e1lunk a m\u0171velet megjegyz\u00e9s\u00e9re. Ez megakad\u00e1lyozza, hogy minden alkalommal \u00fajra be kelljen jelentkeznie, amikor \u00faj oldalt l\u00e1togat meg.<\/p>\n<p>Ezek a s\u00fctik \u00e1ltal\u00e1ban t\u00f6rl\u0151dnek kijelentkez\u00e9skor, hogy bejelentkez\u00e9skor csak korl\u00e1tozott er\u0151forr\u00e1sokhoz \u00e9s ter\u00fcletekhez f\u00e9rhessen hozz\u00e1.<\/p>\n<ul>\n<li><strong>E-mail h\u00edrlevelekhez kapcsol\u00f3d\u00f3 s\u00fctik<\/strong><\/li>\n<\/ul>\n<p>Ez a weboldal h\u00edrlev\u00e9l- vagy e-mail-feliratkoz\u00e1si szolg\u00e1ltat\u00e1sokat k\u00edn\u00e1l, \u00e9s ezekben az esetekben s\u00fctiket haszn\u00e1lhatunk annak megjegyz\u00e9s\u00e9re, hogy \u00d6n m\u00e1r regisztr\u00e1lt-e, \u00e9s hogy megjelenjenek-e bizonyos, kiz\u00e1r\u00f3lag a regisztr\u00e1lt\/nem regisztr\u00e1lt felhaszn\u00e1l\u00f3k sz\u00e1m\u00e1ra \u00e9rv\u00e9nyes \u00e9rtes\u00edt\u00e9sek.<\/p>\n<ul>\n<li><strong>A s\u00fctikkel kapcsolatos k\u00e9r\u00e9sek feldolgoz\u00e1sa<\/strong><\/li>\n<\/ul>\n<p>Ez a weboldal e-kereskedelmi vagy fizet\u00e9si lehet\u0151s\u00e9geket k\u00edn\u00e1l, \u00e9s bizonyos s\u00fctik elengedhetetlenek ahhoz, hogy a rendel\u00e9sed a k\u00fcl\u00f6nb\u00f6z\u0151 oldalak k\u00f6z\u00f6tt is megjegyezve legyen, \u00edgy azt megfelel\u0151en feldolgozni tudjuk.<\/p>\n<ul>\n<li><strong>Kutat\u00e1ssal kapcsolatos s\u00fctik<\/strong><\/li>\n<\/ul>\n<p>Gyakran k\u00edn\u00e1lunk felm\u00e9r\u00e9seket \u00e9s k\u00e9rd\u0151\u00edveket, hogy \u00e9rdekes inform\u00e1ci\u00f3kat, hasznos eszk\u00f6z\u00f6ket k\u00edn\u00e1ljunk, vagy jobban meg\u00e9rts\u00fck felhaszn\u00e1l\u00f3i b\u00e1zisunkat. Ezek a felm\u00e9r\u00e9sek s\u00fctiket haszn\u00e1lhatnak annak megjegyz\u00e9s\u00e9re, hogy mely felhaszn\u00e1l\u00f3k vettek m\u00e1r r\u00e9szt a felm\u00e9r\u00e9sben, vagy hogy pontos eredm\u00e9nyeket mutassanak be az oldal m\u00f3dos\u00edt\u00e1sa ut\u00e1n.<\/p>\n<ul>\n<li><strong>\u0170rlapokkal kapcsolatos s\u00fctik<\/strong><\/li>\n<\/ul>\n<p>Amikor \u0171rlapon, p\u00e9ld\u00e1ul a kapcsolatfelv\u00e9teli oldalakon vagy a hozz\u00e1sz\u00f3l\u00e1s \u0171rlapokon kereszt\u00fcl k\u00fcldi el adatait, s\u00fctiket \u00e1ll\u00edthatunk be, hogy megjegyezz\u00e9k a felhaszn\u00e1l\u00f3i adatokat a k\u00e9s\u0151bbi \u00f6sszef\u00fcgg\u00e9s \u00e9rdek\u00e9ben.<\/p>\n<ul>\n<li><strong>Webhely-be\u00e1ll\u00edt\u00e1si s\u00fctik<\/strong><\/li>\n<\/ul>\n<p>Annak \u00e9rdek\u00e9ben, hogy kiv\u00e9teles felhaszn\u00e1l\u00f3i \u00e9lm\u00e9nyt ny\u00fajtsunk ezen a weboldalon, olyan funkci\u00f3kat biztos\u00edtunk, amelyek seg\u00edts\u00e9g\u00e9vel meghat\u00e1rozhatjuk a weboldal megjelen\u00edt\u00e9s\u00e9vel kapcsolatos preferenci\u00e1it a haszn\u00e1lat sor\u00e1n. Ahhoz, hogy megjegyezz\u00fck preferenci\u00e1it, s\u00fctiket kell be\u00e1ll\u00edtanunk, hogy ezek az inform\u00e1ci\u00f3k minden olyan oldalon megjelenjenek, amelyet az \u00d6n preferenci\u00e1i befoly\u00e1solnak.<\/p>\n<ul>\n<li><strong>Harmadik f\u00e9lt\u0151l sz\u00e1rmaz\u00f3 s\u00fctik<\/strong><\/li>\n<\/ul>\n<p>Kiv\u00e9teles esetekben megb\u00edzhat\u00f3 harmadik felek \u00e1ltal biztos\u00edtott s\u00fctiket is haszn\u00e1lunk. Az al\u00e1bbi szakasz le\u00edrja, hogy milyen harmadik f\u00e9lt\u0151l sz\u00e1rmaz\u00f3 s\u00fctikkel tal\u00e1lkozhat ezen a weboldalon kereszt\u00fcl.<\/p>\n<ul>\n<li>A Google Analytics-et, az internet egyik legmegb\u00edzhat\u00f3bb \u00e9s legsz\u00e9lesebb k\u00f6rben haszn\u00e1lt elemz\u0151eszk\u00f6z\u00e9t haszn\u00e1ljuk, hogy meg\u00e9rts\u00fck, hogyan haszn\u00e1lj\u00e1k a felhaszn\u00e1l\u00f3k az oldalt, \u00e9s ez\u00e1ltal jav\u00edtsuk a felhaszn\u00e1l\u00f3i \u00e9lm\u00e9nyt. Ezek a s\u00fctik nyomon k\u00f6vethetik az oldalon elt\u00f6lt\u00f6tt id\u0151t \u00e9s a megtekintett oldalakat, hogy tov\u00e1bbra is \u00e9rdekes tartalmakat tudjunk l\u00e9trehozni.<\/li>\n<\/ul>\n<p>A Google Analytics s\u00fctikkel kapcsolatos tov\u00e1bbi r\u00e9szletek\u00e9rt k\u00e9rj\u00fck, l\u00e1togassa meg a Google Analytics hivatalos weboldal\u00e1t.<\/p>\n<ul>\n<li>Harmadik f\u00e9lt\u0151l sz\u00e1rmaz\u00f3 diagnosztikai eszk\u00f6z\u00f6ket haszn\u00e1lunk a webhely haszn\u00e1lat\u00e1nak nyomon k\u00f6vet\u00e9s\u00e9re \u00e9s becsl\u00e9s\u00e9re, hogy tov\u00e1bbra is \u00e9rdekes tartalmakat tudjunk l\u00e9trehozni. Ezek a s\u00fctik adatokat gy\u0171jthetnek a webhelyen elt\u00f6lt\u00f6tt id\u0151r\u0151l vagy a megl\u00e1togatott oldalakr\u00f3l, seg\u00edtve minket abban, hogy meg\u00e9rts\u00fck, hogyan fejleszthetj\u00fck a webhelyet az \u00d6n sz\u00e1m\u00e1ra.<\/li>\n<\/ul>\n<p>Gyakran k\u00eds\u00e9rletez\u00fcnk \u00faj funkci\u00f3kkal, \u00e9s v\u00e1ltoztatunk a webhely megjelen\u00edt\u00e9s\u00e9n. A tesztel\u00e9s sor\u00e1n s\u00fctiket haszn\u00e1lhatunk a min\u0151s\u00e9gi b\u00f6ng\u00e9sz\u00e9si \u00e9lm\u00e9ny biztos\u00edt\u00e1sa \u00e9rdek\u00e9ben, am\u00edg meg nem \u00e9rtj\u00fck, hogy mely fejleszt\u00e9sek tetszenek a felhaszn\u00e1l\u00f3inknak a legjobban.<\/p>\n<p>Term\u00e9keink forgalmaz\u00e1sa sor\u00e1n statisztik\u00e1kat kell k\u00e9sz\u00edten\u00fcnk arr\u00f3l, hogy weboldalunkon h\u00e1ny l\u00e1togat\u00f3 v\u00e1s\u00e1rol, \u00e9s ezek a s\u00fctik ilyen t\u00edpus\u00fa inform\u00e1ci\u00f3kat fognak r\u00f6gz\u00edteni. Ez az\u00e9rt fontos az \u00d6n sz\u00e1m\u00e1ra, mert ez azt mutatja, hogy el\u0151re tudjuk l\u00e1tni hirdet\u00e9si \u00e9s term\u00e9kk\u00f6lts\u00e9geinket a legmegfelel\u0151bb \u00e1r biztos\u00edt\u00e1sa \u00e9rdek\u00e9ben.<\/p>\n<p>A hirdet\u00e9sek megjelen\u00edt\u00e9s\u00e9hez haszn\u00e1lt Google AdSense szolg\u00e1ltat\u00e1sunk DoubleClick s\u00fctit haszn\u00e1l, hogy relev\u00e1nsabb hirdet\u00e9seket jelen\u00edtsen meg az interneten, \u00e9s meghat\u00e1rozza, hogy egy adott hirdet\u00e9s h\u00e1nyszor jelenik meg \u00d6nnek. A Google AdSense-szel kapcsolatos tov\u00e1bbi r\u00e9szletek\u00e9rt k\u00e9rj\u00fck, l\u00e1togassa meg a hivatalos Google AdSense adatv\u00e9delmi GYIK-et.<\/p>\n<p>Weboldalunk hirdet\u00e9seket haszn\u00e1l a m\u0171k\u00f6d\u00e9si k\u00f6lts\u00e9gek fedez\u00e9s\u00e9re \u00e9s a j\u00f6v\u0151beli fejleszt\u00e9sek finansz\u00edroz\u00e1s\u00e1ra. A weboldal \u00e1ltal haszn\u00e1lt viselked\u00e9sk\u00f6vet\u0151 s\u00fctik c\u00e9lja, hogy a lehet\u0151 legrelev\u00e1nsabb hirdet\u00e9seket kapja az\u00e1ltal, hogy n\u00e9vtelen\u00fcl k\u00f6vetik a preferenci\u00e1it, \u00e9s hasonl\u00f3 tartalmakat jelen\u00edtenek meg, amelyek \u00e9rdekelhetik \u00d6nt.<\/p>\n<p>K\u00fcl\u00f6nb\u00f6z\u0151 partnerek hirdetnek a nev\u00fcnkben, \u00e9s a partneri k\u00f6vet\u0151 s\u00fctik lehet\u0151v\u00e9 teszik sz\u00e1munkra, hogy azonos\u00edtsuk, ha felhaszn\u00e1l\u00f3ink valamelyik partneroldalunkon kereszt\u00fcl jutottak el az oldalra, \u00edgy megfelel\u0151en jutalmazhatjuk \u0151ket, \u00e9s adott esetben lehet\u0151v\u00e9 tegy\u00fck affiliate partnereink sz\u00e1m\u00e1ra, hogy prom\u00f3ci\u00f3kat k\u00edn\u00e1ljanak, amelyekkel v\u00e1s\u00e1rl\u00e1sra \u00f6szt\u00f6n\u00f6zhetik \u00d6nt.<\/p>\n<p><strong>Felhaszn\u00e1l\u00f3i k\u00f6telezetts\u00e9gv\u00e1llal\u00e1s<\/strong><\/p>\n<p>A felhaszn\u00e1l\u00f3 beleegyezik abba, hogy a TechTen \u00e1ltal a weboldalon el\u00e9rhet\u0151v\u00e9 tett tartalmakat \u00e9s inform\u00e1ci\u00f3kat megfelel\u0151en \u00e9s c\u00e9lszer\u0171en haszn\u00e1lja, bele\u00e9rtve, de nem kiz\u00e1r\u00f3lagosan:<\/p>\n<p>A) Nem avatkozik bele olyan tev\u00e9kenys\u00e9gekbe, amelyek ellent\u00e9tesek a t\u00f6rv\u00e9nnyel, a j\u00f3hiszem\u0171s\u00e9ggel \u00e9s a k\u00f6zrenddel;<\/p>\n<p>B) Nem terjeszthet rasszista vagy idegengy\u0171l\u00f6l\u0151 jelleg\u0171 kamp\u00e1nyokat vagy tartalmakat, semmilyen t\u00edpus\u00fa illeg\u00e1lis pornogr\u00e1fi\u00e1t, illetve terrorizmust n\u00e9pszer\u0171s\u00edt\u0151 vagy emberi jogokat s\u00e9rt\u0151 tartalmat;<\/p>\n<p>C) Nem okoz k\u00e1rt a TechTen, besz\u00e1ll\u00edt\u00f3i vagy harmadik felek fizikai (hardver) \u00e9s logikai (szoftver) rendszereiben sz\u00e1m\u00edt\u00f3g\u00e9pes v\u00edrusok vagy b\u00e1rmely m\u00e1s, a fent eml\u00edtett k\u00e1rokat okozni k\u00e9pes hardver- vagy szoftverrendszer bevezet\u00e9s\u00e9vel vagy terjeszt\u00e9s\u00e9vel.<\/p>\n<p><strong>Tov\u00e1bbi inform\u00e1ci\u00f3k<\/strong><\/p>\n<p>Rem\u00e9lj\u00fck, hogy ez vil\u00e1gos, \u00e9s ahogy kor\u00e1bban eml\u00edtett\u00fck, ha b\u00e1rmilyen k\u00e9rd\u00e9se van, a biztons\u00e1ga \u00e9rdek\u00e9ben javasoljuk, hogy hagyja enged\u00e9lyezve a s\u00fctiket, arra az esetre, ha azok befoly\u00e1solhatn\u00e1k a weboldalunkon haszn\u00e1lt funkci\u00f3k valamelyik\u00e9t.<\/p>","protected":false},"excerpt":{"rendered":"<p>\u00c9 pol\u00edtica do TechTen honrar a sua privacidade referente a qualquer informa\u00e7\u00e3o sua que possamos colher no site TechTen, e outros sites que possu\u00edmos e operamos. Solicitamos informa\u00e7\u00f5es pessoais apenas quando realmente necess\u00e1rio para lhe oferecer algum servi\u00e7o. No entanto, fazemo-lo por meios adequados e l\u00edcitos, com o seu conhecimento e concord\u00e2ncia. Tamb\u00e9m informamos o [&hellip;]<\/p>","protected":false},"author":0,"featured_media":0,"parent":0,"menu_order":0,"comment_status":"closed","ping_status":"closed","template":"","meta":{"footnotes":""},"_links":{"self":[{"href":"https:\/\/techten.com.br\/hu\/wp-json\/wp\/v2\/pages\/16537"}],"collection":[{"href":"https:\/\/techten.com.br\/hu\/wp-json\/wp\/v2\/pages"}],"about":[{"href":"https:\/\/techten.com.br\/hu\/wp-json\/wp\/v2\/types\/page"}],"replies":[{"embeddable":true,"href":"https:\/\/techten.com.br\/hu\/wp-json\/wp\/v2\/comments?post=16537"}],"version-history":[{"count":0,"href":"https:\/\/techten.com.br\/hu\/wp-json\/wp\/v2\/pages\/16537\/revisions"}],"wp:attachment":[{"href":"https:\/\/techten.com.br\/hu\/wp-json\/wp\/v2\/media?parent=16537"}],"curies":[{"name":"wp","href":"https:\/\/api.w.org\/{rel}","templated":true}]}}