    {"id":6815,"date":"2022-07-04T11:27:56","date_gmt":"2022-07-04T14:27:56","guid":{"rendered":"https:\/\/techten.com.br\/?page_id=6815"},"modified":"2022-07-04T11:27:56","modified_gmt":"2022-07-04T14:27:56","slug":"quem-somos","status":"publish","type":"page","link":"https:\/\/techten.com.br\/hu\/quem-somos\/","title":{"rendered":"Kik vagyunk"},"content":{"rendered":"<p>\u00dcdv\u00f6z\u00f6lj\u00fck a <strong>TechTen<\/strong>!<\/p>\n<p>Blogunkat az\u00e9rt hoztuk l\u00e9tre, hogy inform\u00e1ci\u00f3kat \u00e9s tippeket ny\u00fajtsunk neked, az olvas\u00f3nak a technol\u00f3gi\u00e1val, hitelk\u00e1rty\u00e1kkal, k\u00f6lcs\u00f6n\u00f6kkel \u00e9s sok m\u00e1ssal kapcsolatos t\u00e9m\u00e1kban.<\/p>\n<p>Hangs\u00falyozzuk, hogy <strong>NEM AJ\u00c1NLJUK<\/strong> Ezek a term\u00e9kek\/szolg\u00e1ltat\u00e1sok. Kiz\u00e1r\u00f3lag napi cikkeket tesz\u00fcnk k\u00f6zz\u00e9 v\u00e9lem\u00e9nyekkel, h\u00edrekkel \u00e9s \u00e9rdekes t\u00e9nyekkel r\u00f3luk.<\/p>\n<p>Tov\u00e1bb\u00e1, a <strong>A TechTen csapata NEM k\u00e9ri<\/strong> A kiadv\u00e1nyainkban eml\u00edtett term\u00e9kek vagy szolg\u00e1ltat\u00e1sok szimul\u00e1ci\u00f3j\u00e1nak, j\u00f3v\u00e1hagy\u00e1s\u00e1nak vagy kiad\u00e1s\u00e1nak nem el\u0151felt\u00e9tele el\u0151leg, \u00e1tutal\u00e1s vagy fizet\u00e9s.<\/p>\n<p>V\u00e9lem\u00e9ny\u00e9t weboldalunk fejleszt\u00e9se szempontj\u00e1b\u00f3l nagyon fontosnak tartjuk, ez\u00e9rt ha b\u00e1rmilyen k\u00e9rd\u00e9se, javaslata vagy ak\u00e1r panasza van, k\u00e9rj\u00fck, vegye fel vel\u00fcnk a kapcsolatot az al\u00e1bbi e-mail c\u00edmen: <strong><a href=\"mailto:contato@vmvnews.com.br\">kapcsolat@vmvnews.com.br<\/a><\/strong> vagy az al\u00e1bb megadott \u0171rlapon.<\/p>\n<p><a href=\"https:\/\/techten.com.br\/hu\/contato\/\">K\u00fcldj\u00f6n nek\u00fcnk \u00fczenetet<\/a>.<\/p>\n<p>&nbsp;A csapat&nbsp;<strong style=\"font-size: 14pt; color: var( --e-global-color-text );\">TechTen<\/strong>&nbsp;K\u00f6sz\u00f6n\u00f6m a l\u00e1togat\u00e1st!<\/p>\n<p>Egy nagy \u00f6lel\u00e9s.<\/p>","protected":false},"excerpt":{"rendered":"<p>Bem-Vindo(a) ao TechTen! Nosso blog foi criado para trazer a voc\u00ea, leitor(a), informa\u00e7\u00f5es e dicas sobre conte\u00fados relacionados a tecnologia, cart\u00f5es de cr\u00e9dito, empr\u00e9stimos e muito mais. Ressaltamos que N\u00c3O OFERECEMOS esses produtos\/servi\u00e7os. Apenas publicamos diariamente artigos com an\u00e1lises, not\u00edcias e curiosidades sobre eles. Al\u00e9m disso, a Equipe TechTen N\u00c3O SOLICITA dep\u00f3sitos, transfer\u00eancias ou pagamentos, [&hellip;]<\/p>","protected":false},"author":0,"featured_media":0,"parent":0,"menu_order":0,"comment_status":"closed","ping_status":"closed","template":"","meta":{"footnotes":""},"_links":{"self":[{"href":"https:\/\/techten.com.br\/hu\/wp-json\/wp\/v2\/pages\/6815"}],"collection":[{"href":"https:\/\/techten.com.br\/hu\/wp-json\/wp\/v2\/pages"}],"about":[{"href":"https:\/\/techten.com.br\/hu\/wp-json\/wp\/v2\/types\/page"}],"replies":[{"embeddable":true,"href":"https:\/\/techten.com.br\/hu\/wp-json\/wp\/v2\/comments?post=6815"}],"version-history":[{"count":0,"href":"https:\/\/techten.com.br\/hu\/wp-json\/wp\/v2\/pages\/6815\/revisions"}],"wp:attachment":[{"href":"https:\/\/techten.com.br\/hu\/wp-json\/wp\/v2\/media?parent=6815"}],"curies":[{"name":"wp","href":"https:\/\/api.w.org\/{rel}","templated":true}]}}