    {"id":16537,"date":"2021-11-19T10:45:11","date_gmt":"2021-11-19T13:45:11","guid":{"rendered":"http:\/\/techten.com.br\/?page_id=3"},"modified":"2021-11-19T10:45:11","modified_gmt":"2021-11-19T13:45:11","slug":"politica-de-privacidade","status":"publish","type":"page","link":"https:\/\/techten.com.br\/it\/politica-de-privacidade\/","title":{"rendered":"politica sulla riservatezza"},"content":{"rendered":"<p>La politica di TechTen \u00e8 quella di rispettare la tua privacy in merito a qualsiasi informazione che potremmo raccogliere da te sul sito web di TechTen e su altri siti di nostra propriet\u00e0 e gestione.<\/p>\n<p>Richiediamo informazioni personali solo quando \u00e8 realmente necessario per fornirti un servizio. Tuttavia, lo facciamo attraverso mezzi appropriati e leciti, con la tua conoscenza e il tuo consenso. Ti informiamo inoltre sul motivo per cui raccogliamo tali informazioni e su come verranno utilizzate.<\/p>\n<p>Conserviamo le informazioni raccolte solo per il tempo necessario a fornire il servizio richiesto. In caso di archiviazione dei dati, li proteggiamo con mezzi commercialmente accettabili per prevenirne la perdita e il furto, nonch\u00e9 l&#039;accesso, la divulgazione, la copia, l&#039;uso o la modifica non autorizzati.<\/p>\n<p>Non divulghiamo pubblicamente o a terzi informazioni personali identificabili, salvo nei casi previsti dalla legge.<\/p>\n<p>Il nostro sito web potrebbe contenere link a siti web esterni non gestiti da noi. Pertanto, precisiamo che non monitoriamo i contenuti e le pratiche di tali siti web e, pertanto, non siamo responsabili delle rispettive informative sulla privacy.<\/p>\n<p>Hai il diritto di rifiutare la nostra richiesta di informazioni personali, sapendo che potremmo non essere in grado di fornirti alcuni dei servizi che desideri.<\/p>\n<p>L&#039;uso frequente del nostro sito web implica l&#039;accettazione delle nostre pratiche relative all&#039;Informativa sulla privacy e al trattamento dei dati personali. Per qualsiasi domanda sulle modalit\u00e0 di gestione dei dati personali e dei dati degli utenti, non esitate a contattarci.<\/p>\n<p><strong>Politica sui cookie di TechTen<\/strong><\/p>\n<p><strong>Cosa sono i cookie?<\/strong><\/p>\n<p>Come accade nella maggior parte dei siti web professionali, questo sito utilizza i cookie, ovvero piccoli file scaricati sul tuo computer, per migliorare la tua esperienza.<\/p>\n<p>Questa pagina specifica quali informazioni vengono raccolte, come vengono utilizzate e perch\u00e9 in alcuni casi \u00e8 necessario memorizzare questi cookie.<\/p>\n<p>Spiegheremo anche come puoi impedire che questi cookie vengano memorizzati; tuttavia, ci\u00f2 potrebbe ridurre o &quot;interrompere&quot; alcune funzionalit\u00e0 del sito.<\/p>\n<p><strong>Come vengono utilizzati i cookie?<\/strong><\/p>\n<p>I cookie vengono utilizzati per vari motivi, descritti di seguito.<\/p>\n<p>Purtroppo, in molti casi, non esiste un&#039;alternativa standard del settore per disabilitare i cookie senza disattivare completamente le funzionalit\u00e0 e le caratteristiche che aggiungono a questo sito web.<\/p>\n<p>Pertanto, ti consigliamo di non disabilitare i cookie se non sei sicuro di averne bisogno o meno quando vengono utilizzati per fornire un servizio che utilizzi.<\/p>\n<p><strong>Disabilitazione dei cookie<\/strong><\/p>\n<p>\u00c8 possibile impedire l&#039;installazione dei cookie modificando le impostazioni del browser (consultare la Guida del browser per informazioni su come procedere). Tuttavia, tenere presente che la disattivazione dei cookie influir\u00e0 sul funzionamento di questo e di molti altri siti web visitati.<\/p>\n<p>La disabilitazione dei cookie generalmente disabiliter\u00e0 alcune funzioni e caratteristiche di questo sito web. Pertanto, ti consigliamo di non disabilitare i cookie.<\/p>\n<p><strong>Cookie che impostiamo<\/strong><\/p>\n<ul>\n<li><strong>Cookie relativi all&#039;account<\/strong><\/li>\n<\/ul>\n<p>Se crei un account sul nostro sito web, i cookie verranno utilizzati per gestire il processo di registrazione e l&#039;amministrazione generale.<\/p>\n<p>In genere, questi cookie vengono rimossi quando si esce dal sistema; tuttavia, in alcune situazioni, potrebbero persistere per ricordare le preferenze del sito dopo che si \u00e8 usciti.<\/p>\n<ul>\n<li><strong>Cookie relativi all&#039;accesso<\/strong><\/li>\n<\/ul>\n<p>Quando accedi al nostro sito web, utilizziamo i cookie per ricordare questa azione. Questo ti evita di dover effettuare l&#039;accesso ogni volta che visiti una nuova pagina.<\/p>\n<p>Questi cookie vengono solitamente eliminati o cancellati quando si effettua il logout, per garantire che si possa accedere solo alle risorse e alle aree riservate quando si \u00e8 effettuato l&#039;accesso.<\/p>\n<ul>\n<li><strong>Cookie relativi alle newsletter via email<\/strong><\/li>\n<\/ul>\n<p>Questo sito web offre servizi di newsletter o di abbonamento via e-mail e, in questi casi, i cookie potrebbero essere utilizzati per ricordare se sei gi\u00e0 registrato e se visualizzare determinate notifiche valide esclusivamente per utenti registrati\/non registrati.<\/p>\n<ul>\n<li><strong>Richieste di elaborazione dei cookie correlati<\/strong><\/li>\n<\/ul>\n<p>Questo sito web offre funzionalit\u00e0 di e-commerce o di pagamento e alcuni cookie sono essenziali per garantire che il tuo ordine venga ricordato tra le pagine, in modo da poterlo elaborare correttamente.<\/p>\n<ul>\n<li><strong>Cookie relativi alla ricerca<\/strong><\/li>\n<\/ul>\n<p>Forniamo spesso sondaggi e questionari per offrire informazioni interessanti, strumenti utili o per comprendere meglio la nostra base di utenti. Questi sondaggi potrebbero utilizzare cookie per ricordare quali utenti hanno gi\u00e0 partecipato o per presentare risultati accurati dopo le modifiche alla pagina.<\/p>\n<ul>\n<li><strong>Cookie relativi ai moduli<\/strong><\/li>\n<\/ul>\n<p>Quando invii i tuoi dati tramite un modulo, come quelli disponibili nelle pagine dei contatti o nei moduli di commento, i cookie potrebbero essere impostati per ricordare dettagli specifici dell&#039;utente per una correlazione successiva.<\/p>\n<ul>\n<li><strong>Cookie di preferenza del sito<\/strong><\/li>\n<\/ul>\n<p>Per garantire un&#039;esperienza eccezionale su questo sito web, forniamo funzionalit\u00e0 che consentono di determinare le tue preferenze su come questo sito web viene presentato quando lo utilizzi. Per ricordare le tue preferenze, \u00e8 necessario impostare i cookie in modo che queste informazioni possano essere presentate ogni volta che interagisci con una pagina influenzata dalle tue preferenze.<\/p>\n<ul>\n<li><strong>Cookie di terze parti<\/strong><\/li>\n<\/ul>\n<p>In casi eccezionali, utilizziamo anche cookie forniti da terze parti fidate. La sezione seguente descrive quali cookie di terze parti potresti incontrare attraverso questo sito web.<\/p>\n<ul>\n<li>Utilizziamo Google Analytics, uno degli strumenti di analisi pi\u00f9 affidabili e utilizzati sul web, per aiutarci a capire come gli utenti utilizzano il sito e quindi migliorare la loro esperienza. Questi cookie possono tracciare elementi relativi al tempo trascorso sul sito e alle pagine a cui si accede, in modo da poter continuare a produrre contenuti coinvolgenti.<\/li>\n<\/ul>\n<p>Per maggiori dettagli sui cookie di Google Analytics, visita il sito web ufficiale di Google Analytics.<\/p>\n<ul>\n<li>Utilizziamo strumenti diagnostici di terze parti per monitorare e stimare l&#039;utilizzo di questo sito, in modo da poter continuare a creare contenuti interessanti. Questi cookie potrebbero raccogliere dati relativi al tempo trascorso sul sito o alle pagine a cui si accede, aiutandoci a capire come possiamo migliorare il sito per te.<\/li>\n<\/ul>\n<p>Sperimentiamo frequentemente nuove funzionalit\u00e0 e apportiamo modifiche alla visualizzazione del sito. Durante i test, potremmo utilizzare i cookie per garantire un&#039;esperienza di navigazione di qualit\u00e0, finch\u00e9 non capiremo quali miglioramenti siano pi\u00f9 apprezzati dai nostri utenti.<\/p>\n<p>Quando commercializziamo prodotti, dobbiamo tracciare statistiche sul numero di visitatori del nostro sito web che effettivamente effettuano un acquisto, ed \u00e8 questo il tipo di informazioni che questi cookie tracceranno. Questo \u00e8 importante per te perch\u00e9 dimostra che possiamo anticipare le nostre spese pubblicitarie e di prodotto per garantire il prezzo pi\u00f9 appropriato.<\/p>\n<p>Il servizio Google AdSense che utilizziamo per la pubblicit\u00e0 utilizza un cookie DoubleClick per mostrare annunci pi\u00f9 pertinenti sul Web e determinare quante volte ti viene mostrato un determinato annuncio. Per maggiori dettagli su Google AdSense, consulta le FAQ ufficiali sulla privacy di Google AdSense.<\/p>\n<p>Il nostro sito web utilizza la pubblicit\u00e0 per coprire le spese operative e ottenere finanziamenti per futuri miglioramenti. I cookie di tracciamento comportamentale utilizzati da questo sito web sono progettati per garantire che tu riceva gli annunci pi\u00f9 pertinenti, ove possibile, monitorando in forma anonima le tue preferenze e presentando contenuti simili che potrebbero interessarti.<\/p>\n<p>Diversi partner pubblicizzano per nostro conto e i cookie di tracciamento degli affiliati ci consentono di identificare se i nostri utenti hanno avuto accesso al sito tramite uno dei nostri siti partner, in modo da poterli ricompensare adeguatamente e, ove applicabile, consentire ai nostri partner affiliati di offrire eventuali promozioni per incoraggiarti a effettuare un acquisto.<\/p>\n<p><strong>Impegno dell&#039;utente<\/strong><\/p>\n<p>L&#039;utente accetta di utilizzare in modo appropriato e appropriato i contenuti e le informazioni che TechTen mette a disposizione sul sito web, inclusi, a titolo esemplificativo ma non esaustivo:<\/p>\n<p>A) Non interferire in attivit\u00e0 considerate contrarie alla legge, alla buona fede e all&#039;ordine pubblico;<\/p>\n<p>B) Non diffondere campagne o contenuti di natura razzista o xenofoba, qualsiasi tipo di pornografia illegale o contenuti che promuovano il terrorismo o violino i diritti umani;<\/p>\n<p>C) Non causare danni ai sistemi fisici (hardware) e logici (software) di TechTen, dei suoi fornitori o di terzi, introducendo o diffondendo virus informatici o qualsiasi altro sistema hardware o software in grado di causare i suddetti danni.<\/p>\n<p><strong>Ulteriori informazioni<\/strong><\/p>\n<p>Ci auguriamo che tutto ci\u00f2 sia chiaro e, come gi\u00e0 detto, per qualsiasi domanda, ti consigliamo, per la tua sicurezza, di lasciare i cookie abilitati, nel caso in cui possano influenzare una delle funzionalit\u00e0 che utilizzi sul nostro sito web.<\/p>","protected":false},"excerpt":{"rendered":"<p>\u00c9 pol\u00edtica do TechTen honrar a sua privacidade referente a qualquer informa\u00e7\u00e3o sua que possamos colher no site TechTen, e outros sites que possu\u00edmos e operamos. Solicitamos informa\u00e7\u00f5es pessoais apenas quando realmente necess\u00e1rio para lhe oferecer algum servi\u00e7o. No entanto, fazemo-lo por meios adequados e l\u00edcitos, com o seu conhecimento e concord\u00e2ncia. Tamb\u00e9m informamos o [&hellip;]<\/p>","protected":false},"author":0,"featured_media":0,"parent":0,"menu_order":0,"comment_status":"closed","ping_status":"closed","template":"","meta":{"footnotes":""},"_links":{"self":[{"href":"https:\/\/techten.com.br\/it\/wp-json\/wp\/v2\/pages\/16537"}],"collection":[{"href":"https:\/\/techten.com.br\/it\/wp-json\/wp\/v2\/pages"}],"about":[{"href":"https:\/\/techten.com.br\/it\/wp-json\/wp\/v2\/types\/page"}],"replies":[{"embeddable":true,"href":"https:\/\/techten.com.br\/it\/wp-json\/wp\/v2\/comments?post=16537"}],"version-history":[{"count":0,"href":"https:\/\/techten.com.br\/it\/wp-json\/wp\/v2\/pages\/16537\/revisions"}],"wp:attachment":[{"href":"https:\/\/techten.com.br\/it\/wp-json\/wp\/v2\/media?parent=16537"}],"curies":[{"name":"wp","href":"https:\/\/api.w.org\/{rel}","templated":true}]}}