    {"id":6815,"date":"2022-07-04T11:27:56","date_gmt":"2022-07-04T14:27:56","guid":{"rendered":"https:\/\/techten.com.br\/?page_id=6815"},"modified":"2022-07-04T11:27:56","modified_gmt":"2022-07-04T14:27:56","slug":"quem-somos","status":"publish","type":"page","link":"https:\/\/techten.com.br\/it\/quem-somos\/","title":{"rendered":"Chi siamo"},"content":{"rendered":"<p>Benvenuti a <strong>TechTen<\/strong>!<\/p>\n<p>Il nostro blog \u00e8 stato creato per fornire a te, lettore, informazioni e suggerimenti su argomenti relativi a tecnologia, carte di credito, prestiti e molto altro.<\/p>\n<p>Sottolineiamo che <strong>NON OFFRIAMO<\/strong> Questi prodotti\/servizi. Pubblichiamo solo articoli giornalieri con recensioni, notizie e fatti interessanti su di essi.<\/p>\n<p>Inoltre, il <strong>Il team TechTen NON richiede<\/strong> Depositi, trasferimenti o pagamenti non sono richiesti come condizione per la simulazione, l&#039;approvazione o il rilascio dei prodotti o servizi menzionati nelle nostre pubblicazioni.<\/p>\n<p>Riteniamo che la tua opinione sia molto importante per il miglioramento del nostro sito web, quindi se hai domande, suggerimenti o anche reclami, contattaci via e-mail: <strong><a href=\"mailto:contato@vmvnews.com.br\">contact@vmvnews.com.br<\/a><\/strong> oppure il modulo fornito di seguito.<\/p>\n<p><a href=\"https:\/\/techten.com.br\/it\/contato\/\">Inviaci un messaggio<\/a>.<\/p>\n<p>&nbsp;La squadra&nbsp;<strong style=\"font-size: 14pt; color: var( --e-global-color-text );\">TechTen<\/strong>&nbsp;Grazie per la vostra visita!<\/p>\n<p>Un forte abbraccio.<\/p>","protected":false},"excerpt":{"rendered":"<p>Bem-Vindo(a) ao TechTen! Nosso blog foi criado para trazer a voc\u00ea, leitor(a), informa\u00e7\u00f5es e dicas sobre conte\u00fados relacionados a tecnologia, cart\u00f5es de cr\u00e9dito, empr\u00e9stimos e muito mais. Ressaltamos que N\u00c3O OFERECEMOS esses produtos\/servi\u00e7os. Apenas publicamos diariamente artigos com an\u00e1lises, not\u00edcias e curiosidades sobre eles. Al\u00e9m disso, a Equipe TechTen N\u00c3O SOLICITA dep\u00f3sitos, transfer\u00eancias ou pagamentos, [&hellip;]<\/p>","protected":false},"author":0,"featured_media":0,"parent":0,"menu_order":0,"comment_status":"closed","ping_status":"closed","template":"","meta":{"footnotes":""},"_links":{"self":[{"href":"https:\/\/techten.com.br\/it\/wp-json\/wp\/v2\/pages\/6815"}],"collection":[{"href":"https:\/\/techten.com.br\/it\/wp-json\/wp\/v2\/pages"}],"about":[{"href":"https:\/\/techten.com.br\/it\/wp-json\/wp\/v2\/types\/page"}],"replies":[{"embeddable":true,"href":"https:\/\/techten.com.br\/it\/wp-json\/wp\/v2\/comments?post=6815"}],"version-history":[{"count":0,"href":"https:\/\/techten.com.br\/it\/wp-json\/wp\/v2\/pages\/6815\/revisions"}],"wp:attachment":[{"href":"https:\/\/techten.com.br\/it\/wp-json\/wp\/v2\/media?parent=6815"}],"curies":[{"name":"wp","href":"https:\/\/api.w.org\/{rel}","templated":true}]}}