    {"id":6829,"date":"2022-07-12T10:38:37","date_gmt":"2022-07-12T13:38:37","guid":{"rendered":"https:\/\/techten.com.br\/?page_id=6829"},"modified":"2022-07-12T10:38:37","modified_gmt":"2022-07-12T13:38:37","slug":"termos-de-uso","status":"publish","type":"page","link":"https:\/\/techten.com.br\/it\/termos-de-uso\/","title":{"rendered":"Termini di utilizzo"},"content":{"rendered":"<p><strong>TERMINI DI SERVIZIO<\/strong><\/p>\n<p><strong>PANORAMICA<\/strong><\/p>\n<p>Questo sito web \u00e8 gestito da TechTen. Pertanto, su tutte le nostre pagine, i termini &quot;noi&quot;, &quot;ci&quot; e &quot;nostro&quot; si riferiscono a TechTen.<\/p>\n<p>Inoltre, tutte le informazioni, gli strumenti e i servizi sono resi disponibili su questo sito Web all&#039;utente, previa accettazione di tutti i termini, le condizioni, le politiche e gli avvisi qui stabiliti.<\/p>\n<p>Navigando sul nostro sito web e\/o acquistando qualsiasi prodotto o servizio sul nostro sito web, stai utilizzando i nostri &quot;Servizi&quot; e, pertanto, accetti i termini e le condizioni (&quot;Termini di servizio&quot;, &quot;Termini&quot;), inclusi i termini e le condizioni, nonch\u00e9 le politiche aggiuntive indicate nel presente documento e\/o tramite collegamenti ipertestuali.<\/p>\n<p>I presenti Termini di servizio si applicano a tutti gli utenti del sito, compresi gli utenti che sono visualizzatori, produttori, clienti, commercianti e\/o contributori di contenuti.<\/p>\n<p>Pertanto, prima di accedere o utilizzare il nostro sito web, ti preghiamo di leggere attentamente i presenti Termini di servizio, poich\u00e9 accedendo o utilizzando qualsiasi parte del sito web, accetti i nostri Termini di servizio.<\/p>\n<p>Tuttavia, se non sei d&#039;accordo con i termini e le condizioni del presente accordo, ti consigliamo di non accedere al sito web e\/o di non utilizzare alcun servizio. I presenti Termini di servizio sono considerati un&#039;offerta e l&#039;accettazione \u00e8 limitata a tali Termini di servizio.<\/p>\n<p>Eventuali nuove funzionalit\u00e0 o strumenti aggiunti al sito web attuale saranno soggetti ai Termini di servizio.<\/p>\n<p>Puoi visualizzare la versione pi\u00f9 recente dei Termini di servizio in qualsiasi momento su questa pagina.<\/p>\n<p>Ci riserviamo il diritto di modificare qualsiasi parte dei presenti Termini di servizio pubblicando aggiornamenti e\/o modifiche sul nostro sito web.<\/p>\n<p>\u00c8 tua responsabilit\u00e0 controllare frequentemente questa pagina per eventuali modifiche. L&#039;uso continuato o l&#039;accesso al sito web dopo la pubblicazione di eventuali modifiche implica l&#039;accettazione di tali modifiche.<\/p>\n<p><strong>SEZIONE 1 \u2013 TERMINI DEL SITO<\/strong><\/p>\n<p>Accettando i presenti Termini di servizio, confermi di essere maggiorenne nel tuo stato o comune di residenza e di averci autorizzato a consentire a qualsiasi minore a tuo carico di utilizzare questo sito.<\/p>\n<p>I nostri prodotti non possono essere utilizzati per scopi illegali o non autorizzati. Utilizzando questo Servizio, l&#039;utente non pu\u00f2 violare alcuna legge nella propria giurisdizione (incluse, a titolo esemplificativo ma non esaustivo, le leggi sul copyright).<\/p>\n<p>Inoltre, non devi distribuire virus o codici di natura distruttiva.<\/p>\n<p>La violazione di uno qualsiasi dei Termini comporter\u00e0 l&#039;immediata cessazione dei Servizi.<\/p>\n<p><strong>SEZIONE 2 \u2013 CONDIZIONI GENERALI<\/strong><\/p>\n<p>Ci riserviamo il diritto di rifiutare il servizio per qualsiasi motivo, a qualsiasi persona, in qualsiasi momento.<\/p>\n<p>L&#039;utente \u00e8 consapevole che i suoi dati (escluse le informazioni relative alla carta di credito) possono essere trasmessi in forma non crittografata e possono: (a) essere distribuiti su diverse reti; e (b) subire modifiche per conformarsi alle condizioni tecniche delle reti o dei dispositivi di connessione. Le informazioni relative alla carta di credito sono sempre crittografate durante il trasferimento sulle reti.<\/p>\n<p>Accetti di non riprodurre, duplicare, copiare, vendere, rivendere o sfruttare alcuna parte del Servizio, l&#039;uso del Servizio, l&#039;accesso al Servizio o qualsiasi contatto sul sito web tramite il quale il Servizio \u00e8 reso disponibile, senza la nostra espressa autorizzazione scritta.<\/p>\n<p>I titoli utilizzati nel presente accordo sono inseriti solo a scopo informativo e non limitano n\u00e9 influenzano i presenti Termini.<\/p>\n<p><strong>SEZIONE 3 \u2013 PRECISIONE E PERIODO DI VALIDIT\u00c0 DELLE INFORMAZIONI<\/strong><\/p>\n<p>Non siamo responsabili se le informazioni presentate su questo sito web non sono accurate, complete o aggiornate.<\/p>\n<p>Il materiale presente su questo sito \u00e8 fornito esclusivamente a scopo informativo e non deve essere utilizzato come unica fonte per prendere decisioni senza consultare altre fonti di informazione primarie, pi\u00f9 accurate, pi\u00f9 complete o pi\u00f9 aggiornate.<\/p>\n<p>Pertanto, l&#039;utilizzo di qualsiasi contenuto di questo sito web \u00e8 sotto la tua responsabilit\u00e0.<\/p>\n<p>Questo sito web potrebbe divulgare alcune informazioni storiche, che potrebbero non essere recenti e sono fornite solo a scopo di riferimento.<\/p>\n<p>Ci riserviamo il diritto di modificare il contenuto di questo sito web in qualsiasi momento. Tuttavia, non siamo tenuti ad aggiornare le informazioni presenti sul nostro sito web ed \u00e8 vostra responsabilit\u00e0 verificare eventuali modifiche.<\/p>\n<p><strong>SEZIONE 4 \u2013 MODIFICHE DEL SERVIZIO E DEL PREZZO (se applicabile)<\/strong><\/p>\n<p>I prezzi dei nostri prodotti sono soggetti a modifiche senza preavviso.<\/p>\n<p>Ci riserviamo il diritto di modificare o interrompere il Servizio (o qualsiasi parte o contenuto dello stesso) in qualsiasi momento e senza preavviso.<\/p>\n<p>Non siamo responsabili nei confronti dell&#039;utente o di terzi per eventuali modifiche, variazioni di prezzo, cancellazioni o interruzioni del Servizio.<\/p>\n<p><strong>SEZIONE 5 \u2013 PRODOTTI O SERVIZI (se applicabile)<\/strong><\/p>\n<p>Alcuni prodotti o servizi potrebbero essere disponibili esclusivamente online tramite il sito web e, pertanto, potrebbero essere disponibili in quantit\u00e0 limitate e soggetti a reso o cambio solo in conformit\u00e0 con la nostra Politica sui resi.<\/p>\n<p>Faremo del nostro meglio per visualizzare accuratamente i colori e le immagini dei nostri prodotti, ma non possiamo garantire che la visualizzazione di qualsiasi colore sul monitor del tuo computer sar\u00e0 esatta.<\/p>\n<p>Ci riserviamo il diritto, ma non l&#039;obbligo, di limitare le vendite dei nostri prodotti o Servizi a qualsiasi persona, area geografica o giurisdizione. Potremo esercitare tale diritto caso per caso.<\/p>\n<p>Ci riserviamo il diritto di stabilire le quantit\u00e0 di qualsiasi prodotto o servizio offerto. Inoltre, le informazioni sui prodotti o sui prezzi sono soggette a modifiche in qualsiasi momento, senza preavviso e a nostra esclusiva discrezione.<\/p>\n<p>Ci riserviamo il diritto di sospendere qualsiasi prodotto in qualsiasi momento. Le offerte di prodotti o servizi su questo sito web sono nulle ove proibite dalla legge.<\/p>\n<p>Non garantiamo che la qualit\u00e0 dei prodotti, servizi, informazioni o altri materiali da te acquistati soddisfer\u00e0 le tue aspettative, n\u00e9 che eventuali errori nel Servizio verranno corretti.<\/p>\n<p><strong>SEZIONE 6 \u2013 PRECISIONE DELLA FATTURAZIONE E INFORMAZIONI SULL\u2019ACCOUNT<\/strong><\/p>\n<p>Ci riserviamo il diritto di rifiutare qualsiasi ordine effettuato presso di noi.<\/p>\n<p>Potremmo, a nostra esclusiva discrezione, limitare o annullare la quantit\u00e0 di prodotti acquistati per persona, per nucleo familiare o per ordine. Tali limitazioni possono riguardare ordini effettuati con lo stesso account cliente, la stessa carta di credito e\/o ordini che utilizzano lo stesso indirizzo di fatturazione e\/o di consegna.<\/p>\n<p>In caso di modifica o annullamento di un ordine, potremmo provare a informarti tramite l&#039;indirizzo e-mail e\/o il numero\/indirizzo di telefono fornito al momento dell&#039;ordine.<\/p>\n<p>Ci riserviamo il diritto di limitare o impedire gli ordini che, a nostra esclusiva discrezione, potrebbero essere stati effettuati da rivenditori, rivenditori o distributori.<\/p>\n<p>Accetti di fornire le informazioni complete sul tuo account e sui tuoi acquisti per tutti gli acquisti effettuati nel nostro negozio.<\/p>\n<p>Accetti di aggiornare il tuo account e altre informazioni, tra cui il tuo indirizzo e-mail, i numeri delle carte di credito e le date di scadenza, in modo che possiamo completare le tue transazioni e contattarti quando necessario.<\/p>\n<p>Per maggiori dettagli, consulta la nostra Politica sui resi.<\/p>\n<p><strong>SEZIONE 7 \u2013 STRUMENTI ALTERNATIVI<\/strong><\/p>\n<p>Potremmo fornirti l&#039;accesso a strumenti di terze parti sui quali non abbiamo alcuna supervisione o controllo.<\/p>\n<p>Accetti che forniamo l&#039;accesso a tali strumenti &quot;cos\u00ec come sono&quot; e &quot;come disponibili&quot;, senza alcuna garanzia, dichiarazione o condizione di alcun tipo e senza alcuna approvazione. Pertanto, non siamo responsabili, in nessuna circostanza, per l&#039;utilizzo da parte tua di strumenti opzionali di terze parti.<\/p>\n<p>L&#039;utilizzo degli strumenti opzionali resi disponibili tramite il sito web avviene esclusivamente a vostro rischio e pericolo, e dovete prendere visione e accettare i termini degli strumenti offerti dai fornitori terzi.<\/p>\n<p>In futuro potremmo anche rendere disponibili nuovi servizi e\/o funzionalit\u00e0 tramite il sito web (inclusa la promozione di nuovi strumenti e risorse), che saranno anch&#039;essi soggetti ai presenti Termini di servizio.<\/p>\n<p><strong>SEZIONE 8 \u2013 LINK DI TERZE PARTI<\/strong><\/p>\n<p>Alcuni contenuti, prodotti e servizi disponibili tramite il nostro Servizio potrebbero includere materiali di terze parti.<\/p>\n<p>I link di terze parti presenti su questo sito potrebbero indirizzarvi a siti web di terze parti non affiliati a noi. Pertanto, non siamo responsabili della revisione o della valutazione del contenuto o della sua accuratezza. Inoltre, non forniamo alcuna garanzia e non abbiamo alcun obbligo o responsabilit\u00e0 per i contenuti o i siti web di terze parti, n\u00e9 per altri contenuti, prodotti o servizi di terze parti.<\/p>\n<p>Non siamo responsabili per eventuali danni o perdite associati all&#039;acquisto o all&#039;utilizzo di beni, servizi, risorse, contenuti o qualsiasi altra transazione effettuata in relazione a siti web di terze parti.<\/p>\n<p>Pertanto, ti consigliamo di leggere attentamente le policy e le pratiche di terze parti e di assicurarti di comprenderle prima di effettuare qualsiasi transazione. Domande, reclami e qualsiasi problema relativo a prodotti di terze parti devono essere indirizzati alla rispettiva societ\u00e0 terza.<\/p>\n<p><strong>SEZIONE 9 \u2013 COMMENTI, FEEDBACK E ALTRE INTERAZIONI DELL\u2019UTENTE<\/strong><\/p>\n<p>Se, su nostra richiesta, intraprendi determinate azioni specifiche (ad esempio, partecipando a concorsi) o, senza una richiesta da parte nostra, invii idee, suggerimenti, proposte, piani o altri materiali, online, via e-mail, per posta o in altro modo (collettivamente, &quot;commenti&quot;), accetti che possiamo, in qualsiasi momento, senza limitazioni, modificare, copiare, pubblicare, distribuire, tradurre e utilizzare su qualsiasi mezzo i commenti che ci inoltri.<\/p>\n<p>Non siamo responsabili di: (1) mantenere riservati i commenti; (2) pagare un compenso per i commenti; o (3) rispondere ai commenti.<\/p>\n<p>Possiamo, ma non siamo obbligati a, monitorare, modificare o rimuovere contenuti che, a nostra esclusiva discrezione, riteniamo illegali, offensivi, minacciosi, calunniosi, diffamatori, pornografici, osceni o altrimenti discutibili, o che violano la propriet\u00e0 intellettuale di terze parti o i presenti Termini di servizio.<\/p>\n<p>Accetti di non pubblicare commenti che violino i diritti di terze parti, inclusi diritti d&#039;autore, marchi commerciali, privacy, personalit\u00e0 o altri diritti personali o di propriet\u00e0.<\/p>\n<p>Accetti di non pubblicare commenti che contengano materiale diffamatorio, illegale, offensivo o osceno, n\u00e9 che contengano virus informatici o altri malware che potrebbero compromettere il funzionamento del Servizio o di qualsiasi sito web correlato.<\/p>\n<p>Non \u00e8 consentito utilizzare un indirizzo email falso, impersonare un&#039;altra persona o in altro modo trarre in inganno noi o terze parti circa l&#039;origine di qualsiasi commento. L&#039;utente \u00e8 l&#039;unico responsabile dei commenti pubblicati e della loro accuratezza. Non ci assumiamo alcuna responsabilit\u00e0 per eventuali commenti pubblicati dall&#039;utente o da terze parti sul nostro sito web.<\/p>\n<p><strong>SEZIONE 10 \u2013 INFORMAZIONI PERSONALI<\/strong><\/p>\n<p>La divulgazione di informazioni personali tramite questo sito web \u00e8 regolata dalla nostra Informativa sulla privacy. Pertanto, per saperne di pi\u00f9, si prega di consultare la nostra Informativa sulla privacy.<\/p>\n<p><strong>SEZIONE 11 \u2013 ERRORI, INESATTEZZE E OMISSIONI<\/strong><\/p>\n<p>Occasionalmente, sul nostro sito o nel Servizio potrebbero essere presenti informazioni contenenti errori tipografici, inesattezze o omissioni che potrebbero riguardare definizioni di prodotti, prezzi, promozioni, offerte, spese di spedizione dei prodotti, tempi di transito e disponibilit\u00e0.<\/p>\n<p>Ci riserviamo il diritto di correggere eventuali errori, inesattezze o omissioni e di modificare o aggiornare le informazioni o annullare gli ordini qualora qualsiasi informazione presente nel Servizio o su qualsiasi sito web correlato risulti inesatta, in qualsiasi momento e senza preavviso (anche dopo aver inviato l&#039;ordine).<\/p>\n<p>Non acconsentiamo ad alcun obbligo di aggiornare, modificare o chiarire le informazioni presenti nel Servizio o su qualsiasi sito web correlato, comprese, a titolo esemplificativo ma non esaustivo, le informazioni sui prezzi, salvo quanto richiesto dalla legge.<\/p>\n<p>Nessuna singola data di aggiornamento o di aggiornamento del Servizio o di qualsiasi sito web correlato deve essere utilizzata per indicare che tutte le informazioni sul Servizio o su qualsiasi sito web correlato sono state modificate o aggiornate.<\/p>\n<p><strong>SEZIONE 12 \u2013 USI VIETATI<\/strong><\/p>\n<p>Oltre alle altre restrizioni stabilite nei Termini di servizio, \u00e8 vietato utilizzare il sito o il suo contenuto per: (a) qualsiasi scopo illegale; (b) sollecitare altri a compiere o partecipare ad atti illegali; (c) violare qualsiasi regolamento, norma, legge o ordinanza locale, internazionale, federale, municipale o statale; (d) violare o infrangere i nostri diritti di propriet\u00e0 intellettuale o i diritti di propriet\u00e0 intellettuale di altri; (e) molestare, abusare, insultare, danneggiare, diffamare, calunniare, denigrare, intimidire o discriminare in base a genere, orientamento sessuale, religione, etnia, razza, et\u00e0, origine nazionale o disabilit\u00e0; (f) diffondere informazioni false o fuorvianti;<br \/>\n(g) inoltrare o distribuire virus o qualsiasi altro tipo di codice dannoso che sar\u00e0 o potr\u00e0 essere utilizzato in qualsiasi modo che influisca sulla funzionalit\u00e0 o sul funzionamento del Servizio o di qualsiasi sito web correlato, di altri siti web o di Internet; (h) raccogliere o tracciare le informazioni personali di altri; (i) impegnarsi in spam, phishing, pharming, pretexting, spidering, crawling o scraping; (j) qualsiasi scopo osceno o immorale; o (k) interferire o manomettere le funzionalit\u00e0 di sicurezza del Servizio o di qualsiasi sito web correlato, di altri siti web o di Internet.<\/p>\n<p>Ci riserviamo il diritto di interrompere l&#039;utilizzo del Servizio o di qualsiasi sito web correlato in caso di violazione di uno qualsiasi dei divieti sopra menzionati.<\/p>\n<p><strong>SEZIONE 13 \u2013 ESCLUSIONE DI GARANZIE E DEFINIZIONE DI RESPONSABILIT\u00c0<\/strong><\/p>\n<p>Non garantiamo che l&#039;utilizzo del nostro servizio sar\u00e0 continuo, comodo, sicuro o privo di errori. N\u00e9 garantiamo che i risultati ottenibili dall&#039;utilizzo del servizio saranno accurati o affidabili.<\/p>\n<p>Accetti che occasionalmente potremmo ritirare il servizio a tempo indeterminato o annullarlo in qualsiasi momento senza preavviso.<\/p>\n<p>Accetti che l&#039;utilizzo o l&#039;impossibilit\u00e0 di utilizzare il servizio sia di tua responsabilit\u00e0. Il servizio e tutti i prodotti e servizi offerti sono (salvo quanto espressamente dichiarato da noi) forniti senza garanzia e &quot;secondo disponibilit\u00e0&quot; per il tuo utilizzo, senza alcuna dichiarazione, garanzia o condizione di alcun tipo, espressa o implicita, incluse tutte le garanzie o condizioni implicite di commerciabilit\u00e0, quantit\u00e0, idoneit\u00e0 per uno scopo particolare, durata, titolarit\u00e0 e non violazione.<\/p>\n<p>In nessun caso TechTen, i nostri direttori, funzionari, dipendenti, affiliati, agenti, appaltatori, stagisti, fornitori, prestatori di servizi o licenziatari saranno ritenuti responsabili per eventuali danni, perdite, reclami o danni diretti, indiretti, incidentali, punitivi, speciali o consequenziali di alcun tipo, inclusi, a titolo esemplificativo ma non esaustivo, mancati profitti, mancati ricavi, mancati risparmi, perdita di dati, costi di sostituzione o danni simili, siano essi basati su contratto, illecito civile (inclusa negligenza), responsabilit\u00e0 oggettiva o altro, derivanti dall&#039;uso di uno qualsiasi dei servizi o di qualsiasi prodotto ottenuto tramite il servizio, o per qualsiasi altro reclamo associato in qualsiasi modo all&#039;uso del servizio o di qualsiasi prodotto, inclusi, a titolo esemplificativo ma non esaustivo, eventuali guasti o omissioni in qualsiasi contenuto, o qualsiasi perdita o danno di qualsiasi tipo subito a seguito dell&#039;uso del servizio o di qualsiasi contenuto (o prodotto) pubblicato, trasmesso o altrimenti reso disponibile tramite il servizio, anche se informati della sua possibilit\u00e0.<\/p>\n<p>Poich\u00e9 alcuni stati o giurisdizioni non accettano l&#039;esenzione o la limitazione di responsabilit\u00e0 per danni indiretti o incidentali, in tali stati o giurisdizioni la nostra responsabilit\u00e0 sar\u00e0 limitata nella misura massima consentita dalla legge.<\/p>\n<p><strong>SEZIONE 14 \u2013 RISARCIMENTO<\/strong><\/p>\n<p>Accetti di indennizzare, proteggere e tenere indenne TechTen e la nostra societ\u00e0 madre, le nostre controllate, affiliate, partner, funzionari, direttori, agenti, appaltatori, licenziatari, fornitori di servizi, subappaltatori, fornitori, stagisti e dipendenti da qualsiasi obiezione o richiesta, comprese le ragionevoli spese legali, avanzate da terzi, dovute o derivanti dalla violazione dei presenti Termini di servizio o dei documenti in essi incorporati per riferimento, o dalla violazione di qualsiasi legge o dei diritti di terzi.<\/p>\n<p><strong>SEZIONE 15 \u2013 INDIPENDENZA<\/strong><\/p>\n<p>Se una qualsiasi disposizione dei presenti Termini di servizio \u00e8 ritenuta illegale, nulla o inapplicabile, tale disposizione sar\u00e0 comunque applicabile nella misura massima consentita dalla legge applicabile e la parte inapplicabile sar\u00e0 considerata separata dai presenti Termini di servizio e tale determinazione non influir\u00e0 sulla validit\u00e0 e applicabilit\u00e0 delle altre disposizioni rimanenti.<\/p>\n<p><strong>SEZIONE 16 \u2013 RISOLUZIONE<\/strong><\/p>\n<p>Gli obblighi e le responsabilit\u00e0 delle parti coinvolte prima della data di risoluzione sopravvivranno alla risoluzione del presente contratto a tutti gli effetti.<\/p>\n<p>I presenti Termini di Servizio rimarranno in vigore salvo disdetta da parte tua o nostra. Puoi recedere dai presenti Termini di Servizio in qualsiasi momento, comunicandoci che non desideri pi\u00f9 utilizzare i nostri servizi o cessando di utilizzare il nostro sito web.<\/p>\n<p>Se, a nostra esclusiva discrezione, violi qualsiasi termine o disposizione delle presenti Condizioni di servizio, potremmo anche recedere dal presente contratto in qualsiasi momento senza preavviso e rimarrai responsabile di tutti gli importi dovuti fino alla data di rescissione; potremmo anche negarti l&#039;accesso ai nostri Servizi (o a qualsiasi parte di essi).<\/p>\n<p><strong>SEZIONE 17 \u2013 ACCORDO COMPLETO<\/strong><\/p>\n<p>Il mancato esercizio o la mancata applicazione da parte nostra di qualsiasi diritto o disposizione dei presenti Termini di servizio non comporter\u00e0 una rinuncia a tale diritto o disposizione.<\/p>\n<p>I presenti Termini di Servizio e qualsiasi politica o regola da noi pubblicata su questo sito o associata al servizio costituiscono l&#039;intero accordo tra noi. I presenti termini regolano l&#039;utilizzo del Servizio, sostituendo qualsiasi accordo, comunicazione e proposta precedente o successiva, orale o scritta, tra te e noi (incluse, a titolo esemplificativo ma non esaustivo, eventuali versioni precedenti dei Termini di Servizio).<\/p>\n<p>Eventuali ambiguit\u00e0 nell&#039;interpretazione dei presenti Termini di servizio non dovranno essere interpretate a sfavore della parte redattrice.<\/p>\n<p><strong>SEZIONE 18 \u2013 LEGISLAZIONE APPLICABILE<\/strong><\/p>\n<p>I presenti Termini di servizio e tutti gli accordi separati in base ai quali ti forniamo i Servizi saranno regolati e interpretati in conformit\u00e0 con le leggi di San Paolo, Brasile.<\/p>\n<p><strong>SEZIONE 19 \u2013 MODIFICHE AI TERMINI DI SERVIZIO<\/strong><\/p>\n<p>Puoi visualizzare la versione pi\u00f9 recente dei Termini di servizio in qualsiasi momento su questa pagina.<\/p>\n<p>Ci riserviamo il diritto, a nostra esclusiva discrezione, di aggiornare, modificare o sostituire qualsiasi parte di questi Termini di servizio pubblicando aggiornamenti e modifiche sul nostro sito web.<\/p>\n<p>\u00c8 tua responsabilit\u00e0 controllare regolarmente il nostro sito web per eventuali modifiche, poich\u00e9 il tuo utilizzo continuato o l&#039;accesso al nostro sito web o al Servizio dopo la pubblicazione di eventuali modifiche alle presenti Condizioni di servizio implica l&#039;accettazione di tali modifiche.<\/p>\n<p><strong>SEZIONE 20 \u2013 INFORMAZIONI DI CONTATTO<\/strong><\/p>\n<p>Per qualsiasi domanda riguardante i Termini di servizio, inviare un&#039;e-mail a contato@techten.com.br.<\/p>","protected":false},"excerpt":{"rendered":"<p>PANORAMICA DEI TERMINI DI SERVIZIO Questo sito web \u00e8 gestito da TechTen. Pertanto, in tutte le nostre pagine, i termini &quot;noi&quot;, &quot;ci&quot; e &quot;nostro&quot; si riferiscono a TechTen. Inoltre, tutte le informazioni, gli strumenti e i servizi sono resi disponibili su questo sito web all&#039;utente, previa accettazione di tutti i termini, le condizioni, le politiche e [\u2026]<\/p>","protected":false},"author":0,"featured_media":0,"parent":0,"menu_order":0,"comment_status":"closed","ping_status":"closed","template":"","meta":{"footnotes":""},"_links":{"self":[{"href":"https:\/\/techten.com.br\/it\/wp-json\/wp\/v2\/pages\/6829"}],"collection":[{"href":"https:\/\/techten.com.br\/it\/wp-json\/wp\/v2\/pages"}],"about":[{"href":"https:\/\/techten.com.br\/it\/wp-json\/wp\/v2\/types\/page"}],"replies":[{"embeddable":true,"href":"https:\/\/techten.com.br\/it\/wp-json\/wp\/v2\/comments?post=6829"}],"version-history":[{"count":0,"href":"https:\/\/techten.com.br\/it\/wp-json\/wp\/v2\/pages\/6829\/revisions"}],"wp:attachment":[{"href":"https:\/\/techten.com.br\/it\/wp-json\/wp\/v2\/media?parent=6829"}],"curies":[{"name":"wp","href":"https:\/\/api.w.org\/{rel}","templated":true}]}}