    {"id":16537,"date":"2021-11-19T10:45:11","date_gmt":"2021-11-19T13:45:11","guid":{"rendered":"http:\/\/techten.com.br\/?page_id=3"},"modified":"2021-11-19T10:45:11","modified_gmt":"2021-11-19T13:45:11","slug":"politica-de-privacidade","status":"publish","type":"page","link":"https:\/\/techten.com.br\/ro\/politica-de-privacidade\/","title":{"rendered":"Politica de confiden\u021bialitate"},"content":{"rendered":"<p>Politica TechTen este de a respecta confiden\u021bialitatea dumneavoastr\u0103 cu privire la orice informa\u021bii pe care le putem colecta de la dumneavoastr\u0103 pe site-ul web TechTen \u0219i pe alte site-uri pe care le de\u021binem \u0219i le oper\u0103m.<\/p>\n<p>Solicit\u0103m informa\u021bii personale doar atunci c\u00e2nd este cu adev\u0103rat necesar pentru a v\u0103 furniza un serviciu. Cu toate acestea, facem acest lucru prin mijloace adecvate \u0219i legale, cu cuno\u0219tin\u021ba \u0219i consim\u021b\u0103m\u00e2ntul dumneavoastr\u0103. De asemenea, v\u0103 inform\u0103m de ce colect\u0103m informa\u021biile \u0219i cum vor fi utilizate.<\/p>\n<p>P\u0103str\u0103m informa\u021biile colectate doar pe durata necesar\u0103 furniz\u0103rii serviciului solicitat. \u00cen cazul stoc\u0103rii datelor, le protej\u0103m prin mijloace acceptabile din punct de vedere comercial pentru a preveni pierderea \u0219i furtul, precum \u0219i accesul, divulgarea, copierea, utilizarea sau modificarea neautorizat\u0103.<\/p>\n<p>Nu divulg\u0103m informa\u021bii personale identificabile public sau c\u0103tre ter\u021bi, cu excep\u021bia cazurilor impuse de lege.<\/p>\n<p>Site-ul nostru web poate con\u021bine link-uri c\u0103tre site-uri web externe care nu sunt gestionate de noi. Prin urmare, clarific\u0103m faptul c\u0103 nu monitoriz\u0103m con\u021binutul \u0219i practicile acestor site-uri web \u0219i, prin urmare, nu suntem responsabili pentru politicile lor de confiden\u021bialitate respective.<\/p>\n<p>Ave\u021bi dreptul s\u0103 respinge\u021bi solicitarea noastr\u0103 de informa\u021bii personale, \u0219tiind c\u0103 este posibil s\u0103 nu v\u0103 putem furniza unele dintre serviciile dorite.<\/p>\n<p>Utilizarea frecvent\u0103 a site-ului nostru web implic\u0103 acordul cu practicile noastre privind Notificarea de confiden\u021bialitate \u0219i informa\u021biile personale. Dac\u0103 ave\u021bi \u00eentreb\u0103ri despre modul \u00een care gestion\u0103m informa\u021biile personale \u0219i datele utilizatorilor, v\u0103 rug\u0103m s\u0103 ne contacta\u021bi.<\/p>\n<p><strong>Politica privind cookie-urile TechTen<\/strong><\/p>\n<p><strong>Ce sunt cookie-urile?<\/strong><\/p>\n<p>A\u0219a cum este obi\u0219nuit \u00een cazul majorit\u0103\u021bii site-urilor web profesionale, acest site folose\u0219te cookie-uri, care sunt fi\u0219iere mici desc\u0103rcate pe computer, pentru a v\u0103 \u00eembun\u0103t\u0103\u021bi experien\u021ba.<\/p>\n<p>Aceast\u0103 pagin\u0103 specific\u0103 ce informa\u021bii colecteaz\u0103, cum sunt utilizate \u0219i de ce, \u00een anumite cazuri, este necesar\u0103 stocarea acestor cookie-uri.<\/p>\n<p>De asemenea, v\u0103 vom explica cum pute\u021bi \u00eempiedica stocarea acestor cookie-uri, \u00eens\u0103 acest lucru poate afecta negativ func\u021bionalitatea site-ului sau poate \u201edefecta\u201d.<\/p>\n<p><strong>Cum sunt utilizate cookie-urile?<\/strong><\/p>\n<p>Cookie-urile sunt utilizate din diverse motive, descrise mai jos.<\/p>\n<p>Din p\u0103cate, \u00een multe cazuri, nu exist\u0103 o alternativ\u0103 standard \u00een industrie pentru dezactivarea cookie-urilor f\u0103r\u0103 a dezactiva complet func\u021bionalitatea \u0219i caracteristicile pe care le adaug\u0103 acestui site web.<\/p>\n<p>Prin urmare, v\u0103 recomand\u0103m s\u0103 nu dezactiva\u021bi cookie-urile dac\u0103 nu sunte\u021bi sigur dac\u0103 ave\u021bi sau nu nevoie de ele atunci c\u00e2nd sunt utilizate pentru a v\u0103 furniza un serviciu pe care \u00eel utiliza\u021bi.<\/p>\n<p><strong>Dezactivarea cookie-urilor<\/strong><\/p>\n<p>Pute\u021bi opri setarea cookie-urilor prin ajustarea set\u0103rilor browserului dvs. (consulta\u021bi sec\u021biunea de ajutor a browserului dvs. pentru a afla cum pute\u021bi face acest lucru). Cu toate acestea, re\u021bine\u021bi c\u0103 dezactivarea cookie-urilor va afecta func\u021bionarea acestui site web \u0219i a multor altora pe care le vizita\u021bi.<\/p>\n<p>Dezactivarea cookie-urilor va dezactiva, \u00een general, anumite func\u021bii \u0219i caracteristici ale acestui site web. Prin urmare, v\u0103 recomand\u0103m s\u0103 nu dezactiva\u021bi cookie-urile.<\/p>\n<p><strong>Cookie-urile pe care le set\u0103m<\/strong><\/p>\n<ul>\n<li><strong>Cookie-uri legate de cont<\/strong><\/li>\n<\/ul>\n<p>Dac\u0103 v\u0103 crea\u021bi un cont pe site-ul nostru web, modulele cookie vor fi utilizate pentru a gestiona procesul de \u00eenregistrare \u0219i administrarea general\u0103.<\/p>\n<p>Aceste cookie-uri vor fi de obicei eliminate c\u00e2nd v\u0103 deconecta\u021bi din sistem; cu toate acestea, \u00een anumite situa\u021bii, este posibil ca acestea s\u0103 persiste pentru a re\u021bine preferin\u021bele dvs. de pe site dup\u0103 ce p\u0103r\u0103si\u021bi site-ul.<\/p>\n<ul>\n<li><strong>Cookie-uri legate de conectare<\/strong><\/li>\n<\/ul>\n<p>C\u00e2nd v\u0103 conecta\u021bi la site-ul nostru web, folosim cookie-uri pentru a memora aceast\u0103 ac\u021biune. Acest lucru v\u0103 \u00eempiedic\u0103 s\u0103 v\u0103 conecta\u021bi de fiecare dat\u0103 c\u00e2nd vizita\u021bi o pagin\u0103 nou\u0103.<\/p>\n<p>Aceste cookie-uri sunt de obicei \u0219terse sau eliminate atunci c\u00e2nd v\u0103 deconecta\u021bi pentru a v\u0103 asigura c\u0103 accesa\u021bi resurse \u0219i zone restric\u021bionate doar atunci c\u00e2nd sunte\u021bi conectat.<\/p>\n<ul>\n<li><strong>Cookie-uri legate de newsletterele prin e-mail<\/strong><\/li>\n<\/ul>\n<p>Acest site web ofer\u0103 servicii de abonare la newsletter sau e-mail, iar \u00een aceste cazuri, cookie-urile pot fi utilizate pentru a re\u021bine dac\u0103 sunte\u021bi deja \u00eenregistrat \u0219i dac\u0103 se afi\u0219eaz\u0103 anumite notific\u0103ri valabile exclusiv pentru utilizatorii \u00eenregistra\u021bi\/ne\u00eenregistra\u021bi.<\/p>\n<ul>\n<li><strong>Prelucrarea solicit\u0103rilor de cookie-uri aferente<\/strong><\/li>\n<\/ul>\n<p>Acest site web ofer\u0103 func\u021bionalit\u0103\u021bi de comer\u021b electronic sau de plat\u0103, iar unele cookie-uri sunt esen\u021biale pentru a ne asigura c\u0103 comanda dvs. este memorat\u0103 \u00eentre pagini, astfel \u00eenc\u00e2t s\u0103 o putem procesa corect.<\/p>\n<ul>\n<li><strong>Cookie-uri legate de cercetare<\/strong><\/li>\n<\/ul>\n<p>Oferim frecvent sondaje \u0219i chestionare pentru a oferi informa\u021bii interesante, instrumente utile sau pentru a \u00een\u021belege mai bine baza noastr\u0103 de utilizatori. Aceste sondaje pot utiliza cookie-uri pentru a-\u0219i aminti ce utilizatori au participat deja la sondaj sau pentru a prezenta rezultate precise dup\u0103 modific\u0103rile paginii.<\/p>\n<ul>\n<li><strong>Cookie-uri legate de formulare<\/strong><\/li>\n<\/ul>\n<p>C\u00e2nd trimite\u021bi datele dvs. prin intermediul unui formular, cum ar fi cele disponibile pe paginile de contact sau formularele de comentarii, este posibil s\u0103 se seteze cookie-uri pentru a re\u021bine detalii specifice ale utilizatorului pentru corelare ulterioar\u0103.<\/p>\n<ul>\n<li><strong>Cookie-uri pentru preferin\u021bele site-ului<\/strong><\/li>\n<\/ul>\n<p>Pentru a promova o experien\u021b\u0103 excep\u021bional\u0103 pe acest site web, oferim func\u021bionalit\u0103\u021bi care v\u0103 permit s\u0103 determina\u021bi preferin\u021bele privind modul \u00een care este prezentat acest site web atunci c\u00e2nd \u00eel utiliza\u021bi. Pentru a v\u0103 re\u021bine preferin\u021bele, este necesar s\u0103 seta\u021bi cookie-uri, astfel \u00eenc\u00e2t aceste informa\u021bii s\u0103 poat\u0103 fi prezentate de fiecare dat\u0103 c\u00e2nd interac\u021biona\u021bi cu o pagin\u0103 influen\u021bat\u0103 de preferin\u021bele dumneavoastr\u0103.<\/p>\n<ul>\n<li><strong>Cookie-uri ter\u021be<\/strong><\/li>\n<\/ul>\n<p>\u00cen cazuri excep\u021bionale, folosim \u0219i cookie-uri furnizate de ter\u021bi de \u00eencredere. Sec\u021biunea de mai jos descrie ce cookie-uri ter\u021be pute\u021bi \u00eent\u00e2lni prin intermediul acestui site web.<\/p>\n<ul>\n<li>Folosim Google Analytics, unul dintre cele mai fiabile \u0219i utilizate instrumente de analiz\u0103 de pe web, pentru a ne ajuta s\u0103 \u00een\u021belegem cum utilizeaz\u0103 utilizatorii site-ul \u0219i, astfel, s\u0103 le \u00eembun\u0103t\u0103\u021bim experien\u021ba. Aceste cookie-uri pot urm\u0103ri elemente legate de c\u00e2t timp petrece\u021bi pe site \u0219i ce pagini accesa\u021bi, astfel \u00eenc\u00e2t s\u0103 putem continua s\u0103 producem con\u021binut captivant.<\/li>\n<\/ul>\n<p>Pentru mai multe detalii despre cookie-urile Google Analytics, v\u0103 rug\u0103m s\u0103 vizita\u021bi site-ul oficial Google Analytics.<\/p>\n<ul>\n<li>Diagnosticarea de c\u0103tre ter\u021bi este utilizat\u0103 pentru a urm\u0103ri \u0219i estima utilizarea acestui site, astfel \u00eenc\u00e2t s\u0103 putem continua s\u0103 cre\u0103m con\u021binut interesant. Aceste cookie-uri pot colecta date legate de timpul petrecut pe site sau de paginile pe care le accesa\u021bi, ajut\u00e2ndu-ne s\u0103 \u00een\u021belegem cum putem \u00eembun\u0103t\u0103\u021bi site-ul pentru dvs.<\/li>\n<\/ul>\n<p>Experiment\u0103m frecvent cu func\u021bii noi \u0219i modific\u0103m modul \u00een care este afi\u0219at site-ul. \u00cen timpul test\u0103rii, este posibil s\u0103 folosim cookie-uri pentru a v\u0103 asigura o experien\u021b\u0103 de navigare de calitate, p\u00e2n\u0103 c\u00e2nd \u00een\u021belegem ce \u00eembun\u0103t\u0103\u021biri prefer\u0103 cel mai mult utilizatorii no\u0219tri.<\/p>\n<p>Pe m\u0103sur\u0103 ce comercializ\u0103m produse, trebuie s\u0103 urm\u0103rim statistici privind num\u0103rul de vizitatori ai site-ului nostru web care efectueaz\u0103 efectiv o achizi\u021bie, iar acesta este tipul de informa\u021bii pe care le vor urm\u0103ri aceste cookie-uri. Acest lucru este important pentru dvs., deoarece arat\u0103 c\u0103 putem anticipa cheltuielile noastre cu publicitatea \u0219i produsele pentru a asigura cel mai potrivit pre\u021b.<\/p>\n<p>Serviciul Google AdSense pe care \u00eel folosim pentru a oferi publicitate folose\u0219te un cookie DoubleClick pentru a afi\u0219a reclame mai relevante pe web \u0219i pentru a determina de c\u00e2te ori v\u0103 este afi\u0219at\u0103 o anumit\u0103 reclam\u0103. Pentru mai multe detalii despre Google AdSense, v\u0103 rug\u0103m s\u0103 consulta\u021bi \u00centreb\u0103rile frecvente oficiale privind confiden\u021bialitatea Google AdSense.<\/p>\n<p>Site-ul nostru web folose\u0219te publicitatea pentru a acoperi cheltuielile de operare \u0219i a ob\u021bine finan\u021bare pentru \u00eembun\u0103t\u0103\u021biri viitoare. Cookie-urile de urm\u0103rire comportamental\u0103 utilizate de acest site web sunt concepute pentru a v\u0103 asigura c\u0103 primi\u021bi cele mai relevante reclame ori de c\u00e2te ori este posibil, prin urm\u0103rirea anonim\u0103 a preferin\u021belor dvs. \u0219i prezentarea de con\u021binut similar care v-ar putea interesa.<\/p>\n<p>Diferi\u021bi parteneri fac publicitate \u00een numele nostru, iar cookie-urile de urm\u0103rire a afilierii ne permit s\u0103 identific\u0103m dac\u0103 utilizatorii no\u0219tri au accesat site-ul prin intermediul unuia dintre site-urile noastre partenere, astfel \u00eenc\u00e2t s\u0103 \u00eei putem recompensa \u00een mod corespunz\u0103tor \u0219i, acolo unde este cazul, s\u0103 le permitem partenerilor no\u0219tri afilia\u021bi s\u0103 ofere orice promo\u021bii pe care le-ar putea oferi pentru a v\u0103 \u00eencuraja s\u0103 face\u021bi o achizi\u021bie.<\/p>\n<p><strong>Angajamentul utilizatorului<\/strong><\/p>\n<p>Utilizatorul este de acord s\u0103 utilizeze con\u021binutul \u0219i informa\u021biile pe care TechTen le pune la dispozi\u021bie pe site \u00een mod corespunz\u0103tor \u0219i adecvat, inclusiv, dar f\u0103r\u0103 a se limita la:<\/p>\n<p>A) S\u0103 nu se amestece \u00een activit\u0103\u021bi considerate contrare legii, bunei-credin\u021be \u0219i ordinii publice;<\/p>\n<p>B) S\u0103 nu disemineze campanii sau con\u021binut cu caracter rasist sau xenofob, orice tip de pornografie ilegal\u0103 sau con\u021binut care promoveaz\u0103 terorismul sau \u00eencalc\u0103 drepturile omului;<\/p>\n<p>C) S\u0103 nu provoace daune sistemelor fizice (hardware) \u0219i logice (software) ale TechTen, furnizorilor s\u0103i sau ter\u021bilor, prin introducerea sau r\u0103sp\u00e2ndirea de viru\u0219i informatici sau a oric\u0103ror alte sisteme hardware sau software capabile s\u0103 provoace daunele men\u021bionate anterior.<\/p>\n<p><strong>Mai multe informa\u021bii<\/strong><\/p>\n<p>Sper\u0103m c\u0103 acest lucru este clar \u0219i, a\u0219a cum am men\u021bionat anterior, dac\u0103 ave\u021bi \u00eentreb\u0103ri, v\u0103 recomand\u0103m, pentru siguran\u021ba dumneavoastr\u0103, s\u0103 l\u0103sa\u021bi cookie-urile activate, \u00een cazul \u00een care acestea ar putea influen\u021ba una dintre func\u021biile pe care le utiliza\u021bi pe site-ul nostru web.<\/p>","protected":false},"excerpt":{"rendered":"<p>\u00c9 pol\u00edtica do TechTen honrar a sua privacidade referente a qualquer informa\u00e7\u00e3o sua que possamos colher no site TechTen, e outros sites que possu\u00edmos e operamos. Solicitamos informa\u00e7\u00f5es pessoais apenas quando realmente necess\u00e1rio para lhe oferecer algum servi\u00e7o. No entanto, fazemo-lo por meios adequados e l\u00edcitos, com o seu conhecimento e concord\u00e2ncia. Tamb\u00e9m informamos o [&hellip;]<\/p>","protected":false},"author":0,"featured_media":0,"parent":0,"menu_order":0,"comment_status":"closed","ping_status":"closed","template":"","meta":{"footnotes":""},"_links":{"self":[{"href":"https:\/\/techten.com.br\/ro\/wp-json\/wp\/v2\/pages\/16537"}],"collection":[{"href":"https:\/\/techten.com.br\/ro\/wp-json\/wp\/v2\/pages"}],"about":[{"href":"https:\/\/techten.com.br\/ro\/wp-json\/wp\/v2\/types\/page"}],"replies":[{"embeddable":true,"href":"https:\/\/techten.com.br\/ro\/wp-json\/wp\/v2\/comments?post=16537"}],"version-history":[{"count":0,"href":"https:\/\/techten.com.br\/ro\/wp-json\/wp\/v2\/pages\/16537\/revisions"}],"wp:attachment":[{"href":"https:\/\/techten.com.br\/ro\/wp-json\/wp\/v2\/media?parent=16537"}],"curies":[{"name":"wp","href":"https:\/\/api.w.org\/{rel}","templated":true}]}}