    {"id":6815,"date":"2022-07-04T11:27:56","date_gmt":"2022-07-04T14:27:56","guid":{"rendered":"https:\/\/techten.com.br\/?page_id=6815"},"modified":"2022-07-04T11:27:56","modified_gmt":"2022-07-04T14:27:56","slug":"quem-somos","status":"publish","type":"page","link":"https:\/\/techten.com.br\/ro\/quem-somos\/","title":{"rendered":"Cine suntem"},"content":{"rendered":"<p>Bine a\u021bi venit la <strong>TechTen<\/strong>!<\/p>\n<p>Blogul nostru a fost creat pentru a v\u0103 oferi dumneavoastr\u0103, cititorului, informa\u021bii \u0219i sfaturi pe teme legate de tehnologie, carduri de credit, \u00eemprumuturi \u0219i multe altele.<\/p>\n<p>Subliniem c\u0103 <strong>NU OFERIM<\/strong> Aceste produse\/servicii. Public\u0103m zilnic doar articole cu recenzii, \u0219tiri \u0219i fapte interesante despre ele.<\/p>\n<p>\u00cen plus, <strong>Echipa TechTen NU solicit\u0103<\/strong> Depozitele, transferurile sau pl\u0103\u021bile nu sunt o condi\u021bie pentru simularea, aprobarea sau lansarea produselor sau serviciilor men\u021bionate \u00een publica\u021biile noastre.<\/p>\n<p>Consider\u0103m c\u0103 opinia dumneavoastr\u0103 este foarte important\u0103 pentru \u00eembun\u0103t\u0103\u021birea site-ului nostru web, a\u0219a c\u0103, dac\u0103 ave\u021bi \u00eentreb\u0103ri, sugestii sau chiar reclama\u021bii, v\u0103 rug\u0103m s\u0103 ne contacta\u021bi prin e-mail: <strong><a href=\"mailto:contato@vmvnews.com.br\">contact@vmvnews.com.br<\/a><\/strong> sau formularul furnizat mai jos.<\/p>\n<p><a href=\"https:\/\/techten.com.br\/ro\/contato\/\">Trimite\u021bi-ne un mesaj<\/a>.<\/p>\n<p>&nbsp;Echipa&nbsp;<strong style=\"font-size: 14pt; color: var( --e-global-color-text );\">TechTen<\/strong>&nbsp;V\u0103 mul\u021bumim pentru vizit\u0103!<\/p>\n<p>O \u00eembr\u0103\u021bi\u0219are mare.<\/p>","protected":false},"excerpt":{"rendered":"<p>Bem-Vindo(a) ao TechTen! Nosso blog foi criado para trazer a voc\u00ea, leitor(a), informa\u00e7\u00f5es e dicas sobre conte\u00fados relacionados a tecnologia, cart\u00f5es de cr\u00e9dito, empr\u00e9stimos e muito mais. Ressaltamos que N\u00c3O OFERECEMOS esses produtos\/servi\u00e7os. Apenas publicamos diariamente artigos com an\u00e1lises, not\u00edcias e curiosidades sobre eles. Al\u00e9m disso, a Equipe TechTen N\u00c3O SOLICITA dep\u00f3sitos, transfer\u00eancias ou pagamentos, [&hellip;]<\/p>","protected":false},"author":0,"featured_media":0,"parent":0,"menu_order":0,"comment_status":"closed","ping_status":"closed","template":"","meta":{"footnotes":""},"_links":{"self":[{"href":"https:\/\/techten.com.br\/ro\/wp-json\/wp\/v2\/pages\/6815"}],"collection":[{"href":"https:\/\/techten.com.br\/ro\/wp-json\/wp\/v2\/pages"}],"about":[{"href":"https:\/\/techten.com.br\/ro\/wp-json\/wp\/v2\/types\/page"}],"replies":[{"embeddable":true,"href":"https:\/\/techten.com.br\/ro\/wp-json\/wp\/v2\/comments?post=6815"}],"version-history":[{"count":0,"href":"https:\/\/techten.com.br\/ro\/wp-json\/wp\/v2\/pages\/6815\/revisions"}],"wp:attachment":[{"href":"https:\/\/techten.com.br\/ro\/wp-json\/wp\/v2\/media?parent=6815"}],"curies":[{"name":"wp","href":"https:\/\/api.w.org\/{rel}","templated":true}]}}