    {"id":16537,"date":"2021-11-19T10:45:11","date_gmt":"2021-11-19T13:45:11","guid":{"rendered":"http:\/\/techten.com.br\/?page_id=3"},"modified":"2021-11-19T10:45:11","modified_gmt":"2021-11-19T13:45:11","slug":"politica-de-privacidade","status":"publish","type":"page","link":"https:\/\/techten.com.br\/sl\/politica-de-privacidade\/","title":{"rendered":"Pravilnik o zasebnosti"},"content":{"rendered":"<p>Politika podjetja TechTen je spo\u0161tovati va\u0161o zasebnost glede vseh informacij, ki jih lahko zberemo od vas na spletnem mestu TechTen in drugih spletnih mestih, ki so v na\u0161i lasti in jih upravljamo.<\/p>\n<p>Osebne podatke zahtevamo le, kadar je to resni\u010dno potrebno za opravljanje storitve. Vendar to storimo na ustrezen in zakonit na\u010din, z va\u0161im vedenjem in soglasjem. Obvestimo vas tudi, zakaj zbiramo podatke in kako bodo uporabljeni.<\/p>\n<p>Zbrane podatke hranimo le toliko \u010dasa, kolikor je potrebno za zagotovitev zahtevane storitve. V primeru shranjevanja podatkov jih za\u0161\u010ditimo na komercialno sprejemljiv na\u010din, da prepre\u010dimo izgubo in krajo ter nepoobla\u0161\u010den dostop, razkritje, kopiranje, uporabo ali spreminjanje.<\/p>\n<p>Osebnih podatkov ne razkrivamo javno ali tretjim osebam, razen v primerih, ki jih zahteva zakonodaja.<\/p>\n<p>Na\u0161e spletno mesto lahko vsebuje povezave do zunanjih spletnih mest, ki jih ne upravljamo mi. Zato pojasnjujemo, da ne spremljamo vsebine in praks teh spletnih mest in zato nismo odgovorni za njihove politike zasebnosti.<\/p>\n<p>Imate pravico zavrniti na\u0161o zahtevo za osebne podatke, saj veste, da vam morda ne bomo mogli zagotoviti nekaterih storitev, ki jih \u017eelite.<\/p>\n<p>Pogosta uporaba na\u0161ega spletnega mesta pomeni strinjanje z na\u0161imi praksami glede Obvestila o zasebnosti in osebnih podatkov. \u010ce imate kakr\u0161na koli vpra\u0161anja o tem, kako ravnamo z osebnimi podatki in uporabni\u0161kimi podatki, nas kontaktirajte.<\/p>\n<p><strong>Pravilnik o pi\u0161kotkih TechTen<\/strong><\/p>\n<p><strong>Kaj so pi\u0161kotki?<\/strong><\/p>\n<p>Kot je obi\u010dajno pri ve\u010dini profesionalnih spletnih mest, tudi to spletno mesto uporablja pi\u0161kotke, ki so majhne datoteke, ki se prenesejo na va\u0161 ra\u010dunalnik, za izbolj\u0161anje va\u0161e izku\u0161nje.<\/p>\n<p>Ta stran dolo\u010da, katere podatke zbirajo, kako se uporabljajo in zakaj je v nekaterih primerih potrebno shraniti te pi\u0161kotke.<\/p>\n<p>Pojasnili bomo tudi, kako lahko prepre\u010dite shranjevanje teh pi\u0161kotkov, vendar lahko to poslab\u0161a ali \u00bbzmoti\u00ab delovanje nekaterih funkcij spletnega mesta.<\/p>\n<p><strong>Kako se uporabljajo pi\u0161kotki?<\/strong><\/p>\n<p>Pi\u0161kotki se uporabljajo iz razli\u010dnih razlogov, ki so opisani spodaj.<\/p>\n<p>\u017dal v mnogih primerih ni standardne alternative za onemogo\u010danje pi\u0161kotkov, ne da bi popolnoma onemogo\u010dili funkcionalnost in funkcije, ki jih dodajo temu spletnemu mestu.<\/p>\n<p>Zato priporo\u010damo, da pi\u0161kotkov ne onemogo\u010dite, \u010de niste prepri\u010dani, ali jih potrebujete za zagotavljanje storitve, ki jo uporabljate.<\/p>\n<p><strong>Onemogo\u010danje pi\u0161kotkov<\/strong><\/p>\n<p>Name\u0161\u010danje pi\u0161kotkov lahko ustavite tako, da prilagodite nastavitve v svojem brskalniku (za navodila glejte pomo\u010d brskalnika). Vendar upo\u0161tevajte, da bo onemogo\u010danje pi\u0161kotkov vplivalo na delovanje tega in mnogih drugih spletnih mest, ki jih obi\u0161\u010dete.<\/p>\n<p>\u010ce onemogo\u010dite pi\u0161kotke, boste obi\u010dajno onemogo\u010dili nekatere funkcije in lastnosti tega spletnega mesta. Zato priporo\u010damo, da pi\u0161kotkov ne onemogo\u010dite.<\/p>\n<p><strong>Pi\u0161kotki, ki jih nastavimo<\/strong><\/p>\n<ul>\n<li><strong>Pi\u0161kotki, povezani z ra\u010dunom<\/strong><\/li>\n<\/ul>\n<p>\u010ce ustvarite ra\u010dun na na\u0161i spletni strani, bodo pi\u0161kotki uporabljeni za upravljanje postopka registracije in splo\u0161ne administracije.<\/p>\n<p>Ti pi\u0161kotki se obi\u010dajno odstranijo, ko se odjavite iz sistema; vendar se lahko v nekaterih primerih ohranijo, da si zapomnijo va\u0161e nastavitve spletnega mesta tudi po tem, ko ga zapustite.<\/p>\n<ul>\n<li><strong>Pi\u0161kotki, povezani s prijavo<\/strong><\/li>\n<\/ul>\n<p>Ko se prijavite na na\u0161o spletno stran, uporabljamo pi\u0161kotke, da si zapomnimo to dejanje. To vam prepre\u010duje, da bi se morali prijaviti vsaki\u010d, ko obi\u0161\u010dete novo stran.<\/p>\n<p>Ti pi\u0161kotki se obi\u010dajno izbri\u0161ejo ali po\u010distijo, ko se odjavite, da zagotovimo, da dostopate le do omejenih virov in obmo\u010dij, ko ste prijavljeni.<\/p>\n<ul>\n<li><strong>Pi\u0161kotki, povezani z e-po\u0161tnimi novicami<\/strong><\/li>\n<\/ul>\n<p>To spletno mesto ponuja storitve naro\u010dnine na novice ali e-po\u0161to, v teh primerih pa se lahko uporabijo pi\u0161kotki, ki si zapomnijo, ali ste \u017ee registrirani in ali naj prika\u017eejo dolo\u010dena obvestila, ki veljajo izklju\u010dno za registrirane\/neregistrirane uporabnike.<\/p>\n<ul>\n<li><strong>Zahteve za obdelavo pi\u0161kotkov, povezanih z obdelavo<\/strong><\/li>\n<\/ul>\n<p>To spletno mesto ponuja mo\u017enosti e-trgovine ali pla\u010dila, nekateri pi\u0161kotki pa so bistveni za zagotovitev, da se va\u0161e naro\u010dilo shrani med stranmi, da ga lahko pravilno obdelamo.<\/p>\n<ul>\n<li><strong>Pi\u0161kotki, povezani z raziskavami<\/strong><\/li>\n<\/ul>\n<p>Pogosto ponujamo ankete in vpra\u0161alnike, da bi ponudili zanimive informacije, uporabna orodja ali bolje razumeli na\u0161o uporabni\u0161ko bazo. Te ankete lahko uporabljajo pi\u0161kotke, da si zapomnijo, kateri uporabniki so \u017ee sodelovali v anketi, ali da predstavijo natan\u010dne rezultate po spremembah strani.<\/p>\n<ul>\n<li><strong>Pi\u0161kotki, povezani z obrazci<\/strong><\/li>\n<\/ul>\n<p>Ko podatke oddate prek obrazca, kot so tisti, ki so na voljo na straneh za stik ali obrazcih za komentarje, se lahko pi\u0161kotki nastavijo tako, da si zapomnijo dolo\u010dene uporabni\u0161ke podatke za kasnej\u0161o povezavo.<\/p>\n<ul>\n<li><strong>Pi\u0161kotki za nastavitve spletnega mesta<\/strong><\/li>\n<\/ul>\n<p>Za zagotavljanje izjemne izku\u0161nje na tem spletnem mestu ponujamo funkcionalnost, ki omogo\u010da dolo\u010danje va\u0161ih preferenc glede tega, kako je to spletno mesto predstavljeno, ko ga uporabljate. Za pomnjenje va\u0161ih preferenc je treba nastaviti pi\u0161kotke, da se te informacije prika\u017eejo vsaki\u010d, ko komunicirate s stranjo, na katero vplivajo va\u0161e nastavitve.<\/p>\n<ul>\n<li><strong>Pi\u0161kotki tretjih oseb<\/strong><\/li>\n<\/ul>\n<p>V izjemnih primerih uporabljamo tudi pi\u0161kotke, ki jih zagotavljajo zaupanja vredne tretje osebe. V spodnjem razdelku je opisano, s katerimi pi\u0161kotki tretjih oseb se lahko sre\u010date na tem spletnem mestu.<\/p>\n<ul>\n<li>Za razumevanje, kako uporabniki uporabljajo spletno mesto, in s tem izbolj\u0161anje njihove izku\u0161nje, uporabljamo Google Analytics, eno najbolj zaupanja vrednih in \u0161iroko uporabljenih orodij za analitiko na spletu. Ti pi\u0161kotki lahko spremljajo elemente, povezane s tem, koliko \u010dasa pre\u017eivite na spletnem mestu in do katerih strani dostopate, da lahko \u0161e naprej ustvarjamo privla\u010dno vsebino.<\/li>\n<\/ul>\n<p>Za ve\u010d podrobnosti o pi\u0161kotkih storitve Google Analytics obi\u0161\u010dite uradno spletno mesto storitve Google Analytics.<\/p>\n<ul>\n<li>Diagnostika tretjih oseb se uporablja za sledenje in ocenjevanje uporabe tega spletnega mesta, da lahko \u0161e naprej ustvarjamo zanimivo vsebino. Ti pi\u0161kotki lahko zbirajo podatke, povezane s \u010dasom, ki ga pre\u017eivite na spletnem mestu, ali stranmi, do katerih dostopate, kar nam pomaga razumeti, kako lahko izbolj\u0161amo spletno mesto za vas.<\/li>\n<\/ul>\n<p>Pogosto eksperimentiramo z novimi funkcijami in spreminjamo na\u010din prikaza spletnega mesta. Med testiranjem lahko uporabljamo pi\u0161kotke, da vam zagotovimo kakovostno izku\u0161njo brskanja, dokler ne ugotovimo, katere izbolj\u0161ave so na\u0161im uporabnikom najbolj v\u0161e\u010d.<\/p>\n<p>Ko tr\u017eimo izdelke, moramo spremljati statistiko o \u0161tevilu obiskovalcev na\u0161ega spletnega mesta, ki dejansko opravijo nakup, in to so podatki, ki jih bodo ti pi\u0161kotki spremljali. To je pomembno za vas, saj ka\u017ee, da lahko predvidimo stro\u0161ke ogla\u0161evanja in izdelkov ter tako zagotovimo najustreznej\u0161o ceno.<\/p>\n<p>Storitev Google AdSense, ki jo uporabljamo za prikazovanje oglasov, uporablja pi\u0161kotek DoubleClick za prikaz ustreznej\u0161ih oglasov po spletu in dolo\u010da, kolikokrat se vam dolo\u010den oglas prika\u017ee. Za ve\u010d podrobnosti o storitvi Google AdSense obi\u0161\u010dite uradna pogosta vpra\u0161anja o zasebnosti storitve Google AdSense.<\/p>\n<p>Na\u0161e spletno mesto uporablja ogla\u0161evanje za kritje obratovalnih stro\u0161kov in pridobivanje sredstev za prihodnje izbolj\u0161ave. Pi\u0161kotki za sledenje vedenju, ki jih uporablja to spletno mesto, so zasnovani tako, da zagotavljajo, da boste, kadar koli je to mogo\u010de, prejemali najustreznej\u0161e oglase z anonimnim sledenjem va\u0161im preferencam in predstavljanjem podobne vsebine, ki bi vas lahko zanimala.<\/p>\n<p>Razli\u010dni partnerji ogla\u0161ujejo v na\u0161em imenu, pi\u0161kotki za sledenje partnerskim programom pa nam omogo\u010dajo, da ugotovimo, ali so na\u0161i uporabniki dostopali do spletnega mesta prek enega od na\u0161ih partnerskih spletnih mest, da jih lahko ustrezno nagradimo in po potrebi omogo\u010dimo na\u0161im partnerskim programom, da vam ponudijo morebitne promocije, ki vas spodbujajo k nakupu.<\/p>\n<p><strong>Zaveza uporabnika<\/strong><\/p>\n<p>Uporabnik se strinja, da bo vsebino in informacije, ki jih TechTen objavlja na spletnem mestu, uporabljal ustrezno in primerno, vklju\u010dno z, vendar ne omejeno na:<\/p>\n<p>A) Ne vme\u0161avati se v dejavnosti, ki so v nasprotju z zakonom, dobro vero in javnim redom;<\/p>\n<p>B) Ne \u0161iriti kampanj ali vsebin rasisti\u010dne ali ksenofobne narave, kakr\u0161ne koli nezakonite pornografije ali vsebin, ki spodbujajo terorizem ali kr\u0161ijo \u010dlovekove pravice;<\/p>\n<p>C) Ne povzro\u010dati \u0161kode fizi\u010dnim (strojna oprema) in logi\u010dnim (programska oprema) sistemom dru\u017ebe TechTen, njenih dobaviteljev ali tretjih oseb z vna\u0161anjem ali \u0161irjenjem ra\u010dunalni\u0161kih virusov ali katere koli druge strojne ali programske opreme, ki bi lahko povzro\u010dila zgoraj omenjeno \u0161kodo.<\/p>\n<p><strong>Ve\u010d informacij<\/strong><\/p>\n<p>Upamo, da je to jasno, in kot smo \u017ee omenili, vam v primeru kakr\u0161nih koli vpra\u0161anj zaradi va\u0161e varnosti priporo\u010damo, da pustite pi\u0161kotke omogo\u010dene, saj bi lahko vplivali na katero od funkcij, ki jih uporabljate na na\u0161i spletni strani.<\/p>","protected":false},"excerpt":{"rendered":"<p>Politika podjetja TechTen je spo\u0161tovanje va\u0161e zasebnosti glede vseh informacij, ki jih lahko zberemo od vas na spletnem mestu TechTen in drugih spletnih mestih, ki so v na\u0161i lasti in jih upravljamo. Osebne podatke zahtevamo le, kadar je to resni\u010dno potrebno za zagotavljanje storitve. Vendar to storimo na ustrezen in zakonit na\u010din, z va\u0161im vedenjem in soglasjem. Obve\u0161\u010damo vas tudi o [\u2026]<\/p>","protected":false},"author":0,"featured_media":0,"parent":0,"menu_order":0,"comment_status":"closed","ping_status":"closed","template":"","meta":{"footnotes":""},"_links":{"self":[{"href":"https:\/\/techten.com.br\/sl\/wp-json\/wp\/v2\/pages\/16537"}],"collection":[{"href":"https:\/\/techten.com.br\/sl\/wp-json\/wp\/v2\/pages"}],"about":[{"href":"https:\/\/techten.com.br\/sl\/wp-json\/wp\/v2\/types\/page"}],"replies":[{"embeddable":true,"href":"https:\/\/techten.com.br\/sl\/wp-json\/wp\/v2\/comments?post=16537"}],"version-history":[{"count":0,"href":"https:\/\/techten.com.br\/sl\/wp-json\/wp\/v2\/pages\/16537\/revisions"}],"wp:attachment":[{"href":"https:\/\/techten.com.br\/sl\/wp-json\/wp\/v2\/media?parent=16537"}],"curies":[{"name":"wp","href":"https:\/\/api.w.org\/{rel}","templated":true}]}}