    {"id":6815,"date":"2022-07-04T11:27:56","date_gmt":"2022-07-04T14:27:56","guid":{"rendered":"https:\/\/techten.com.br\/?page_id=6815"},"modified":"2022-07-04T11:27:56","modified_gmt":"2022-07-04T14:27:56","slug":"quem-somos","status":"publish","type":"page","link":"https:\/\/techten.com.br\/sl\/quem-somos\/","title":{"rendered":"Kdo smo"},"content":{"rendered":"<p>Dobrodo\u0161li v <strong>TechTen<\/strong>!<\/p>\n<p>Na\u0161 blog je bil ustvarjen, da bi vam, bralcu, prinesel informacije in nasvete o temah, povezanih s tehnologijo, kreditnimi karticami, posojili in \u0161e veliko ve\u010d.<\/p>\n<p>Poudarjamo, da <strong>NE PONUJAMO<\/strong> Ti izdelki\/storitve. Objavljamo le dnevne \u010dlanke z ocenami, novicami in zanimivimi dejstvi o njih.<\/p>\n<p>Poleg tega, <strong>Ekipa TechTen NE zahteva<\/strong> Depoziti, nakazila ali pla\u010dila niso pogoj za simulacijo, odobritev ali izdajo izdelkov ali storitev, omenjenih v na\u0161ih publikacijah.<\/p>\n<p>Va\u0161e mnenje se nam zdi zelo pomembno za izbolj\u0161anje na\u0161e spletne strani, zato nas v primeru kakr\u0161nih koli vpra\u0161anj, predlogov ali celo prito\u017eb kontaktirajte po e-po\u0161ti: <strong><a href=\"mailto:contato@vmvnews.com.br\">kontakt@vmvnews.com.br<\/a><\/strong> ali spodaj navedeni obrazec.<\/p>\n<p><a href=\"https:\/\/techten.com.br\/sl\/contato\/\">Po\u0161ljite nam sporo\u010dilo<\/a>.<\/p>\n<p>&nbsp;Ekipa&nbsp;<strong style=\"font-size: 14pt; color: var( --e-global-color-text );\">TechTen<\/strong>&nbsp;Hvala za va\u0161 obisk!<\/p>\n<p>Velik objem.<\/p>","protected":false},"excerpt":{"rendered":"<p>Bem-Vindo(a) ao TechTen! Nosso blog foi criado para trazer a voc\u00ea, leitor(a), informa\u00e7\u00f5es e dicas sobre conte\u00fados relacionados a tecnologia, cart\u00f5es de cr\u00e9dito, empr\u00e9stimos e muito mais. Ressaltamos que N\u00c3O OFERECEMOS esses produtos\/servi\u00e7os. Apenas publicamos diariamente artigos com an\u00e1lises, not\u00edcias e curiosidades sobre eles. Al\u00e9m disso, a Equipe TechTen N\u00c3O SOLICITA dep\u00f3sitos, transfer\u00eancias ou pagamentos, [&hellip;]<\/p>","protected":false},"author":0,"featured_media":0,"parent":0,"menu_order":0,"comment_status":"closed","ping_status":"closed","template":"","meta":{"footnotes":""},"_links":{"self":[{"href":"https:\/\/techten.com.br\/sl\/wp-json\/wp\/v2\/pages\/6815"}],"collection":[{"href":"https:\/\/techten.com.br\/sl\/wp-json\/wp\/v2\/pages"}],"about":[{"href":"https:\/\/techten.com.br\/sl\/wp-json\/wp\/v2\/types\/page"}],"replies":[{"embeddable":true,"href":"https:\/\/techten.com.br\/sl\/wp-json\/wp\/v2\/comments?post=6815"}],"version-history":[{"count":0,"href":"https:\/\/techten.com.br\/sl\/wp-json\/wp\/v2\/pages\/6815\/revisions"}],"wp:attachment":[{"href":"https:\/\/techten.com.br\/sl\/wp-json\/wp\/v2\/media?parent=6815"}],"curies":[{"name":"wp","href":"https:\/\/api.w.org\/{rel}","templated":true}]}}