    {"id":6829,"date":"2022-07-12T10:38:37","date_gmt":"2022-07-12T13:38:37","guid":{"rendered":"https:\/\/techten.com.br\/?page_id=6829"},"modified":"2022-07-12T10:38:37","modified_gmt":"2022-07-12T13:38:37","slug":"termos-de-uso","status":"publish","type":"page","link":"https:\/\/techten.com.br\/sl\/termos-de-uso\/","title":{"rendered":"Pogoji uporabe"},"content":{"rendered":"<p><strong>POGOJI STORITVE<\/strong><\/p>\n<p><strong>PREGLED<\/strong><\/p>\n<p>To spletno mesto upravlja TechTen. Zato se na vseh na\u0161ih straneh izrazi \u00bbmi\u00ab, \u00bbnas\u00ab in \u00bbna\u0161\u00ab nana\u0161ajo na TechTen.<\/p>\n<p>Poleg tega so vam, uporabniku, na voljo vse informacije, orodja in storitve na tem spletnem mestu, \u010de se strinjate z vsemi tukaj navedenimi pogoji, dolo\u010dili, pravilniki in obvestili.<\/p>\n<p>Z brskanjem po na\u0161i spletni strani in\/ali nakupom katerega koli izdelka ali storitve na na\u0161i spletni strani uporabljate na\u0161e \u00bbStoritve\u00ab in se s tem strinjate s pogoji uporabe (\u00bbPogoji storitve\u00ab, \u00bbPogoji\u00ab), vklju\u010dno s pogoji uporabe, ter dodatnimi pravilniki, navedenimi v tem dokumentu in\/ali prek hiperpovezav.<\/p>\n<p>Ti pogoji storitve veljajo za vse uporabnike spletnega mesta, vklju\u010dno z uporabniki, ki so gledalci, proizvajalci, stranke, trgovci in\/ali sodelavci vsebine.<\/p>\n<p>Zato pred dostopom do na\u0161ega spletnega mesta ali njegovo uporabo natan\u010dno preberite te pogoje storitve, saj z dostopom do spletnega mesta ali njegovo uporabo sprejemate na\u0161e pogoje storitve.<\/p>\n<p>\u010ce pa se ne strinjate s pogoji te pogodbe, vam priporo\u010damo, da ne dostopate do spletnega mesta in\/ali ne uporabljate nobenih storitev. Ti pogoji storitve so opredeljeni kot ponudba in sprejetje je omejeno na te pogoje storitve.<\/p>\n<p>Za vse nove funkcije ali orodja, dodana trenutnemu spletnemu mestu, bodo veljali tudi pogoji storitve.<\/p>\n<p>Najnovej\u0161o razli\u010dico pogojev storitve si lahko kadar koli ogledate na tej strani.<\/p>\n<p>Pridr\u017eujemo si pravico do spremembe katerega koli dela teh pogojev storitve z objavo posodobitev in\/ali sprememb na na\u0161i spletni strani.<\/p>\n<p>Va\u0161a odgovornost je, da to stran redno preverjate glede sprememb. Z nadaljnjo uporabo ali dostopom do spletnega mesta po objavi kakr\u0161nih koli sprememb se s temi spremembami strinjate.<\/p>\n<p><strong>1. ODDELEK \u2013 POGOJI UPORABE SPLETNEGA MESTA<\/strong><\/p>\n<p>S sprejetjem teh pogojev storitve potrjujete, da ste polnoletni v svoji dr\u017eavi ali ob\u010dini stalnega prebivali\u0161\u010da in da ste nas pooblastili, da vsem va\u0161im mladoletnim vzdr\u017eevanim osebam dovolimo uporabo tega spletnega mesta.<\/p>\n<p>Na\u0161ih izdelkov ni dovoljeno uporabljati za nezakonite ali nepoobla\u0161\u010dene namene. Z uporabo te storitve tudi ne smete kr\u0161iti nobenih zakonov v va\u0161i jurisdikciji (vklju\u010dno z, vendar ne omejeno na, zakone o avtorskih pravicah).<\/p>\n<p>Poleg tega ne smete distribuirati virusov ali kakr\u0161ne koli kode destruktivne narave.<\/p>\n<p>Kr\u0161itev katerega koli od pogojev bo povzro\u010dila takoj\u0161njo prekinitev va\u0161ih storitev.<\/p>\n<p><strong>ODDELEK 2 \u2013 SPLO\u0160NI POGOJI<\/strong><\/p>\n<p>Pridr\u017eujemo si pravico, da kadar koli zavrnemo storitev iz kakr\u0161nega koli razloga, kateri koli osebi.<\/p>\n<p>Razumete, da se va\u0161i podatki (brez podatkov o kreditni kartici) lahko prena\u0161ajo ne\u0161ifrirano in da se lahko: (a) distribuirajo po razli\u010dnih omre\u017ejih; in (b) spreminjajo zaradi prilagoditve tehni\u010dnim pogojem povezljivih omre\u017eij ali naprav. Podatki o kreditni kartici so med prenosom po omre\u017ejih vedno \u0161ifrirani.<\/p>\n<p>Strinjate se, da ne boste reproducirali, podvajali, kopirali, prodajali, preprodajali ali izkori\u0161\u010dali nobenega dela Storitve, uporabe Storitve, dostopa do Storitve ali katerega koli stika na spletnem mestu, prek katerega je Storitev na voljo, brez na\u0161ega izrecnega pisnega dovoljenja.<\/p>\n<p>Naslovi, uporabljeni v tej pogodbi, so vstavljeni zgolj v informativne namene in ne omejujejo ali vplivajo na te pogoje.<\/p>\n<p><strong>ODDELEK 3 \u2013 TO\u010cNOST IN OBDOBJE VELJAVNOSTI INFORMACIJ<\/strong><\/p>\n<p>Ne odgovarjamo, \u010de informacije, predstavljene na tej spletni strani, niso to\u010dne, popolne ali posodobljene.<\/p>\n<p>Gradivo na tej spletni strani je na voljo zgolj v informativne namene in se ne sme uporabljati kot edini vir za sprejemanje odlo\u010ditev brez posvetovanja z drugimi primarnimi, natan\u010dnej\u0161imi, popolnej\u0161imi ali a\u017eurnej\u0161imi viri informacij.<\/p>\n<p>Zato je uporaba katere koli vsebine s tega spletnega mesta va\u0161a odgovornost.<\/p>\n<p>To spletno mesto lahko razkrije nekatere zgodovinske informacije, ki morda niso novej\u0161e in so na voljo le za va\u0161o referenco.<\/p>\n<p>Pridr\u017eujemo si pravico, da kadar koli spremenimo vsebino tega spletnega mesta. Vendar nismo dol\u017eni posodabljati nobenih informacij na na\u0161em spletnem mestu in va\u0161a odgovornost je, da preverite morebitne spremembe na na\u0161em spletnem mestu.<\/p>\n<p><strong>ODDELEK 4 \u2013 SPREMEMBE STORITEV IN CEN (\u010de je primerno)<\/strong><\/p>\n<p>Cene na\u0161ih izdelkov se lahko spremenijo brez predhodnega obvestila.<\/p>\n<p>Pridr\u017eujemo si pravico, da kadar koli brez predhodnega obvestila spremenimo ali prekinemo Storitev (ali kateri koli njen del ali vsebino).<\/p>\n<p>Ne odgovarjamo vam ali kateri koli tretji osebi za kakr\u0161no koli spremembo, spremembo cene, preklic ali prekinitev Storitve.<\/p>\n<p><strong>ODDELEK 5 \u2013 IZDELKI ALI STORITVE (\u010de je primerno)<\/strong><\/p>\n<p>Nekateri izdelki ali storitve so morda na voljo izklju\u010dno na spletu prek spletnega mesta, zato so lahko na voljo v omejenih koli\u010dinah in jih je mogo\u010de vrniti ali zamenjati le v skladu z na\u0161o politiko vra\u010dil.<\/p>\n<p>Potrudili se bomo, da bomo barve in slike na\u0161ih izdelkov prikazali natan\u010dno, vendar ne moremo zagotoviti, da bo prikaz katere koli barve na va\u0161em ra\u010dunalni\u0161kem monitorju natan\u010den.<\/p>\n<p>Pridr\u017eujemo si pravico, vendar nismo dol\u017eni, omejiti prodajo na\u0161ih izdelkov ali storitev kateri koli osebi, geografski regiji ali jurisdikciji. To pravico lahko uveljavljamo za vsak primer posebej.<\/p>\n<p>Pridr\u017eujemo si pravico do dolo\u010ditve koli\u010din izdelkov ali storitev, ki jih ponujamo. Poleg tega se lahko informacije o izdelkih ali cenah kadar koli spremenijo brez predhodnega obvestila in po lastni presoji.<\/p>\n<p>Pridr\u017eujemo si pravico, da kadar koli za\u010dasno ustavimo kateri koli izdelek. Ponudbe izdelkov ali storitev na tej spletni strani so neveljavne, kjer to prepoveduje zakon.<\/p>\n<p>Ne jam\u010dimo, da bo kakovost kakr\u0161nih koli izdelkov, storitev, informacij ali drugih gradiv, ki jih kupite, izpolnila va\u0161a pri\u010dakovanja ali da bodo morebitne napake v Storitvi popravljene.<\/p>\n<p><strong>ODDELEK 6 \u2013 TO\u010cNOST OBRA\u010cUNOVANJA IN PODATKI O RA\u010cUNU<\/strong><\/p>\n<p>Pridr\u017eujemo si pravico, da zavrnemo katero koli naro\u010dilo, ki ga oddate pri nas.<\/p>\n<p>Po lastni presoji lahko omejimo ali prekli\u010demo koli\u010dino kupljenih izdelkov na osebo, na gospodinjstvo ali na naro\u010dilo. Tak\u0161ne omejitve lahko veljajo za naro\u010dila, oddana v okviru istega ra\u010duna stranke, iste kreditne kartice in\/ali naro\u010dila, ki uporabljajo isti naslov za izstavitev ra\u010duna in\/ali dostavo.<\/p>\n<p>V primeru spremembe ali preklica naro\u010dila vas bomo morda posku\u0161ali obvestiti prek e-po\u0161tnega naslova in\/ali telefonske \u0161tevilke\/naslova, ki ste ga navedli ob oddaji naro\u010dila.<\/p>\n<p>Pridr\u017eujemo si pravico, da po lastni presoji omejimo ali prepre\u010dimo naro\u010dila, ki so jih morda oddali trgovci na drobno, preprodajalci ali distributerji.<\/p>\n<p>Strinjate se, da boste za vse nakupe, opravljene v na\u0161i trgovini, posredovali vse podatke o svojem ra\u010dunu in nakupu.<\/p>\n<p>Strinjate se, da boste posodobili svoj ra\u010dun in druge podatke, vklju\u010dno z e-po\u0161tnim naslovom, \u0161tevilkami kreditnih kartic in datumi poteka veljavnosti, da bomo lahko zaklju\u010dili va\u0161e transakcije in vas po potrebi kontaktirali.<\/p>\n<p>Za ve\u010d podrobnosti si oglejte na\u0161o politiko vra\u010dil.<\/p>\n<p><strong>ODDELEK 7 \u2013 ALTERNATIVNA ORODJA<\/strong><\/p>\n<p>Lahko vam omogo\u010dimo dostop do orodij tretjih oseb, nad katerimi nimamo nadzora ali nadzora.<\/p>\n<p>Strinjate se, da vam omogo\u010damo dostop do tak\u0161nih orodij \u00bbkot so\u00ab in \u00bbkot so na voljo\u00ab, brez kakr\u0161nih koli jamstev, zagotovil ali pogojev kakr\u0161ne koli vrste in brez kakr\u0161nega koli potrdila. Zato v nobenem primeru ne odgovarjamo za va\u0161o uporabo izbirnih orodij tretjih oseb.<\/p>\n<p>Uporaba izbirnih orodij, ki so na voljo prek spletnega mesta, je izklju\u010dno na lastno odgovornost in se morate seznaniti s pogoji uporabe orodij, ki jih ponujajo tretji ponudniki, ter jih sprejeti.<\/p>\n<p>V prihodnosti bomo morda prek spletnega mesta omogo\u010dili tudi nove storitve in\/ali funkcije (vklju\u010dno s promocijo novih orodij in virov), za katere bodo prav tako veljali ti pogoji storitve.<\/p>\n<p><strong>ODDELEK 8 \u2013 POVEZAVE DO TRETJIH OSEB<\/strong><\/p>\n<p>Nekatere vsebine, izdelki in storitve, ki so na voljo prek na\u0161e Storitve, lahko vklju\u010dujejo gradiva tretjih oseb.<\/p>\n<p>Povezave tretjih oseb na tem spletnem mestu vas lahko usmerijo na spletna mesta tretjih oseb, ki niso povezana z nami. Zato nismo odgovorni za pregledovanje ali ocenjevanje vsebine ali njene to\u010dnosti. Poleg tega ne jam\u010dimo in nimamo nobene obveznosti ali odgovornosti za vsebino ali spletna mesta tretjih oseb ali za katero koli drugo vsebino, izdelke ali storitve tretjih oseb.<\/p>\n<p>Ne odgovarjamo za kakr\u0161no koli \u0161kodo ali izgube, povezane z nakupom ali uporabo blaga, storitev, virov, vsebine ali kakr\u0161nih koli drugih transakcij, izvedenih v povezavi s spletnimi mesti tretjih oseb.<\/p>\n<p>Zato priporo\u010damo, da pred izvedbo kakr\u0161ne koli transakcije natan\u010dno preberete politike in prakse tretjih oseb ter se prepri\u010date, da jih razumete. Vpra\u0161anja, prito\u017ebe in morebitne te\u017eave v zvezi s produkti tretjih oseb naslovite na ustrezno tretjo osebo.<\/p>\n<p><strong>ODDELEK 9 \u2013 KOMENTARJI, POVRATNE INFORMACIJE IN DRUGE INTERAKCIJE UPORABNIKOV<\/strong><\/p>\n<p>\u010ce na na\u0161o zahtevo izvedete dolo\u010dena dejanja (na primer sodelujete na nate\u010dajih) ali nam brez na\u0161e zahteve po\u0161ljete ideje, predloge, ponudbe, na\u010drte ali druga gradiva, bodisi prek spleta, po e-po\u0161ti, po po\u0161ti ali kako druga\u010de (skupaj \u00bbkomentarji\u00ab), se strinjate, da lahko kadar koli in brez omejitev urejamo, kopiramo, objavljamo, distribuiramo, prevajamo in uporabljamo v katerem koli mediju vse komentarje, ki nam jih posredujete.<\/p>\n<p>Nismo odgovorni za: (1) ohranjanje zaupnosti komentarjev; (2) pla\u010dilo nadomestila za komentarje; ali (3) odgovarjanje na komentarje.<\/p>\n<p>Vsebino, za katero po lastni presoji ugotovimo, da je nezakonita, \u017ealjiva, grozilna, obrekljiva, klevetni\u0161ka, pornografska, obscena ali kako druga\u010de sporna ali da kr\u0161i intelektualno lastnino tretjih oseb ali te pogoje storitve, lahko spremljamo, urejamo ali odstranjujemo, vendar k temu nismo dol\u017eni.<\/p>\n<p>Strinjate se, da ne boste objavljali komentarjev, ki kr\u0161ijo pravice tretjih oseb, vklju\u010dno z avtorskimi pravicami, blagovnimi znamkami, zasebnostjo, osebnostjo ali drugimi osebnimi ali lastninskimi pravicami.<\/p>\n<p>Strinjate se, da ne boste objavljali komentarjev, ki vsebujejo obrekljivo, nezakonito, \u017ealjivo ali obsceno gradivo, niti komentarjev, ki vsebujejo ra\u010dunalni\u0161ke viruse ali drugo zlonamerno programsko opremo, ki bi lahko vplivala na delovanje Storitve ali katerega koli povezanega spletnega mesta.<\/p>\n<p>Ne smete uporabljati la\u017enega e-po\u0161tnega naslova, se izdajati za drugo osebo ali kako druga\u010de zavajati nas ali tretje osebe glede izvora komentarjev. Za vse komentarje, ki jih podate, in njihovo to\u010dnost ste odgovorni izklju\u010dno vi. Ne prevzemamo nobene odgovornosti za komentarje, ki jih objavite vi ali katera koli tretja oseba na na\u0161i spletni strani.<\/p>\n<p><strong>ODDELEK 10 \u2013 OSEBNI PODATKI<\/strong><\/p>\n<p>Razkritje osebnih podatkov prek tega spletnega mesta ureja na\u0161a politika zasebnosti. Za ve\u010d informacij si oglejte na\u0161o politiko zasebnosti.<\/p>\n<p><strong>ODDELEK 11 \u2013 NAPAKE, NETO\u010cNOSTI IN IZPUSTI<\/strong><\/p>\n<p>Ob\u010dasno se lahko na na\u0161i spletni strani ali v storitvi pojavijo tipografske napake, neto\u010dnosti ali opustitve, ki se lahko nana\u0161ajo na definicije izdelkov, cene, promocije, ponudbe, stro\u0161ke po\u0161iljanja izdelkov, \u010das prevoza in razpolo\u017eljivost.<\/p>\n<p>Pridr\u017eujemo si pravico, da kadar koli in brez predhodnega obvestila (tudi po oddaji naro\u010dila) popravimo morebitne napake, neto\u010dnosti ali opustitve ter spremenimo ali posodobimo informacije ali prekli\u010demo naro\u010dila, \u010de so kakr\u0161ne koli informacije v Storitvi ali na katerem koli povezanem spletnem mestu neto\u010dne.<\/p>\n<p>Ne sogla\u0161amo z nobeno obveznostjo posodabljanja, spreminjanja ali pojasnjevanja informacij v Storitvi ali na katerem koli povezanem spletnem mestu, vklju\u010dno z, vendar ne omejeno na, informacije o cenah, razen \u010de to zahteva zakonodaja.<\/p>\n<p>Noben posamezen datum posodobitve ali osve\u017eitve Storitve ali katerega koli povezanega spletnega mesta se ne sme uporabljati za ozna\u010devanje, da so bile vse informacije v Storitvi ali katerem koli povezanem spletnem mestu spremenjene ali posodobljene.<\/p>\n<p><strong>ODDELEK 12 \u2013 PREPOVEDANE UPORABE<\/strong><\/p>\n<p>Poleg drugih omejitev, dolo\u010denih v Pogojih storitve, vam je prepovedana uporaba spletnega mesta ali njegove vsebine za: (a) kakr\u0161en koli nezakonit namen; (b) nagovarjanje drugih k izvajanju ali sodelovanju pri nezakonitih dejanjih; (c) kr\u0161enje kakr\u0161nih koli lokalnih, mednarodnih, zveznih, ob\u010dinskih ali dr\u017eavnih predpisov, pravil, zakonov ali odlokov; (d) kr\u0161enje ali kr\u0161itev na\u0161ih pravic intelektualne lastnine ali pravic intelektualne lastnine drugih; (e) nadlegovanje, zlorabljanje, \u017ealjenje, povzro\u010danje \u0161kode, obrekovanje, klevetanje, omalova\u017eevanje, ustrahovanje ali diskriminacijo na podlagi spola, spolne usmerjenosti, vere, etni\u010dne pripadnosti, rase, starosti, narodnega porekla ali invalidnosti; (f) \u0161irjenje la\u017enih ali zavajajo\u010dih informacij;<br \/>\n(g) posredovati ali distribuirati viruse ali katero koli drugo vrsto zlonamerne kode, ki bo ali se lahko uporablja na kakr\u0161en koli na\u010din, ki vpliva na funkcionalnost ali delovanje Storitve ali katerega koli povezanega spletnega mesta, drugih spletnih mest ali interneta; (h) zbirati ali slediti osebnim podatkom drugih; (i) se ukvarjati z ne\u017eeleno po\u0161to, la\u017enim predstavljanjem, pharmingom, pretvezami, pajki, plazenjem ali strganjem; (j) imeti kakr\u0161en koli obscen ali nemoralen namen; ali (k) posegati v varnostne funkcije Storitve ali katerega koli povezanega spletnega mesta, drugih spletnih mest ali interneta.<\/p>\n<p>Pridr\u017eujemo si pravico, da prekinemo va\u0161o uporabo Storitve ali katerega koli povezanega spletnega mesta zaradi kr\u0161itve katere koli od zgoraj navedenih prepovedi.<\/p>\n<p><strong>ODDELEK 13 \u2013 IZKLJU\u010cEK GARANCIJ IN OPREDELITEV ODGOVORNOSTI<\/strong><\/p>\n<p>Ne zagotavljamo, da bo uporaba na\u0161e storitve neprekinjena, priro\u010dna, varna ali brez napak. Prav tako ne zagotavljamo, da bodo rezultati, ki jih lahko dobite z uporabo storitve, to\u010dni ali zanesljivi.<\/p>\n<p>Strinjate se, da lahko storitev ob\u010dasno umaknemo za nedolo\u010den \u010das ali jo kadar koli prekli\u010demo brez predhodnega obvestila.<\/p>\n<p>Sprejemate, da je uporaba ali nezmo\u017enost uporabe storitve va\u0161a odgovornost. Storitev in vsi ponujeni izdelki in storitve so (razen \u010de izrecno ne navedemo druga\u010de) na voljo brez garancije in na podlagi razpolo\u017eljivosti za va\u0161o uporabo, brez kakr\u0161nih koli zagotovil, jamstev ali pogojev kakr\u0161ne koli vrste, izrecnih ali implicitnih, vklju\u010dno z vsemi implicitnimi jamstvi ali pogoji glede prodajnosti, koli\u010dine, primernosti za dolo\u010den namen, trajnosti, lastni\u0161tva in nekr\u0161itve.<\/p>\n<p>TechTen, na\u0161i direktorji, uradniki, zaposleni, podru\u017enice, zastopniki, izvajalci, pripravniki, dobavitelji, ponudniki storitev ali dajalci licenc v nobenem primeru ne bodo odgovorni za kakr\u0161no koli \u0161kodo, izgubo, zahtevek ali kakr\u0161no koli neposredno, posredno, naklju\u010dno, kazensko, posebno ali posledi\u010dno \u0161kodo kakr\u0161ne koli vrste, vklju\u010dno z, vendar ne omejeno na, izgubljeni dobi\u010dek, izgubljeni prihodek, izgubljene prihranke, izgubljene podatke, stro\u0161ke zamenjave ali kakr\u0161no koli podobno \u0161kodo, ne glede na to, ali temelji na pogodbi, od\u0161kodninski odgovornosti (vklju\u010dno z malomarnostjo), objektivni odgovornosti ali kako druga\u010de, ki izhaja iz uporabe katere koli storitve ali kakr\u0161nih koli izdelkov, pridobljenih z uporabo storitve, ali za kakr\u0161en koli drug zahtevek, ki je kakor koli povezan z uporabo storitve ali katerega koli izdelka, vklju\u010dno z, vendar ne omejeno na, kakr\u0161ne koli napake ali opustitve v kateri koli vsebini ali kakr\u0161no koli izgubo ali \u0161kodo kakr\u0161ne koli vrste, nastalo zaradi uporabe storitve ali katere koli vsebine (ali izdelka), objavljene, posredovane ali kako druga\u010de dane na voljo prek storitve, tudi \u010de je bilo o tem obve\u0161\u010deno.<\/p>\n<p>Ker nekatere dr\u017eave ali jurisdikcije ne sprejemajo izjeme ali omejitve odgovornosti za posredno ali naklju\u010dno \u0161kodo, bo v takih dr\u017eavah ali jurisdikcijah na\u0161a odgovornost omejena na najve\u010dji mo\u017eni obseg, ki ga dovoljuje zakonodaja.<\/p>\n<p><strong>ODDELEK 14 \u2013 OD\u0160KODNILO<\/strong><\/p>\n<p>Strinjate se, da boste dru\u017ebo TechTen in na\u0161o mati\u010dno dru\u017ebo, h\u010derinske dru\u017ebe, povezane dru\u017ebe, partnerje, uradnike, direktorje, zastopnike, izvajalce, dajalce licenc, ponudnike storitev, podizvajalce, dobavitelje, pripravnike in zaposlene odvezali odgovornosti, jih za\u0161\u010ditili in jim zagotovili odgovornost za kakr\u0161ne koli ugovore ali zahteve, vklju\u010dno z razumnimi odvetni\u0161kimi stro\u0161ki, ki jih vlo\u017ei katera koli tretja oseba zaradi ali izhajajo iz va\u0161e kr\u0161itve teh Pogojev storitve ali dokumentov, ki jih vklju\u010dujejo s sklicevanjem, ali va\u0161e kr\u0161itve katerega koli zakona ali pravic tretje osebe.<\/p>\n<p><strong>ODDELEK 15 \u2013 NEODVISNOST<\/strong><\/p>\n<p>\u010ce se katera koli dolo\u010dba teh pogojev storitve \u0161teje za nezakonito, ni\u010dno ali neizvr\u0161ljivo, bo taka dolo\u010dba kljub temu izvr\u0161ljiva v najve\u010djem obsegu, ki ga dovoljuje veljavna zakonodaja, neizvr\u0161ljivi del pa se bo \u0161tel za lo\u010denega od teh pogojev storitve, tak\u0161na odlo\u010ditev pa ne bo vplivala na veljavnost in izvr\u0161ljivost preostalih dolo\u010db.<\/p>\n<p><strong>ODDELEK 16 \u2013 PREKINITEV POGODBE<\/strong><\/p>\n<p>Obveznosti in odgovornosti vpletenih strank pred datumom odpovedi ostanejo v veljavi tudi po odpovedi te pogodbe za vse namene.<\/p>\n<p>Ti pogoji storitve ostanejo v veljavi, razen \u010de jih prekli\u010dete vi ali mi. Te pogoje storitve lahko kadar koli prekli\u010dete tako, da nas obvestite, da ne \u017eelite ve\u010d uporabljati na\u0161ih storitev ali ko prenehate uporabljati na\u0161o spletno stran.<\/p>\n<p>\u010ce po lastni presoji kr\u0161ite katero koli dolo\u010dilo teh Pogojev storitve, lahko to pogodbo kadar koli prekinemo brez predhodnega obvestila in ostali boste odgovorni za vse zneske, ki so zapadli do datuma prekinitve; lahko vam tudi zavrnemo dostop do na\u0161ih Storitev (ali katerega koli njihovega dela).<\/p>\n<p><strong>ODDELEK 17 \u2013 CELOTEN SPORAZUM<\/strong><\/p>\n<p>\u010ce ne bomo uveljavili ali uveljavili katere koli pravice ali dolo\u010dbe teh Pogojev storitve, to ne bo povzro\u010dilo odpovedi taki pravici ali dolo\u010dbi.<\/p>\n<p>Ti pogoji storitve in vsi pravilniki ali pravila, ki jih objavimo na tem spletnem mestu ali so povezani s storitvijo, predstavljajo celoten sporazum med nami. Ti pogoji urejajo va\u0161o uporabo storitve in nadome\u0161\u010dajo vse predhodne ali poznej\u0161e sporazume, komunikacije in predloge, bodisi ustne bodisi pisne, med vami in nami (vklju\u010dno z, vendar ne omejeno na, vse prej\u0161nje razli\u010dice pogojev storitve).<\/p>\n<p>Kakr\u0161ne koli dvoumnosti pri razlagi teh pogojev storitve se ne smejo razlagati v \u0161kodo pripravljavca.<\/p>\n<p><strong>ODDELEK 18 \u2013 VELJAVNA ZAKONODAJA<\/strong><\/p>\n<p>Te Pogoje storitve in vse lo\u010dene pogodbe, v okviru katerih vam zagotavljamo Storitve, ureja in razlaga zakonodaja S\u00e3o Paula v Braziliji.<\/p>\n<p><strong>ODDELEK 19 \u2013 SPREMEMBE POGOJEV STORITVE<\/strong><\/p>\n<p>Najnovej\u0161o razli\u010dico pogojev storitve si lahko kadar koli ogledate na tej strani.<\/p>\n<p>Pridr\u017eujemo si pravico, da po lastni presoji posodobimo, spremenimo ali nadomestimo kateri koli del teh pogojev storitve z objavo posodobitev in sprememb na na\u0161i spletni strani.<\/p>\n<p>Va\u0161a odgovornost je, da redno preverjate spremembe na na\u0161i spletni strani, saj va\u0161a nadaljnja uporaba ali dostop do na\u0161e spletne strani ali storitve po objavi kakr\u0161nih koli sprememb teh pogojev storitve pomeni va\u0161e strinjanje s spremembami.<\/p>\n<p><strong>ODDELEK 20 \u2013 KONTAKTNI PODATKI<\/strong><\/p>\n<p>Vpra\u0161anja v zvezi s pogoji storitve nam po\u0161ljite na contato@techten.com.br.<\/p>","protected":false},"excerpt":{"rendered":"<p>TERMOS DE SERVI\u00c7O VIS\u00c3O GERAL Este site \u00e9 operado pela TechTen. Por isso, em todas as nossas p\u00e1ginas, os termos &#8220;n\u00f3s&#8221;, &#8220;nos&#8221; e &#8220;nosso&#8221; se referem \u00e0 TechTen. Al\u00e9m disso, todas as informa\u00e7\u00f5es, ferramentas e servi\u00e7os s\u00e3o disponibilizados neste site, para voc\u00ea, o usu\u00e1rio, mediante a sua concord\u00e2ncia com todos os termos, condi\u00e7\u00f5es, pol\u00edticas e [&hellip;]<\/p>","protected":false},"author":0,"featured_media":0,"parent":0,"menu_order":0,"comment_status":"closed","ping_status":"closed","template":"","meta":{"footnotes":""},"_links":{"self":[{"href":"https:\/\/techten.com.br\/sl\/wp-json\/wp\/v2\/pages\/6829"}],"collection":[{"href":"https:\/\/techten.com.br\/sl\/wp-json\/wp\/v2\/pages"}],"about":[{"href":"https:\/\/techten.com.br\/sl\/wp-json\/wp\/v2\/types\/page"}],"replies":[{"embeddable":true,"href":"https:\/\/techten.com.br\/sl\/wp-json\/wp\/v2\/comments?post=6829"}],"version-history":[{"count":0,"href":"https:\/\/techten.com.br\/sl\/wp-json\/wp\/v2\/pages\/6829\/revisions"}],"wp:attachment":[{"href":"https:\/\/techten.com.br\/sl\/wp-json\/wp\/v2\/media?parent=6829"}],"curies":[{"name":"wp","href":"https:\/\/api.w.org\/{rel}","templated":true}]}}