    {"id":16537,"date":"2021-11-19T10:45:11","date_gmt":"2021-11-19T13:45:11","guid":{"rendered":"http:\/\/techten.com.br\/?page_id=3"},"modified":"2021-11-19T10:45:11","modified_gmt":"2021-11-19T13:45:11","slug":"politica-de-privacidade","status":"publish","type":"page","link":"https:\/\/techten.com.br\/tr\/politica-de-privacidade\/","title":{"rendered":"Gizlilik Politikas\u0131"},"content":{"rendered":"<p>TechTen&#039;in politikas\u0131, TechTen web sitesinde ve sahip oldu\u011fumuz ve i\u015fletti\u011fimiz di\u011fer sitelerde sizden toplayabilece\u011fimiz her t\u00fcrl\u00fc bilgiye ili\u015fkin gizlili\u011finize sayg\u0131 duymakt\u0131r.<\/p>\n<p>Ki\u015fisel bilgilerinizi yaln\u0131zca size bir hizmet sunmak i\u00e7in ger\u00e7ekten gerekli oldu\u011funda talep ederiz. Ancak bunu, sizin bilginiz ve onay\u0131n\u0131zla, uygun ve yasal yollarla yapar\u0131z. Ayr\u0131ca, bilgileri neden toplad\u0131\u011f\u0131m\u0131z\u0131 ve nas\u0131l kullan\u0131laca\u011f\u0131n\u0131 da size bildiririz.<\/p>\n<p>Toplanan bilgileri yaln\u0131zca talep edilen hizmeti sa\u011flamak i\u00e7in gerekli s\u00fcre boyunca sakl\u0131yoruz. Veri depolama durumunda, kay\u0131p ve h\u0131rs\u0131zl\u0131\u011f\u0131, ayr\u0131ca yetkisiz eri\u015fimi, if\u015fay\u0131, kopyalamay\u0131, kullan\u0131m\u0131 veya de\u011fi\u015ftirmeyi \u00f6nlemek i\u00e7in ticari olarak kabul edilebilir y\u00f6ntemlerle koruyoruz.<\/p>\n<p>Kanunen zorunlu haller d\u0131\u015f\u0131nda, ki\u015fisel olarak tan\u0131mlanabilir bilgileri kamuya a\u00e7\u0131k olarak veya \u00fc\u00e7\u00fcnc\u00fc taraflarla payla\u015fm\u0131yoruz.<\/p>\n<p>Web sitemiz, bizim taraf\u0131m\u0131zdan y\u00f6netilmeyen harici web sitelerine ba\u011flant\u0131lar i\u00e7erebilir. Bu nedenle, bu web sitelerinin i\u00e7eri\u011fini ve uygulamalar\u0131n\u0131 izlemedi\u011fimizi ve dolay\u0131s\u0131yla ilgili gizlilik politikalar\u0131ndan sorumlu olmad\u0131\u011f\u0131m\u0131z\u0131 a\u00e7\u0131kl\u0131\u011fa kavu\u015ftururuz.<\/p>\n<p>Ki\u015fisel bilgilerinizi payla\u015fma talebimizi reddetme hakk\u0131na sahipsiniz; ancak bu durumda istedi\u011finiz baz\u0131 hizmetleri sa\u011flayamayabilece\u011fimizi de bilmelisiniz.<\/p>\n<p>Web sitemizi s\u0131k\u00e7a kullanman\u0131z, Gizlilik Bildirimi ve ki\u015fisel bilgilerle ilgili uygulamalar\u0131m\u0131z\u0131 kabul etti\u011finiz anlam\u0131na gelir. Ki\u015fisel bilgileri ve kullan\u0131c\u0131 verilerini nas\u0131l i\u015fledi\u011fimizle ilgili herhangi bir sorunuz varsa, l\u00fctfen bizimle ileti\u015fime ge\u00e7in.<\/p>\n<p><strong>TechTen \u00c7erez Politikas\u0131<\/strong><\/p>\n<p><strong>\u00c7erezler nedir?<\/strong><\/p>\n<p>\u00c7o\u011fu profesyonel web sitesinde oldu\u011fu gibi, bu site de kullan\u0131c\u0131 deneyiminizi iyile\u015ftirmek i\u00e7in bilgisayar\u0131n\u0131za indirilen k\u00fc\u00e7\u00fck dosyalar olan \u00e7erezleri kullanmaktad\u0131r.<\/p>\n<p>Bu sayfada hangi bilgileri toplad\u0131klar\u0131, bu bilgilerin nas\u0131l kullan\u0131ld\u0131\u011f\u0131 ve baz\u0131 durumlarda bu \u00e7erezlerin saklanmas\u0131n\u0131n neden gerekli oldu\u011fu a\u00e7\u0131klanmaktad\u0131r.<\/p>\n<p>Ayr\u0131ca bu \u00e7erezlerin saklanmas\u0131n\u0131 nas\u0131l engelleyebilece\u011finizi de a\u00e7\u0131klayaca\u011f\u0131z; ancak bu, sitenin baz\u0131 i\u015flevlerinin performans\u0131n\u0131 d\u00fc\u015f\u00fcrebilir veya &quot;bozabilir&quot;.<\/p>\n<p><strong>\u00c7erezler nas\u0131l kullan\u0131l\u0131r?<\/strong><\/p>\n<p>\u00c7erezler a\u015fa\u011f\u0131da a\u00e7\u0131klanan \u00e7e\u015fitli nedenlerle kullan\u0131lmaktad\u0131r.<\/p>\n<p>Maalesef, bir\u00e7ok durumda, \u00e7erezleri devre d\u0131\u015f\u0131 b\u0131rakman\u0131n, bu web sitesine ekledikleri i\u015flevselli\u011fi ve \u00f6zellikleri tamamen devre d\u0131\u015f\u0131 b\u0131rakmadan m\u00fcmk\u00fcn olan end\u00fcstri standard\u0131 bir alternatifi bulunmamaktad\u0131r.<\/p>\n<p>Bu nedenle, kulland\u0131\u011f\u0131n\u0131z bir hizmetin sa\u011flanmas\u0131 i\u00e7in \u00e7erezlerin kullan\u0131lmas\u0131 durumunda bunlara ihtiyac\u0131n\u0131z olup olmad\u0131\u011f\u0131ndan emin de\u011filseniz, \u00e7erezleri devre d\u0131\u015f\u0131 b\u0131rakmaman\u0131z\u0131 \u00f6neririz.<\/p>\n<p><strong>\u00c7erezleri devre d\u0131\u015f\u0131 b\u0131rakma<\/strong><\/p>\n<p>Taray\u0131c\u0131n\u0131z\u0131n ayarlar\u0131n\u0131 de\u011fi\u015ftirerek \u00e7erezlerin ayarlanmas\u0131n\u0131 durdurabilirsiniz (bunu nas\u0131l yapaca\u011f\u0131n\u0131z konusunda taray\u0131c\u0131n\u0131z\u0131n Yard\u0131m b\u00f6l\u00fcm\u00fcne bak\u0131n). Ancak, \u00e7erezleri devre d\u0131\u015f\u0131 b\u0131rakman\u0131n bu ve ziyaret etti\u011finiz di\u011fer bir\u00e7ok web sitesinin i\u015fleyi\u015fini etkileyece\u011fini unutmay\u0131n.<\/p>\n<p>\u00c7erezleri devre d\u0131\u015f\u0131 b\u0131rakmak, genellikle bu web sitesinin belirli i\u015flevlerini ve \u00f6zelliklerini devre d\u0131\u015f\u0131 b\u0131rakacakt\u0131r. Bu nedenle, \u00e7erezleri devre d\u0131\u015f\u0131 b\u0131rakmaman\u0131z\u0131 \u00f6neririz.<\/p>\n<p><strong>Ayarlad\u0131\u011f\u0131m\u0131z \u00e7erezler<\/strong><\/p>\n<ul>\n<li><strong>Hesapla ilgili \u00e7erezler<\/strong><\/li>\n<\/ul>\n<p>Web sitemizde bir hesap olu\u015fturursan\u0131z, kay\u0131t i\u015flemini ve genel y\u00f6netimi sa\u011flamak i\u00e7in \u00e7erezler kullan\u0131lacakt\u0131r.<\/p>\n<p>Bu \u00e7erezler genellikle sistemden \u00e7\u0131k\u0131\u015f yapt\u0131\u011f\u0131n\u0131zda silinir; ancak baz\u0131 durumlarda, site tercihlerinizi hat\u0131rlamak i\u00e7in sistemden ayr\u0131ld\u0131ktan sonra da kalabilirler.<\/p>\n<ul>\n<li><strong>Giri\u015fle ilgili \u00e7erezler<\/strong><\/li>\n<\/ul>\n<p>Web sitemize giri\u015f yapt\u0131\u011f\u0131n\u0131zda, bu i\u015flemi hat\u0131rlamak i\u00e7in \u00e7erezler kullan\u0131yoruz. Bu sayede yeni bir sayfay\u0131 her ziyaret etti\u011finizde tekrar giri\u015f yapman\u0131z gerekmez.<\/p>\n<p>Bu \u00e7erezler, yaln\u0131zca oturum a\u00e7t\u0131\u011f\u0131n\u0131zda k\u0131s\u0131tl\u0131 kaynaklara ve alanlara eri\u015febilmenizi sa\u011flamak i\u00e7in genellikle oturumunuzu kapatt\u0131\u011f\u0131n\u0131zda silinir veya temizlenir.<\/p>\n<ul>\n<li><strong>E-posta b\u00fcltenleriyle ilgili \u00e7erezler<\/strong><\/li>\n<\/ul>\n<p>Bu web sitesi, haber b\u00fclteni veya e-posta abonelik hizmetleri sunmaktad\u0131r ve bu durumlarda, zaten kay\u0131tl\u0131 olup olmad\u0131\u011f\u0131n\u0131z\u0131 ve yaln\u0131zca kay\u0131tl\u0131\/kay\u0131ts\u0131z kullan\u0131c\u0131lar i\u00e7in ge\u00e7erli olan belirli bildirimlerin g\u00f6sterilip g\u00f6sterilmeyece\u011fini hat\u0131rlamak i\u00e7in \u00e7erezler kullan\u0131labilir.<\/p>\n<ul>\n<li><strong>\u0130stek i\u015fleme ile ilgili \u00e7erezler<\/strong><\/li>\n<\/ul>\n<p>Bu web sitesi e-ticaret veya \u00f6deme olanaklar\u0131 sunmaktad\u0131r ve sipari\u015finizin sayfalar aras\u0131nda hat\u0131rlanabilmesi ve do\u011fru \u015fekilde i\u015flenebilmesi i\u00e7in baz\u0131 \u00e7erezler gereklidir.<\/p>\n<ul>\n<li><strong>Ara\u015ft\u0131rmayla ilgili \u00e7erezler<\/strong><\/li>\n<\/ul>\n<p>S\u0131kl\u0131kla anketler ve soru formlar\u0131 d\u00fczenleyerek ilgin\u00e7 bilgiler, faydal\u0131 ara\u00e7lar sunuyor veya kullan\u0131c\u0131 taban\u0131m\u0131z\u0131 daha iyi anl\u0131yoruz. Bu anketler, hangi kullan\u0131c\u0131lar\u0131n daha \u00f6nce ankete kat\u0131ld\u0131\u011f\u0131n\u0131 hat\u0131rlamak veya sayfa de\u011fi\u015fikliklerinden sonra do\u011fru sonu\u00e7lar sunmak i\u00e7in \u00e7erezler kullanabilir.<\/p>\n<ul>\n<li><strong>Formla ilgili \u00e7erezler<\/strong><\/li>\n<\/ul>\n<p>\u0130leti\u015fim sayfalar\u0131nda veya yorum formlar\u0131nda bulunanlar gibi bir form arac\u0131l\u0131\u011f\u0131yla verilerinizi g\u00f6nderdi\u011finizde, daha sonra ili\u015fkilendirme i\u00e7in belirli kullan\u0131c\u0131 ayr\u0131nt\u0131lar\u0131n\u0131 hat\u0131rlamak \u00fczere \u00e7erezler ayarlanabilir.<\/p>\n<ul>\n<li><strong>Site tercih \u00e7erezleri<\/strong><\/li>\n<\/ul>\n<p>Bu web sitesinde ola\u011fan\u00fcst\u00fc bir deneyim sunmak i\u00e7in, web sitesini kullan\u0131rken nas\u0131l sunulaca\u011f\u0131na ili\u015fkin tercihlerinizi belirleme i\u015flevi sa\u011fl\u0131yoruz. Tercihlerinizi hat\u0131rlamak i\u00e7in, bu bilgilerin tercihlerinizden etkilenen bir sayfayla etkile\u015fim kurdu\u011funuzda sunulabilmesi i\u00e7in \u00e7erezler ayarlamak gereklidir.<\/p>\n<ul>\n<li><strong>\u00dc\u00e7\u00fcnc\u00fc taraf \u00e7erezleri<\/strong><\/li>\n<\/ul>\n<p>\u0130stisnai durumlarda, g\u00fcvenilir \u00fc\u00e7\u00fcnc\u00fc taraflarca sa\u011flanan \u00e7erezleri de kullan\u0131yoruz. A\u015fa\u011f\u0131daki b\u00f6l\u00fcmde, bu web sitesi arac\u0131l\u0131\u011f\u0131yla kar\u015f\u0131la\u015fabilece\u011finiz \u00fc\u00e7\u00fcnc\u00fc taraf \u00e7erezleri a\u00e7\u0131klanmaktad\u0131r.<\/p>\n<ul>\n<li>Kullan\u0131c\u0131lar\u0131n siteyi nas\u0131l kulland\u0131\u011f\u0131n\u0131 anlamam\u0131za ve b\u00f6ylece deneyimlerini iyile\u015ftirmemize yard\u0131mc\u0131 olmak i\u00e7in web \u00fczerindeki en g\u00fcvenilir ve yayg\u0131n kullan\u0131lan analiz ara\u00e7lar\u0131ndan biri olan Google Analytics&#039;i kullan\u0131yoruz. Bu \u00e7erezler, sitede ne kadar zaman ge\u00e7irdi\u011finiz ve hangi sayfalara eri\u015fti\u011finizle ilgili unsurlar\u0131 izleyebilir, b\u00f6ylece ilgi \u00e7ekici i\u00e7erik \u00fcretmeye devam edebiliriz.<\/li>\n<\/ul>\n<p>Google Analytics \u00e7erezleri hakk\u0131nda daha fazla bilgi i\u00e7in l\u00fctfen resmi Google Analytics web sitesini ziyaret edin.<\/p>\n<ul>\n<li>Bu sitenin kullan\u0131m\u0131n\u0131 izlemek ve tahmin etmek i\u00e7in \u00fc\u00e7\u00fcnc\u00fc taraf te\u015fhis ara\u00e7lar\u0131 kullan\u0131lmaktad\u0131r, b\u00f6ylece ilgi \u00e7ekici i\u00e7erikler olu\u015fturmaya devam edebiliriz. Bu \u00e7erezler, sitede ge\u00e7irdi\u011finiz s\u00fcre veya eri\u015fti\u011finiz sayfalarla ilgili verileri toplayabilir ve bu da siteyi sizin i\u00e7in nas\u0131l geli\u015ftirebilece\u011fimizi anlamam\u0131za yard\u0131mc\u0131 olur.<\/li>\n<\/ul>\n<p>S\u0131k s\u0131k yeni \u00f6zellikler deniyoruz ve sitenin g\u00f6r\u00fcnt\u00fclenme \u015feklinde de\u011fi\u015fiklikler yap\u0131yoruz. Test a\u015famas\u0131nda, kullan\u0131c\u0131lar\u0131m\u0131z\u0131n hangi iyile\u015ftirmeleri en \u00e7ok be\u011fendi\u011fini anlayana kadar, kaliteli bir tarama deneyimi ya\u015faman\u0131z\u0131 sa\u011flamak i\u00e7in \u00e7erezler kullanabiliriz.<\/p>\n<p>\u00dcr\u00fcnlerimizi pazarlarken, web sitemizi ziyaret eden ve ger\u00e7ekten sat\u0131n alma i\u015flemi ger\u00e7ekle\u015ftiren ziyaret\u00e7i say\u0131s\u0131na ili\u015fkin istatistikleri takip etmemiz gerekiyor ve bu \u00e7erezler de bu t\u00fcr bilgileri takip edecek. Bu sizin i\u00e7in \u00f6nemlidir \u00e7\u00fcnk\u00fc reklam ve \u00fcr\u00fcn giderlerimizi \u00f6nceden tahmin edebilmemizi ve en uygun fiyat\u0131 sunabilmemizi sa\u011flar.<\/p>\n<p>Reklam yay\u0131nlamak i\u00e7in kulland\u0131\u011f\u0131m\u0131z Google AdSense hizmeti, web genelinde daha alakal\u0131 reklamlar g\u00f6stermek ve belirli bir reklam\u0131n size ka\u00e7 kez g\u00f6sterilece\u011fini belirlemek i\u00e7in DoubleClick \u00e7erezini kullan\u0131r. Google AdSense hakk\u0131nda daha fazla bilgi i\u00e7in l\u00fctfen resmi Google AdSense gizlilik SSS sayfas\u0131na bak\u0131n.<\/p>\n<p>Web sitemiz, i\u015fletme giderlerini kar\u015f\u0131lamak ve gelecekteki iyile\u015ftirmeler i\u00e7in fon sa\u011flamak amac\u0131yla reklam kullanmaktad\u0131r. Bu web sitesi taraf\u0131ndan kullan\u0131lan davran\u0131\u015fsal izleme \u00e7erezleri, tercihlerinizi anonim olarak izleyerek ve ilginizi \u00e7ekebilecek benzer i\u00e7erikleri sunarak, m\u00fcmk\u00fcn olan her durumda size en alakal\u0131 reklamlar\u0131 g\u00f6stermeyi ama\u00e7lamaktad\u0131r.<\/p>\n<p>Farkl\u0131 ortaklar\u0131m\u0131z bizim ad\u0131m\u0131za reklam veriyor ve ortakl\u0131k izleme \u00e7erezleri, kullan\u0131c\u0131lar\u0131m\u0131z\u0131n sitemize ortak sitelerimizden biri arac\u0131l\u0131\u011f\u0131yla eri\u015fip eri\u015fmedi\u011fini belirlememizi sa\u011fl\u0131yor; b\u00f6ylece onlar\u0131 uygun \u015fekilde \u00f6d\u00fcllendirebiliyor ve gerekti\u011finde ortakl\u0131k ortaklar\u0131m\u0131z\u0131n sizi sat\u0131n almaya te\u015fvik etmek i\u00e7in sunabilecekleri promosyonlar\u0131 sunmalar\u0131na olanak tan\u0131yoruz.<\/p>\n<p><strong>Kullan\u0131c\u0131 Taahh\u00fcd\u00fc<\/strong><\/p>\n<p>Kullan\u0131c\u0131, TechTen&#039;in web sitesinde sundu\u011fu i\u00e7erik ve bilgileri, a\u015fa\u011f\u0131dakiler de dahil ancak bunlarla s\u0131n\u0131rl\u0131 olmamak \u00fczere, uygun ve do\u011fru bir \u015fekilde kullanmay\u0131 kabul eder:<\/p>\n<p>A) Kanuna, iyi niyete ve kamu d\u00fczenine ayk\u0131r\u0131 say\u0131lan faaliyetlere m\u00fcdahale etmemek;<\/p>\n<p>B) Irk\u00e7\u0131 veya yabanc\u0131 d\u00fc\u015fmanl\u0131\u011f\u0131 i\u00e7eren kampanyalar\u0131 veya i\u00e7erikleri, her t\u00fcrl\u00fc yasad\u0131\u015f\u0131 pornografiyi veya ter\u00f6rizmi te\u015fvik eden veya insan haklar\u0131n\u0131 ihlal eden i\u00e7erikleri yaymamak;<\/p>\n<p>C) Bilgisayar vir\u00fcsleri veya yukar\u0131da belirtilen zarara neden olabilecek di\u011fer donan\u0131m veya yaz\u0131l\u0131m sistemlerini bula\u015ft\u0131rarak veya yayarak TechTen&#039;in, tedarik\u00e7ilerinin veya \u00fc\u00e7\u00fcnc\u00fc taraflar\u0131n fiziksel (donan\u0131m) ve mant\u0131ksal (yaz\u0131l\u0131m) sistemlerine zarar vermemek.<\/p>\n<p><strong>Daha fazla bilgi<\/strong><\/p>\n<p>Umar\u0131z bu a\u00e7\u0131k ve anla\u015f\u0131l\u0131r olmu\u015ftur ve daha \u00f6nce de belirtti\u011fimiz gibi, herhangi bir sorunuz varsa, g\u00fcvenli\u011finiz i\u00e7in \u00e7erezleri etkin b\u0131rakman\u0131z\u0131 \u00f6neririz; zira \u00e7erezler web sitemizde kulland\u0131\u011f\u0131n\u0131z \u00f6zelliklerden birini etkileyebilir.<\/p>","protected":false},"excerpt":{"rendered":"<p>\u00c9 pol\u00edtica do TechTen honrar a sua privacidade referente a qualquer informa\u00e7\u00e3o sua que possamos colher no site TechTen, e outros sites que possu\u00edmos e operamos. Solicitamos informa\u00e7\u00f5es pessoais apenas quando realmente necess\u00e1rio para lhe oferecer algum servi\u00e7o. No entanto, fazemo-lo por meios adequados e l\u00edcitos, com o seu conhecimento e concord\u00e2ncia. Tamb\u00e9m informamos o [&hellip;]<\/p>","protected":false},"author":0,"featured_media":0,"parent":0,"menu_order":0,"comment_status":"closed","ping_status":"closed","template":"","meta":{"footnotes":""},"_links":{"self":[{"href":"https:\/\/techten.com.br\/tr\/wp-json\/wp\/v2\/pages\/16537"}],"collection":[{"href":"https:\/\/techten.com.br\/tr\/wp-json\/wp\/v2\/pages"}],"about":[{"href":"https:\/\/techten.com.br\/tr\/wp-json\/wp\/v2\/types\/page"}],"replies":[{"embeddable":true,"href":"https:\/\/techten.com.br\/tr\/wp-json\/wp\/v2\/comments?post=16537"}],"version-history":[{"count":0,"href":"https:\/\/techten.com.br\/tr\/wp-json\/wp\/v2\/pages\/16537\/revisions"}],"wp:attachment":[{"href":"https:\/\/techten.com.br\/tr\/wp-json\/wp\/v2\/media?parent=16537"}],"curies":[{"name":"wp","href":"https:\/\/api.w.org\/{rel}","templated":true}]}}