    {"id":19,"date":"2021-11-19T14:39:45","date_gmt":"2021-11-19T17:39:45","guid":{"rendered":"https:\/\/techten.com.br\/?page_id=19"},"modified":"2021-11-19T14:39:45","modified_gmt":"2021-11-19T17:39:45","slug":"contato","status":"publish","type":"page","link":"https:\/\/techten.com.br\/tr\/contato\/","title":{"rendered":"Temas etmek"},"content":{"rendered":"<p>A\u015fa\u011f\u0131daki formu doldurarak veya \u015fu e-posta adresine e-posta g\u00f6ndererek bizimle ileti\u015fime ge\u00e7ebilirsiniz:<\/p>\n<p><strong style=\"font-family: helvetica, arial, sans-serif; font-size: 24pt; color: var(--g1-itxt-color); letter-spacing: 0px;\">contact@techten.com.br<\/strong><\/p>\n<p>Bizimle ileti\u015fime ge\u00e7ti\u011finiz i\u00e7in te\u015fekk\u00fcr ederiz! En k\u0131sa s\u00fcrede sizinle ileti\u015fime ge\u00e7ece\u011fiz.<\/p>","protected":false},"excerpt":{"rendered":"<p>Voc\u00ea pode entrar em contato conosco preenchendo o formul\u00e1rio abaixo ou enviando um E-mail para: contato@techten.com.br Agradecemos o seu contato! Em breve retornaremos a sua mensagem.<\/p>","protected":false},"author":0,"featured_media":0,"parent":0,"menu_order":0,"comment_status":"closed","ping_status":"closed","template":"","meta":{"footnotes":""},"_links":{"self":[{"href":"https:\/\/techten.com.br\/tr\/wp-json\/wp\/v2\/pages\/19"}],"collection":[{"href":"https:\/\/techten.com.br\/tr\/wp-json\/wp\/v2\/pages"}],"about":[{"href":"https:\/\/techten.com.br\/tr\/wp-json\/wp\/v2\/types\/page"}],"replies":[{"embeddable":true,"href":"https:\/\/techten.com.br\/tr\/wp-json\/wp\/v2\/comments?post=19"}],"version-history":[{"count":0,"href":"https:\/\/techten.com.br\/tr\/wp-json\/wp\/v2\/pages\/19\/revisions"}],"wp:attachment":[{"href":"https:\/\/techten.com.br\/tr\/wp-json\/wp\/v2\/media?parent=19"}],"curies":[{"name":"wp","href":"https:\/\/api.w.org\/{rel}","templated":true}]}}