    {"id":6815,"date":"2022-07-04T11:27:56","date_gmt":"2022-07-04T14:27:56","guid":{"rendered":"https:\/\/techten.com.br\/?page_id=6815"},"modified":"2022-07-04T11:27:56","modified_gmt":"2022-07-04T14:27:56","slug":"quem-somos","status":"publish","type":"page","link":"https:\/\/techten.com.br\/tr\/quem-somos\/","title":{"rendered":"Biz Kimiz"},"content":{"rendered":"<p>Ho\u015f geldiniz <strong>TechTen<\/strong>!<\/p>\n<p>Blogumuz, siz okurlar\u0131m\u0131za teknoloji, kredi kartlar\u0131, krediler ve daha bir\u00e7ok konuyla ilgili bilgi ve ipu\u00e7lar\u0131 sunmak amac\u0131yla olu\u015fturulmu\u015ftur.<\/p>\n<p>\u015eunu \u00f6zellikle vurguluyoruz ki <strong>TEKL\u0130F ETM\u0130YORUZ<\/strong> Bu \u00fcr\u00fcnler\/hizmetler hakk\u0131nda sadece g\u00fcnl\u00fck olarak incelemeler, haberler ve ilgin\u00e7 bilgiler i\u00e7eren makaleler yay\u0131nl\u0131yoruz.<\/p>\n<p>Ayr\u0131ca, <strong>TechTen ekibi talepte bulunmamaktad\u0131r.<\/strong> Yay\u0131nlar\u0131m\u0131zda belirtilen \u00fcr\u00fcn veya hizmetlerin sim\u00fclasyonu, onaylanmas\u0131 veya piyasaya s\u00fcr\u00fclmesi i\u00e7in para yat\u0131rma, havale veya \u00f6deme yap\u0131lmas\u0131 \u015fart de\u011fildir.<\/p>\n<p>Web sitemizin geli\u015ftirilmesi i\u00e7in g\u00f6r\u00fc\u015flerinizi \u00e7ok \u00f6nemli buluyoruz, bu nedenle herhangi bir sorunuz, \u00f6neriniz veya \u015fikayetiniz varsa l\u00fctfen bizimle e-posta yoluyla ileti\u015fime ge\u00e7in: <strong><a href=\"mailto:contato@vmvnews.com.br\">contact@vmvnews.com.br<\/a><\/strong> veya a\u015fa\u011f\u0131da verilen formu doldurun.<\/p>\n<p><a href=\"https:\/\/techten.com.br\/tr\/contato\/\">Bize bir mesaj g\u00f6nderin<\/a>.<\/p>\n<p>&nbsp;Tak\u0131m&nbsp;<strong style=\"font-size: 14pt; color: var( --e-global-color-text );\">TechTen<\/strong>&nbsp;Ziyaretiniz i\u00e7in te\u015fekk\u00fcr ederiz!<\/p>\n<p>Kocaman bir kucaklama.<\/p>","protected":false},"excerpt":{"rendered":"<p>Bem-Vindo(a) ao TechTen! Nosso blog foi criado para trazer a voc\u00ea, leitor(a), informa\u00e7\u00f5es e dicas sobre conte\u00fados relacionados a tecnologia, cart\u00f5es de cr\u00e9dito, empr\u00e9stimos e muito mais. Ressaltamos que N\u00c3O OFERECEMOS esses produtos\/servi\u00e7os. Apenas publicamos diariamente artigos com an\u00e1lises, not\u00edcias e curiosidades sobre eles. Al\u00e9m disso, a Equipe TechTen N\u00c3O SOLICITA dep\u00f3sitos, transfer\u00eancias ou pagamentos, [&hellip;]<\/p>","protected":false},"author":0,"featured_media":0,"parent":0,"menu_order":0,"comment_status":"closed","ping_status":"closed","template":"","meta":{"footnotes":""},"_links":{"self":[{"href":"https:\/\/techten.com.br\/tr\/wp-json\/wp\/v2\/pages\/6815"}],"collection":[{"href":"https:\/\/techten.com.br\/tr\/wp-json\/wp\/v2\/pages"}],"about":[{"href":"https:\/\/techten.com.br\/tr\/wp-json\/wp\/v2\/types\/page"}],"replies":[{"embeddable":true,"href":"https:\/\/techten.com.br\/tr\/wp-json\/wp\/v2\/comments?post=6815"}],"version-history":[{"count":0,"href":"https:\/\/techten.com.br\/tr\/wp-json\/wp\/v2\/pages\/6815\/revisions"}],"wp:attachment":[{"href":"https:\/\/techten.com.br\/tr\/wp-json\/wp\/v2\/media?parent=6815"}],"curies":[{"name":"wp","href":"https:\/\/api.w.org\/{rel}","templated":true}]}}